
{"id":52888,"date":"2023-02-20T14:15:27","date_gmt":"2023-02-20T13:15:27","guid":{"rendered":"https:\/\/stonehouse.se\/?post_type=product&#038;p=52888"},"modified":"2026-03-04T14:43:53","modified_gmt":"2026-03-04T13:43:53","slug":"optex-flx-a-dam-x-pir-detector","status":"publish","type":"product","link":"https:\/\/stonehouse.se\/en\/product\/optex-flx-a-dam-x-pir-detector\/","title":{"rendered":"Optex FLX-A-DAM-X5 Antimask 15m 85 grader eller 24 meter l\u00e5ngstr\u00e5lande"},"content":{"rendered":"<h1>Optex FLX-A-DAM-X5 \u00e4r en kvalitetsdetektor fr\u00e5n marknadsledande Optex, som ers\u00e4tter den tidigare CDX-DAM modellen och erbjuder en mer avancerad och p\u00e5litlig l\u00f6sning f\u00f6r inomhusdetektering.<\/h1>\n<p>Denna detektor kombinerar PIR (passiv infrar\u00f6d) och mikrov\u00e5gsteknologi f\u00f6r att s\u00e4kerst\u00e4lla en mer exakt och s\u00e4ker detektering med en l\u00e4gre risk f\u00f6r falsklarm.<\/p>\n<p>Med en detektionskapacitet som kan anpassas till olika behov och en mycket l\u00e5g falsklarmben\u00e4genhet, \u00e4r FLX-A-DAM-X5 det sj\u00e4lvklara valet f\u00f6r b\u00e5de bost\u00e4der och offentliga milj\u00f6er.<\/p>\n<p>Detektorn \u00e4r SBSC-godk\u00e4nd i larmklass 3, vilket inneb\u00e4r att den uppfyller strikta s\u00e4kerhetsstandarder och \u00e4r certifierad f\u00f6r anv\u00e4ndning i professionella s\u00e4kerhetssystem.<\/p>\n<p>Dessutom \u00e4r FLX-A-DAM-X5 immun mot mindre husdjur, vilket g\u00f6r den s\u00e4rskilt anv\u00e4ndbar i milj\u00f6er d\u00e4r sm\u00e5 djur finns n\u00e4rvarande.<\/p>\n<p>En av de mest anm\u00e4rkningsv\u00e4rda funktionerna i FLX-A-DAM-X5 \u00e4r den v\u00e4ndbara linsen, vilket g\u00f6r att du kan justera detekteringsomr\u00e5det f\u00f6r att passa specifika installationskrav.<\/p>\n<p>Den erbjuder tv\u00e5 val av detekteringsm\u00f6nster: ett bredstr\u00e5lande m\u00f6nster p\u00e5 15 x 15 meter, vilket \u00e4r f\u00f6rvalt och perfekt f\u00f6r stora, \u00f6ppna ytor, och ett l\u00e5ngstr\u00e5lande m\u00f6nster p\u00e5 24 x 2 meter som \u00e4r utm\u00e4rkt f\u00f6r att t\u00e4cka smalare passager eller f\u00f6nster.<\/p>\n<p>Vid anv\u00e4ndning av det l\u00e5ngstr\u00e5lande m\u00f6nstret kopplas mikrov\u00e5gsfunktionen bort, vilket g\u00f6r det till en m\u00e5ngsidig l\u00f6sning f\u00f6r olika typer av installationsomr\u00e5den.<\/p>\n<p>FLX-A-DAM-X5 \u00e4r ocks\u00e5 utrustad med en digital signalprocessor och en ny design av PIR-elementet.<\/p>\n<p>Detta g\u00f6r det m\u00f6jligt f\u00f6r detektorn att uppt\u00e4cka r\u00f6relse p\u00e5 ett mer precist s\u00e4tt och s\u00e4kerst\u00e4lla att alla delar av bevakningsomr\u00e5det t\u00e4cks p\u00e5 ett tillf\u00f6rlitligt s\u00e4tt.<\/p>\n<p>Den sf\u00e4riska linsen f\u00f6rb\u00e4ttrar \u00e4ven detektionens t\u00e4ckning och noggrannhet.<\/p>\n<p>F\u00f6r att s\u00e4kerst\u00e4lla en l\u00e5ng livsl\u00e4ngd och p\u00e5litlighet har detektorn \u00e4ven ett maskeringsskydd som g\u00f6r den till ett bra val f\u00f6r offentliga lokaler, d\u00e4r risken f\u00f6r sabotage \u00e4r h\u00f6gre.<\/p>\n<p>Dessutom skyddar en multidimensionell analys (SMDA) och dubbelledande avsk\u00e4rmning detektorn fr\u00e5n yttre st\u00f6rningar som kan p\u00e5verka dess prestanda.<\/p>\n<p>Denna detektor \u00e4r designad f\u00f6r enkel installation och har en smidig mekanism d\u00e4r kopplingsplintarna tas enkelt ur detektorn f\u00f6r att f\u00f6renkla kablage och anslutning.<\/p>\n<p>Installationen sker vanligtvis p\u00e5 en h\u00f6jd av mellan 2 och 3 meter, vilket \u00e4r den rekommenderade installationsh\u00f6jden f\u00f6r b\u00e4sta resultat.<\/p>\n<p>FLX-A-DAM-X5 har \u00e4ven en modern och h\u00e5llbar design, tillverkad av akrylnitrilplast som g\u00f6r den resistent mot UV-ljus och f\u00f6rhindrar att den gulnar med tiden.<\/p>\n<p>Detta g\u00f6r att den beh\u00e5ller sitt estetiska utseende \u00e4ven i utsatta milj\u00f6er.<\/p>\n<p>Sammanfattningsvis \u00e4r Optex FLX-A-DAM-X5 en h\u00f6gkvalitativ, flexibel och p\u00e5litlig detektor som kombinerar den senaste teknologin f\u00f6r att s\u00e4kerst\u00e4lla effektiv och s\u00e4ker \u00f6vervakning i b\u00e5de privata och kommersiella fastigheter.<\/p>\n<p>Den \u00e4r enkel att installera, har l\u00e5g falsklarmben\u00e4genhet, och erbjuder anpassade detekteringsalternativ f\u00f6r olika milj\u00f6er.<\/p>\n<p><strong>Tekniska Specifikationer:<\/strong><\/p>\n<ul>\n<li><strong>Typ av Detektor:<\/strong> Kombinationsdetektor (PIR + Mikrov\u00e5g)<\/li>\n<li><strong>Detektionsomr\u00e5de:<\/strong> 15 x 15 m (bredstr\u00e5lande) eller 24 x 2 m (l\u00e5ngstr\u00e5lande)<\/li>\n<li><strong>Immun mot husdjur:<\/strong> Ja, f\u00f6r sm\u00e5 husdjur<\/li>\n<li><strong>Maskeringsskydd:<\/strong> Ja<\/li>\n<li><strong>Signalprocessor:<\/strong> Digital<\/li>\n<li><strong>Installationsh\u00f6jd:<\/strong> 2\u20133 meter<\/li>\n<li><strong>Str\u00f6mf\u00f6rs\u00f6rjning:<\/strong> 12 V DC<\/li>\n<li><strong>Skyddsklass:<\/strong> IP50<\/li>\n<li><strong>Temperaturintervall:<\/strong> -20\u00b0C till +45\u00b0C<\/li>\n<li><strong>Certifiering:<\/strong> SBSC godk\u00e4nd i LK 3<\/li>\n<li><strong>Material:<\/strong> Akrylnitrilplast<\/li>\n<li><strong>M\u00e5tt:<\/strong> 160 x 62 x 59 mm<\/li>\n<li><strong>Weight:<\/strong> 200 g<\/li>\n<\/ul>","protected":false},"excerpt":{"rendered":"<p>Optex FLX-A-DAM-X5 \u00e4r en SBSC godk\u00e4nd PIR och mikrov\u00e5gsdetektor f\u00f6r inomhusbruk, immun mot husdjur och med justerbara detekteringsomr\u00e5den.<\/p>\n<p>Med maskeringsskydd och l\u00e5g falsklarmsben\u00e4genhet \u00e4r detektorn idealisk f\u00f6r b\u00e5de bost\u00e4der och offentliga lokaler.<\/p>","protected":false},"featured_media":82223,"template":"","meta":{"_acf_changed":false},"product_brand":[],"product_cat":[2634,2615],"product_tag":[2367,1459,1846],"class_list":{"0":"post-52888","1":"product","2":"type-product","3":"status-publish","4":"has-post-thumbnail","6":"product_cat-detektorer-larm","7":"product_cat-rorelse-detektorer","8":"product_tag-egen-logo-ej-taggar-kort","9":"product_tag-rorelsedetektor-ir-detektorer","10":"product_tag-sbsc-larmklass3","11":"product_shipping_class-postnord-varubrev","12":"pa_brands-optex","13":"tm-no-options","15":"first","16":"instock","17":"sale","18":"featured","19":"taxable","20":"shipping-taxable","21":"product-type-simple"},"acf":[],"_links":{"self":[{"href":"https:\/\/stonehouse.se\/en\/wp-json\/wp\/v2\/product\/52888","targetHints":{"allow":["GET"]}}],"collection":[{"href":"https:\/\/stonehouse.se\/en\/wp-json\/wp\/v2\/product"}],"about":[{"href":"https:\/\/stonehouse.se\/en\/wp-json\/wp\/v2\/types\/product"}],"wp:featuredmedia":[{"embeddable":true,"href":"https:\/\/stonehouse.se\/en\/wp-json\/wp\/v2\/media\/82223"}],"wp:attachment":[{"href":"https:\/\/stonehouse.se\/en\/wp-json\/wp\/v2\/media?parent=52888"}],"wp:term":[{"taxonomy":"product_brand","embeddable":true,"href":"https:\/\/stonehouse.se\/en\/wp-json\/wp\/v2\/product_brand?post=52888"},{"taxonomy":"product_cat","embeddable":true,"href":"https:\/\/stonehouse.se\/en\/wp-json\/wp\/v2\/product_cat?post=52888"},{"taxonomy":"product_tag","embeddable":true,"href":"https:\/\/stonehouse.se\/en\/wp-json\/wp\/v2\/product_tag?post=52888"}],"curies":[{"name":"wp","href":"https:\/\/api.w.org\/{rel}","templated":true}]}}