
{"id":52894,"date":"2023-02-20T14:28:55","date_gmt":"2023-02-20T13:28:55","guid":{"rendered":"https:\/\/stonehouse.se\/?post_type=product&#038;p=52894"},"modified":"2026-04-01T13:11:41","modified_gmt":"2026-04-01T11:11:41","slug":"optex-flx-s-st-flipx-standard-indoor-pir","status":"publish","type":"product","link":"https:\/\/stonehouse.se\/en\/product\/optex-flx-s-st-flipx-standard-indoor-pir\/","title":{"rendered":"Optex FLX-S-ST FlipX Standard Indoor PIR Sensor with Rotatable Lens"},"content":{"rendered":"<h1>Optex FLX-S-ST FlipX Standard PIR-sensor \u00e4r den senaste produkten fr\u00e5n Optex som erbjuder avancerad teknik f\u00f6r inomhusbruk.<\/h1>\n<p>Utrustad med en roterbar lins ger denna PIR-sensor m\u00f6jligheten att v\u00e4xla mellan bred och smal detektering.<\/p>\n<p>Med bred detektering p\u00e5 upp till 12 meter och smal detektering p\u00e5 upp till 18 meter, ger sensorn en flexibel l\u00f6sning f\u00f6r olika s\u00e4kerhetsbehov.<\/p>\n<p>En av de mest anm\u00e4rkningsv\u00e4rda funktionerna i FLX-S-ST \u00e4r dess anv\u00e4ndning av en ny pyroelektrisk sensor och m\u00e4nskligt f\u00e5ngstelement.<\/p>\n<p>Detta g\u00f6r sensorn mycket exakt i att detektera r\u00f6relse, och den \u00e4r ocks\u00e5 utrustad med en f\u00f6rb\u00e4ttrad signalbearbetningsteknik som minskar risken f\u00f6r falska larm.<\/p>\n<p>Den digitala signalprocessorn och den sf\u00e4riska linsen optimerar detekteringen \u00f6ver hela bevakningsomr\u00e5det.<\/p>\n<p>Med en justerbar k\u00e4nslighet och m\u00f6jlighet att placera sensorn mellan 2.0 till 3.0 meters h\u00f6jd, passar FLX-S-ST perfekt f\u00f6r b\u00e5de bost\u00e4der och mindre kommersiella fastigheter.<\/p>\n<p>Dessutom erbjuder den en h\u00f6g husdjurtolerans, vilket g\u00f6r den l\u00e4mplig f\u00f6r milj\u00f6er med husdjur.<\/p>\n<p>FLX-S-ST:s robusta design och l\u00e4mpliga funktioner g\u00f6r den till en p\u00e5litlig l\u00f6sning f\u00f6r att s\u00e4kerst\u00e4lla en s\u00e4ker och bekv\u00e4m \u00f6vervakning i b\u00e5de hem och sm\u00e5 f\u00f6retag.<\/p>\n<p>F\u00f6rutom dess p\u00e5litliga funktionalitet \u00e4r den l\u00e4tt att installera med den medf\u00f6ljande LED-indikatorn f\u00f6r enkel fels\u00f6kning och installation.<\/p>","protected":false},"excerpt":{"rendered":"<p>Optex FLX-S-ST \u00e4r en h\u00f6gpresterande inomhus PIR-sensor med en roterbar lins.<\/p>\n<p>Den erbjuder b\u00e5de bred och smal detektering, perfekt f\u00f6r bost\u00e4der och l\u00e4gre kommersiella applikationer.<\/p>\n<p>Med en innovativ pyroelektrisk sensor och m\u00e4nsklig f\u00e5ngstelement, s\u00e4kerst\u00e4ller den p\u00e5litlig och exakt detektering.<\/p>","protected":false},"featured_media":82342,"template":"","meta":{"_acf_changed":false},"product_brand":[],"product_cat":[2634,2615],"product_tag":[2367,1459,1848],"class_list":{"0":"post-52894","1":"product","2":"type-product","3":"status-publish","4":"has-post-thumbnail","6":"product_cat-detektorer-larm","7":"product_cat-rorelse-detektorer","8":"product_tag-egen-logo-ej-taggar-kort","9":"product_tag-rorelsedetektor-ir-detektorer","10":"product_tag-sbsc-larmklass2","11":"product_shipping_class-postnord-varubrev","12":"pa_brands-optex","13":"tm-no-options","15":"first","16":"instock","17":"sale","18":"featured","19":"taxable","20":"shipping-taxable","21":"product-type-simple"},"acf":[],"_links":{"self":[{"href":"https:\/\/stonehouse.se\/en\/wp-json\/wp\/v2\/product\/52894","targetHints":{"allow":["GET"]}}],"collection":[{"href":"https:\/\/stonehouse.se\/en\/wp-json\/wp\/v2\/product"}],"about":[{"href":"https:\/\/stonehouse.se\/en\/wp-json\/wp\/v2\/types\/product"}],"wp:featuredmedia":[{"embeddable":true,"href":"https:\/\/stonehouse.se\/en\/wp-json\/wp\/v2\/media\/82342"}],"wp:attachment":[{"href":"https:\/\/stonehouse.se\/en\/wp-json\/wp\/v2\/media?parent=52894"}],"wp:term":[{"taxonomy":"product_brand","embeddable":true,"href":"https:\/\/stonehouse.se\/en\/wp-json\/wp\/v2\/product_brand?post=52894"},{"taxonomy":"product_cat","embeddable":true,"href":"https:\/\/stonehouse.se\/en\/wp-json\/wp\/v2\/product_cat?post=52894"},{"taxonomy":"product_tag","embeddable":true,"href":"https:\/\/stonehouse.se\/en\/wp-json\/wp\/v2\/product_tag?post=52894"}],"curies":[{"name":"wp","href":"https:\/\/api.w.org\/{rel}","templated":true}]}}