
{"id":53931,"date":"2023-03-17T09:35:23","date_gmt":"2023-03-17T08:35:23","guid":{"rendered":"https:\/\/stonehouse.se\/?post_type=product&#038;p=53931"},"modified":"2026-01-12T13:13:55","modified_gmt":"2026-01-12T12:13:55","slug":"safetron-elslutbleck-es22-vanster","status":"publish","type":"product","link":"https:\/\/stonehouse.se\/en\/product\/safetron-elslutbleck-es22-vanster\/","title":{"rendered":"Safetron Elslutbleck ES22 v\u00e4nster"},"content":{"rendered":"<p>SAFETRON ES22 V f\u00f6r v\u00e4nsterh\u00e4ngda d\u00f6rrar \u00e4r ett elslutbleck av typen standard med tv\u00e5 vridfall. De dubbla vridfallen m\u00f6jligg\u00f6r separat l\u00e5sning av tryckesfall och cylinderfall i l\u00e5shus med dubbelfall.<\/p>\n<p>Denna konstruktion ger en l\u00f6sning p\u00e5 komplicerade d\u00f6rrmilj\u00f6er d\u00e4r krav p\u00e5 d\u00f6rrautomatik, brandigenh\u00e5llning, n\u00f6d- och \u00e5terinrymning f\u00f6religger samtidigt. Genom att kombinera r\u00e4ttv\u00e4nd och omv\u00e4nd funktion i de dubbla vridfallen kan brandigenh\u00e5llning tillgodoses via trycket samtidigt som \u00e5terinrymning hanteras via brandlarm.<\/p>\n<p>Certifierat och CE-m\u00e4rkt f\u00f6r anv\u00e4ndning i brandcellsgr\u00e4nser h\u00f6gst brandteknisk klass 120 min.<\/p>\n<p>SAFETRON ES22 har en unik egenutvecklad listtrycksteknik vilket inneb\u00e4r att l\u00e5set \u00f6ppnar trots att tryck mot d\u00f6rren f\u00f6religger. Listtryck \u00e4r ett normalt f\u00f6rekommande fenomen ofta orsakat av exempelvis \u00f6vertryck i fastigheten, skeva d\u00f6rrar eller att sn\u00f6\/grus hamnat i d\u00f6rrspringan. ES22 eliminerar dessa problem och f\u00f6rhindrar on\u00f6diga driftstopp.<\/p>\n<p>SAFETRON ES22 \u00e4r utrustad med dubbla kolvkontakter men har ocks\u00e5 en inbyggda sensorer som indikerar att vridfallen \u00e4r f\u00f6rreglade. Signal p\u00e5 plint ges f\u00f6rst n\u00e4r kolvkontakt \u00e4r p\u00e5verkad samtidigt som vridfallet \u00e4r mekaniskt f\u00f6rreglad.<\/p>\n<p>\u2022 F\u00f6r v\u00e4nsterh\u00e4ngda d\u00f6rrar<\/p>\n<p>\u2022 Brandgodk\u00e4nt: 120 min<\/p>\n<p>\u2022 Listtryck: \u00d6ver 100 kg<\/p>\n<p>\u2022 H\u00e5llkraft: Upp till 1500 kg \/ 15kN<\/p>\n<p>\u2022 R\u00e4ttv\u00e4nd och omv\u00e4nd funktion<\/p>\n<p>\u2022 Kolvkontakt (ankarkontakt)<\/p>\n<p>\u2022 Passar dubbelfall\u00e5shus enligt skandinavisk standard<\/p>\n<p>\u2022 Sp\u00e4nning: 12-24VDC<\/p>\n<p>\u2022 Str\u00f6mf\u00f6rbrukning: 35mA \/ vridfall<\/p>\n<p>\u2022 Inbyggd skyddsdiod<\/p>","protected":false},"excerpt":{"rendered":"<p>SAFETRON ES22 V f\u00f6r v\u00e4nsterh\u00e4ngda d\u00f6rrar \u00e4r ett elslutbleck av typen standard med tv\u00e5 vridfall. De dubbla vridfallen m\u00f6jligg\u00f6r separat<\/p>","protected":false},"featured_media":82806,"template":"","meta":{"_acf_changed":false},"product_brand":[],"product_cat":[447],"product_tag":[1796,1797,3727,2236],"class_list":{"0":"post-53931","1":"product","2":"type-product","3":"status-publish","4":"has-post-thumbnail","6":"product_cat-las-tillbehor-safetron","7":"product_tag-rel-sa","8":"product_tag-rel-safetron-elslutbleck","9":"product_tag-safetron-20","10":"product_tag-safetron-elslutbleck-es22","11":"product_shipping_class-tunga-paket","12":"pa_brands-7safetron","13":"tm-no-options","15":"first","16":"instock","17":"sale","18":"featured","19":"taxable","20":"shipping-taxable","21":"product-type-simple"},"acf":[],"_links":{"self":[{"href":"https:\/\/stonehouse.se\/en\/wp-json\/wp\/v2\/product\/53931","targetHints":{"allow":["GET"]}}],"collection":[{"href":"https:\/\/stonehouse.se\/en\/wp-json\/wp\/v2\/product"}],"about":[{"href":"https:\/\/stonehouse.se\/en\/wp-json\/wp\/v2\/types\/product"}],"wp:featuredmedia":[{"embeddable":true,"href":"https:\/\/stonehouse.se\/en\/wp-json\/wp\/v2\/media\/82806"}],"wp:attachment":[{"href":"https:\/\/stonehouse.se\/en\/wp-json\/wp\/v2\/media?parent=53931"}],"wp:term":[{"taxonomy":"product_brand","embeddable":true,"href":"https:\/\/stonehouse.se\/en\/wp-json\/wp\/v2\/product_brand?post=53931"},{"taxonomy":"product_cat","embeddable":true,"href":"https:\/\/stonehouse.se\/en\/wp-json\/wp\/v2\/product_cat?post=53931"},{"taxonomy":"product_tag","embeddable":true,"href":"https:\/\/stonehouse.se\/en\/wp-json\/wp\/v2\/product_tag?post=53931"}],"curies":[{"name":"wp","href":"https:\/\/api.w.org\/{rel}","templated":true}]}}