
{"id":54019,"date":"2023-03-20T10:51:50","date_gmt":"2023-03-20T09:51:50","guid":{"rendered":"https:\/\/stonehouse.se\/produkt\/monteringsstolpe-sc31v-17\/"},"modified":"2026-01-12T13:15:49","modified_gmt":"2026-01-12T12:15:49","slug":"monteringsstolpe-sc31v-17","status":"publish","type":"product","link":"https:\/\/stonehouse.se\/en\/product\/monteringsstolpe-sc31v-17\/","title":{"rendered":"Safetron Monteringsstolpe SC31V-17"},"content":{"rendered":"<p>Plan monteringsstolpe i rostfritt st\u00e5l f\u00f6r SAFETRON elslutbleck ES22. Anpassad f\u00f6r tr\u00e4- och metallkarmar, anv\u00e4nds tillsammans med dubbelfall\u00e5s av typen connect\/evolution eller modul.<\/p>\n<p>\u2022 Motsvarande ST9503V<\/p>\n<p>\u2022 Pl\u00f6sm\u00e5tt: 17 mm<\/p>\n<p>\u2022 M\u00e5tt: (hxb) 245&#215;42 mm<\/p>","protected":false},"excerpt":{"rendered":"<p>Plan monteringsstolpe i rostfritt st\u00e5l f\u00f6r SAFETRON elslutbleck ES22. Anpassad f\u00f6r tr\u00e4- och metallkarmar, anv\u00e4nds tillsammans med dubbelfall\u00e5s av typen<\/p>","protected":false},"featured_media":82194,"template":"","meta":{"_acf_changed":false},"product_brand":[],"product_cat":[447],"product_tag":[1799,3727],"class_list":{"0":"post-54019","1":"product","2":"type-product","3":"status-publish","4":"has-post-thumbnail","6":"product_cat-las-tillbehor-safetron","7":"product_tag-safetron-montagestolpar-es22-sc","8":"product_tag-safetron-20","9":"product_shipping_class-tunga-paket","10":"pa_brands-7safetron","11":"tm-no-options","13":"first","14":"instock","15":"sale","16":"featured","17":"taxable","18":"shipping-taxable","19":"product-type-simple"},"acf":[],"_links":{"self":[{"href":"https:\/\/stonehouse.se\/en\/wp-json\/wp\/v2\/product\/54019","targetHints":{"allow":["GET"]}}],"collection":[{"href":"https:\/\/stonehouse.se\/en\/wp-json\/wp\/v2\/product"}],"about":[{"href":"https:\/\/stonehouse.se\/en\/wp-json\/wp\/v2\/types\/product"}],"wp:featuredmedia":[{"embeddable":true,"href":"https:\/\/stonehouse.se\/en\/wp-json\/wp\/v2\/media\/82194"}],"wp:attachment":[{"href":"https:\/\/stonehouse.se\/en\/wp-json\/wp\/v2\/media?parent=54019"}],"wp:term":[{"taxonomy":"product_brand","embeddable":true,"href":"https:\/\/stonehouse.se\/en\/wp-json\/wp\/v2\/product_brand?post=54019"},{"taxonomy":"product_cat","embeddable":true,"href":"https:\/\/stonehouse.se\/en\/wp-json\/wp\/v2\/product_cat?post=54019"},{"taxonomy":"product_tag","embeddable":true,"href":"https:\/\/stonehouse.se\/en\/wp-json\/wp\/v2\/product_tag?post=54019"}],"curies":[{"name":"wp","href":"https:\/\/api.w.org\/{rel}","templated":true}]}}