
{"id":54051,"date":"2023-03-20T11:58:48","date_gmt":"2023-03-20T10:58:48","guid":{"rendered":"https:\/\/stonehouse.se\/produkt\/monteringsstolpe-sa602h-15\/"},"modified":"2026-01-12T13:19:33","modified_gmt":"2026-01-12T12:19:33","slug":"monteringsstolpe-sa602h-15","status":"publish","type":"product","link":"https:\/\/stonehouse.se\/en\/product\/monteringsstolpe-sa602h-15\/","title":{"rendered":"Safetron Monteringsstolpe SA602H-15"},"content":{"rendered":"<p>Vinklad monteringsstolpe i rostfritt st\u00e5l f\u00f6r SAFETRON elslutbleck ES17 \/ ES19 anpassad f\u00f6r tr\u00e4- och metallkarmar. Anv\u00e4nds tillsammans med eltryckesl\u00e5s SAFETRON SL620 eller ABLOY EL580.<\/p>\n<p>\u2022 F\u00f6r anv\u00e4ndning med eltryckesl\u00e5s<br \/>\n<br \/>\n\u2022 F\u00f6r h\u00f6gerh\u00e4ngd d\u00f6rr<br \/>\n<br \/>\n\u2022 Pl\u00f6sm\u00e5tt: 15 mm<br \/>\n<br \/>\n\u2022 M\u00e5tt: (hxbxd) 245x40x15 mm<\/p>","protected":false},"excerpt":{"rendered":"<p>Vinklad monteringsstolpe i rostfritt st\u00e5l f\u00f6r SAFETRON elslutbleck ES17 \/ ES19 anpassad f\u00f6r tr\u00e4- och metallkarmar. Anv\u00e4nds tillsammans med eltryckesl\u00e5s<\/p>","protected":false},"featured_media":82161,"template":"","meta":{"_acf_changed":false},"product_brand":[],"product_cat":[447],"product_tag":[1798,3727],"class_list":{"0":"post-54051","1":"product","2":"type-product","3":"status-publish","4":"has-post-thumbnail","6":"product_cat-las-tillbehor-safetron","7":"product_tag-safetron-montagestolpar-es17-es19-sa-modell","8":"product_tag-safetron-20","9":"product_shipping_class-tunga-paket","10":"pa_brands-7safetron","11":"tm-no-options","13":"first","14":"instock","15":"sale","16":"featured","17":"taxable","18":"shipping-taxable","19":"product-type-simple"},"acf":[],"_links":{"self":[{"href":"https:\/\/stonehouse.se\/en\/wp-json\/wp\/v2\/product\/54051","targetHints":{"allow":["GET"]}}],"collection":[{"href":"https:\/\/stonehouse.se\/en\/wp-json\/wp\/v2\/product"}],"about":[{"href":"https:\/\/stonehouse.se\/en\/wp-json\/wp\/v2\/types\/product"}],"wp:featuredmedia":[{"embeddable":true,"href":"https:\/\/stonehouse.se\/en\/wp-json\/wp\/v2\/media\/82161"}],"wp:attachment":[{"href":"https:\/\/stonehouse.se\/en\/wp-json\/wp\/v2\/media?parent=54051"}],"wp:term":[{"taxonomy":"product_brand","embeddable":true,"href":"https:\/\/stonehouse.se\/en\/wp-json\/wp\/v2\/product_brand?post=54051"},{"taxonomy":"product_cat","embeddable":true,"href":"https:\/\/stonehouse.se\/en\/wp-json\/wp\/v2\/product_cat?post=54051"},{"taxonomy":"product_tag","embeddable":true,"href":"https:\/\/stonehouse.se\/en\/wp-json\/wp\/v2\/product_tag?post=54051"}],"curies":[{"name":"wp","href":"https:\/\/api.w.org\/{rel}","templated":true}]}}