
{"id":54077,"date":"2023-03-20T11:57:34","date_gmt":"2023-03-20T10:57:34","guid":{"rendered":"https:\/\/stonehouse.se\/produkt\/monteringsstolpe-sa11\/"},"modified":"2026-01-12T13:07:34","modified_gmt":"2026-01-12T12:07:34","slug":"monteringsstolpe-sa11","status":"publish","type":"product","link":"https:\/\/stonehouse.se\/en\/product\/monteringsstolpe-sa11\/","title":{"rendered":"Safetron Monteringsstolpe SA11"},"content":{"rendered":"<p>Vinklad monteringsstolpe i rostfritt st\u00e5l f\u00f6r SAFETRON elslutbleck i standardserien: ES17 \/ ES19. Anpassad f\u00f6r tr\u00e4- och metallkarmar, anv\u00e4nds tillsammans med dubbel- eller enkelfall\u00e5s av typen connect\/evolution eller modul. <\/p>\n<p>\u2022 Motsvarande SB11 \/ ASSA 511<br \/>\n<br \/>\n\u2022 Pl\u00f6sm\u00e5tt: 14,5 mm<br \/>\n<br \/>\n\u2022 M\u00e5tt: (hxbxd) 180x35x15 mm<\/p>","protected":false},"excerpt":{"rendered":"<p>Vinklad monteringsstolpe i rostfritt st\u00e5l f\u00f6r SAFETRON elslutbleck i standardserien: ES17 \/ ES19. Anpassad f\u00f6r tr\u00e4- och metallkarmar, anv\u00e4nds tillsammans<\/p>","protected":false},"featured_media":82548,"template":"","meta":{"_acf_changed":false},"product_brand":[],"product_cat":[447],"product_tag":[1798,3727],"class_list":{"0":"post-54077","1":"product","2":"type-product","3":"status-publish","4":"has-post-thumbnail","6":"product_cat-las-tillbehor-safetron","7":"product_tag-safetron-montagestolpar-es17-es19-sa-modell","8":"product_tag-safetron-20","9":"product_shipping_class-tunga-paket","10":"pa_brands-7safetron","11":"tm-no-options","13":"first","14":"instock","15":"sale","16":"featured","17":"taxable","18":"shipping-taxable","19":"product-type-simple"},"acf":[],"_links":{"self":[{"href":"https:\/\/stonehouse.se\/en\/wp-json\/wp\/v2\/product\/54077","targetHints":{"allow":["GET"]}}],"collection":[{"href":"https:\/\/stonehouse.se\/en\/wp-json\/wp\/v2\/product"}],"about":[{"href":"https:\/\/stonehouse.se\/en\/wp-json\/wp\/v2\/types\/product"}],"wp:featuredmedia":[{"embeddable":true,"href":"https:\/\/stonehouse.se\/en\/wp-json\/wp\/v2\/media\/82548"}],"wp:attachment":[{"href":"https:\/\/stonehouse.se\/en\/wp-json\/wp\/v2\/media?parent=54077"}],"wp:term":[{"taxonomy":"product_brand","embeddable":true,"href":"https:\/\/stonehouse.se\/en\/wp-json\/wp\/v2\/product_brand?post=54077"},{"taxonomy":"product_cat","embeddable":true,"href":"https:\/\/stonehouse.se\/en\/wp-json\/wp\/v2\/product_cat?post=54077"},{"taxonomy":"product_tag","embeddable":true,"href":"https:\/\/stonehouse.se\/en\/wp-json\/wp\/v2\/product_tag?post=54077"}],"curies":[{"name":"wp","href":"https:\/\/api.w.org\/{rel}","templated":true}]}}