
{"id":54084,"date":"2023-03-20T13:15:47","date_gmt":"2023-03-20T12:15:47","guid":{"rendered":"https:\/\/stonehouse.se\/produkt\/kabeloverforing-ct81\/"},"modified":"2026-01-12T13:23:35","modified_gmt":"2026-01-12T12:23:35","slug":"kabeloverforing-ct81","status":"publish","type":"product","link":"https:\/\/stonehouse.se\/en\/product\/kabeloverforing-ct81\/","title":{"rendered":"Safetron Kabel\u00f6verf\u00f6ring CT81"},"content":{"rendered":"<p>CT81 \u00e4r en inf\u00e4lld karm\u00f6verf\u00f6ring i f\u00f6rkromat st\u00e5l avsedd f\u00f6r skyddad kabel\u00f6verg\u00e5ng mellan d\u00f6rr och karm. <\/p>\n<p>\u2022 Max kabeldiameter: \u00d8 11 mm<br \/>\n<br \/>\n\u2022 Rundade h\u00f6rn<br \/>\n<br \/>\n\u2022 Kan anv\u00e4ndas i alla d\u00f6rrar upp till 180\u00b0 \u00f6ppningsvinkel<br \/>\n<br \/>\n\u2022 L\u00e4ngd: 543 mm<br \/>\n<br \/>\n\u2022 Bredd: 24 mm<\/p>","protected":false},"excerpt":{"rendered":"<p>CT81 \u00e4r en inf\u00e4lld karm\u00f6verf\u00f6ring i f\u00f6rkromat st\u00e5l avsedd f\u00f6r skyddad kabel\u00f6verg\u00e5ng mellan d\u00f6rr och karm. \u2022 Max kabeldiameter: \u00d8<\/p>","protected":false},"featured_media":82260,"template":"","meta":{"_acf_changed":false},"product_brand":[],"product_cat":[469,447],"product_tag":[3727,1808],"class_list":{"0":"post-54084","1":"product","2":"type-product","3":"status-publish","4":"has-post-thumbnail","6":"product_cat-kabeloverforing","7":"product_cat-las-tillbehor-safetron","8":"product_tag-safetron-20","9":"product_tag-safetron-tillbehor-motorlas-6000-serien","10":"product_shipping_class-tunga-paket","11":"pa_brands-7safetron","12":"tm-no-options","14":"first","15":"instock","16":"sale","17":"featured","18":"taxable","19":"shipping-taxable","20":"product-type-simple"},"acf":[],"_links":{"self":[{"href":"https:\/\/stonehouse.se\/en\/wp-json\/wp\/v2\/product\/54084","targetHints":{"allow":["GET"]}}],"collection":[{"href":"https:\/\/stonehouse.se\/en\/wp-json\/wp\/v2\/product"}],"about":[{"href":"https:\/\/stonehouse.se\/en\/wp-json\/wp\/v2\/types\/product"}],"wp:featuredmedia":[{"embeddable":true,"href":"https:\/\/stonehouse.se\/en\/wp-json\/wp\/v2\/media\/82260"}],"wp:attachment":[{"href":"https:\/\/stonehouse.se\/en\/wp-json\/wp\/v2\/media?parent=54084"}],"wp:term":[{"taxonomy":"product_brand","embeddable":true,"href":"https:\/\/stonehouse.se\/en\/wp-json\/wp\/v2\/product_brand?post=54084"},{"taxonomy":"product_cat","embeddable":true,"href":"https:\/\/stonehouse.se\/en\/wp-json\/wp\/v2\/product_cat?post=54084"},{"taxonomy":"product_tag","embeddable":true,"href":"https:\/\/stonehouse.se\/en\/wp-json\/wp\/v2\/product_tag?post=54084"}],"curies":[{"name":"wp","href":"https:\/\/api.w.org\/{rel}","templated":true}]}}