
{"id":54100,"date":"2023-03-20T14:14:35","date_gmt":"2023-03-20T13:14:35","guid":{"rendered":"https:\/\/stonehouse.se\/produkt\/safetron-monteringsstolpe-sc87-15\/"},"modified":"2026-01-12T13:13:00","modified_gmt":"2026-01-12T12:13:00","slug":"safetron-monteringsstolpe-sc87-15","status":"publish","type":"product","link":"https:\/\/stonehouse.se\/en\/product\/safetron-monteringsstolpe-sc87-15\/","title":{"rendered":"Safetron Monteringsstolpe SC87-15"},"content":{"rendered":"<p>Plan monteringsstolpe i rostfritt st\u00e5l f\u00f6r SAFETRON elslutbleck ES22. Anpassad f\u00f6r tr\u00e4- och metallkarmar, anv\u00e4nds tillsammans med dubbelfall\u00e5s av typen connect\/evolution eller modul.<\/p>\n<p>\u2022 Motsvarande ST9508<\/p>\n<p>\u2022 Pl\u00f6sm\u00e5tt: 15 mm<\/p>\n<p>\u2022 M\u00e5tt: (hxb) 200&#215;40 mm<\/p>","protected":false},"excerpt":{"rendered":"<p>Plan monteringsstolpe i rostfritt st\u00e5l f\u00f6r SAFETRON elslutbleck ES22. Anpassad f\u00f6r tr\u00e4- och metallkarmar, anv\u00e4nds tillsammans med dubbelfall\u00e5s av typen<\/p>","protected":false},"featured_media":82368,"template":"","meta":{"_acf_changed":false},"product_brand":[],"product_cat":[447],"product_tag":[1799,3727],"class_list":{"0":"post-54100","1":"product","2":"type-product","3":"status-publish","4":"has-post-thumbnail","6":"product_cat-las-tillbehor-safetron","7":"product_tag-safetron-montagestolpar-es22-sc","8":"product_tag-safetron-20","9":"product_shipping_class-tunga-paket","10":"pa_brands-7safetron","11":"tm-no-options","13":"first","14":"instock","15":"sale","16":"featured","17":"taxable","18":"shipping-taxable","19":"product-type-simple"},"acf":[],"_links":{"self":[{"href":"https:\/\/stonehouse.se\/en\/wp-json\/wp\/v2\/product\/54100","targetHints":{"allow":["GET"]}}],"collection":[{"href":"https:\/\/stonehouse.se\/en\/wp-json\/wp\/v2\/product"}],"about":[{"href":"https:\/\/stonehouse.se\/en\/wp-json\/wp\/v2\/types\/product"}],"wp:featuredmedia":[{"embeddable":true,"href":"https:\/\/stonehouse.se\/en\/wp-json\/wp\/v2\/media\/82368"}],"wp:attachment":[{"href":"https:\/\/stonehouse.se\/en\/wp-json\/wp\/v2\/media?parent=54100"}],"wp:term":[{"taxonomy":"product_brand","embeddable":true,"href":"https:\/\/stonehouse.se\/en\/wp-json\/wp\/v2\/product_brand?post=54100"},{"taxonomy":"product_cat","embeddable":true,"href":"https:\/\/stonehouse.se\/en\/wp-json\/wp\/v2\/product_cat?post=54100"},{"taxonomy":"product_tag","embeddable":true,"href":"https:\/\/stonehouse.se\/en\/wp-json\/wp\/v2\/product_tag?post=54100"}],"curies":[{"name":"wp","href":"https:\/\/api.w.org\/{rel}","templated":true}]}}