
{"id":54123,"date":"2023-03-20T17:09:40","date_gmt":"2023-03-20T16:09:40","guid":{"rendered":"https:\/\/stonehouse.se\/produkt\/safetron-nodutrymningsbeslag-793-mattkrom\/"},"modified":"2025-12-31T20:55:10","modified_gmt":"2025-12-31T19:55:10","slug":"safetron-nodutrymningsbeslag-793-mattkrom","status":"publish","type":"product","link":"https:\/\/stonehouse.se\/en\/product\/safetron-nodutrymningsbeslag-793-mattkrom\/","title":{"rendered":"Safetron N\u00f6dutrymningsbeslag 793 mattkrom"},"content":{"rendered":"<p>SAFETRON 793 i mattkrom f\u00f6r h\u00f6gerh\u00e4ngda eller v\u00e4nsterh\u00e4ngda d\u00f6rrar. SAFETRON 793 \u00e4r anpassat f\u00f6r slagd\u00f6rrar i modulprofilutf\u00f6rande med krav p\u00e5 n\u00f6dutrymning. SAFETRON 793 \u00e4r godk\u00e4nt som n\u00f6dutrymningsbeh\u00f6r ihop med SAFETRON SL620 och SL630 och monteras p\u00e5 insidan. N\u00f6dutrymningsbeh\u00f6ret \u00f6ppnar l\u00e5set med ett handgrepp och ger en s\u00e4ker utrymning.<\/p>\n<p>SAFETRON 793 monteras p\u00e5 tryckespositionen och anv\u00e4nds tillsammans med SL620 eller SL630 n\u00e4r l\u00e5set \u00e4r st\u00e4llt i split funktion.<\/p>\n<p>\u2022 Certifierad enligt SS-EN 179:2008<\/p>\n<p>\u2022 Mattkrom<\/p>\n<p>\u2022 Certifierad nickels\u00e4ker enligt SS-EN 1811 och uppfyller d\u00e4rmed EUs nickeldirektiv 94\/27\/EG<\/p>\n<p>\u2022 V\u00e4ndbar h\u00f6ger \/ v\u00e4nster<\/p>\n<p>\u2022 Monteras p\u00e5 tryckespositionen<\/p>\n<p>\u2022 F\u00f6r d\u00f6rrtjocklek 42-90 mm, dorndjup 50 mm<\/p>\n<p>\u2022 Kan anv\u00e4ndas med rund- och ovalcylindrar<\/p>","protected":false},"excerpt":{"rendered":"<p>SAFETRON 793 i mattkrom f\u00f6r h\u00f6gerh\u00e4ngda eller v\u00e4nsterh\u00e4ngda d\u00f6rrar. SAFETRON 793 \u00e4r anpassat f\u00f6r slagd\u00f6rrar i modulprofilutf\u00f6rande med krav p\u00e5<\/p>","protected":false},"featured_media":82242,"template":"","meta":{"_acf_changed":false},"product_brand":[],"product_cat":[447],"product_tag":[3426,3727,1820],"class_list":{"0":"post-54123","1":"product","2":"type-product","3":"status-publish","4":"has-post-thumbnail","6":"product_cat-las-tillbehor-safetron","7":"product_tag-omstallbar-rattvand-omvand","8":"product_tag-safetron-20","9":"product_tag-safetron-nodutrymningsbeslag-for-eltryckeslas","10":"product_shipping_class-tunga-paket","11":"pa_brands-7safetron","12":"tm-no-options","14":"first","15":"instock","16":"sale","17":"featured","18":"taxable","19":"shipping-taxable","20":"product-type-simple"},"acf":[],"_links":{"self":[{"href":"https:\/\/stonehouse.se\/en\/wp-json\/wp\/v2\/product\/54123","targetHints":{"allow":["GET"]}}],"collection":[{"href":"https:\/\/stonehouse.se\/en\/wp-json\/wp\/v2\/product"}],"about":[{"href":"https:\/\/stonehouse.se\/en\/wp-json\/wp\/v2\/types\/product"}],"wp:featuredmedia":[{"embeddable":true,"href":"https:\/\/stonehouse.se\/en\/wp-json\/wp\/v2\/media\/82242"}],"wp:attachment":[{"href":"https:\/\/stonehouse.se\/en\/wp-json\/wp\/v2\/media?parent=54123"}],"wp:term":[{"taxonomy":"product_brand","embeddable":true,"href":"https:\/\/stonehouse.se\/en\/wp-json\/wp\/v2\/product_brand?post=54123"},{"taxonomy":"product_cat","embeddable":true,"href":"https:\/\/stonehouse.se\/en\/wp-json\/wp\/v2\/product_cat?post=54123"},{"taxonomy":"product_tag","embeddable":true,"href":"https:\/\/stonehouse.se\/en\/wp-json\/wp\/v2\/product_tag?post=54123"}],"curies":[{"name":"wp","href":"https:\/\/api.w.org\/{rel}","templated":true}]}}