
{"id":54218,"date":"2023-03-27T11:53:50","date_gmt":"2023-03-27T09:53:50","guid":{"rendered":"https:\/\/stonehouse.se\/produkt\/ir-detektor-blueline-12m-isc-bpr2-w12\/"},"modified":"2026-04-01T14:40:25","modified_gmt":"2026-04-01T12:40:25","slug":"ir-detektor-blueline-12m-isc-bpr2-w12","status":"publish","type":"product","link":"https:\/\/stonehouse.se\/en\/product\/ir-detektor-blueline-12m-isc-bpr2-w12\/","title":{"rendered":"Bosch Blueline 12M ISC-BPR2-W12 &#8211; 12 meter 90 grader med krypzon"},"content":{"rendered":"<h1>Bosch Blueline 12M ISC-BPR2-W12 12 meter 90 grader med krypzon<\/h1>\n<p data-start=\"283\" data-end=\"1267\">Bosch Blueline 12M ISC-BPR2-W12 \u00e4r en avancerad PIR-detektor som erbjuder ett t\u00e4ckningsomr\u00e5de p\u00e5 12&#215;12 meter och en valbar krypzon.<\/p>\n<p data-start=\"283\" data-end=\"1267\">Genom anv\u00e4ndningen av tv\u00e5 Fresnel-linser som \u00e4r konstruerade f\u00f6r att ge skarpa och fokuserade bilder \u00f6ver hela t\u00e4ckningsomr\u00e5det, levererar den en optimal detektering av inkr\u00e4ktare.<br data-start=\"625\" data-end=\"628\" \/>De tv\u00e5 linserna skapar ett h\u00f6guppl\u00f6st m\u00f6nster med 77 detektionszoner, vilket g\u00f6r det m\u00f6jligt f\u00f6r detektorn att identifiera r\u00f6relse med h\u00f6g precision och s\u00e4kerhet.<\/p>\n<p data-start=\"283\" data-end=\"1267\">Detta resulterar i sju fasta detekteringsrid\u00e5er och en flexibel krypzon, vilket g\u00f6r att detektorn kan anpassas f\u00f6r att passa olika installationsbehov.<br data-start=\"941\" data-end=\"944\" \/>Med enkel installation och flexibla monteringsm\u00f6jligheter \u00e4r denna detektor perfekt f\u00f6r att tillhandah\u00e5lla toppmodern detektering i kommersiella och privata milj\u00f6er.<\/p>\n<p data-start=\"283\" data-end=\"1267\">ISC-BPR2-W12 \u00e4r \u00e4ven SBSC-intygad och uppfyller EN50130-5 klass II f\u00f6r att s\u00e4kerst\u00e4lla att produkten m\u00f6ter h\u00f6ga standarder f\u00f6r s\u00e4kerhet och tillf\u00f6rlitlighet.<\/p>\n<p data-start=\"1269\" data-end=\"1299\"><strong data-start=\"1269\" data-end=\"1297\">Funktioner och f\u00f6rdelar:<\/strong><\/p>\n<ul data-start=\"1300\" data-end=\"1634\">\n<li data-start=\"1300\" data-end=\"1372\">\n<p data-start=\"1302\" data-end=\"1372\">12&#215;12 m t\u00e4ckningsomr\u00e5de och valbar krypzon f\u00f6r flexibel installation<\/p>\n<\/li>\n<li data-start=\"1373\" data-end=\"1449\">\n<p data-start=\"1375\" data-end=\"1449\">77 detektionszoner f\u00f6r h\u00f6guppl\u00f6st m\u00f6nster och \u00f6kad detekteringsprecision<\/p>\n<\/li>\n<li data-start=\"1450\" data-end=\"1515\">\n<p data-start=\"1452\" data-end=\"1515\">Sju fasta detekteringsrid\u00e5er f\u00f6r s\u00e4ker och noggrann detektion<\/p>\n<\/li>\n<li data-start=\"1516\" data-end=\"1573\">\n<p data-start=\"1518\" data-end=\"1573\">Enkel installation och flexibla monteringsm\u00f6jligheter<\/p>\n<\/li>\n<li data-start=\"1574\" data-end=\"1634\">\n<p data-start=\"1576\" data-end=\"1634\">SBSC-intygad och uppfyller EN50130-5 klass II standarder<\/p>\n<\/li>\n<\/ul>\n<p data-start=\"1636\" data-end=\"1667\"><strong data-start=\"1636\" data-end=\"1665\">Tekniska specifikationer:<\/strong><\/p>\n<ul data-start=\"1668\" data-end=\"2167\">\n<li data-start=\"1668\" data-end=\"1696\">\n<p data-start=\"1670\" data-end=\"1696\">T\u00e4ckningsomr\u00e5de: 12&#215;12 m<\/p>\n<\/li>\n<li data-start=\"1697\" data-end=\"1751\">\n<p data-start=\"1699\" data-end=\"1751\">Str\u00f6mf\u00f6rbrukning (vilol\u00e4ge\/larm): 10 mA vid 12 VDC<\/p>\n<\/li>\n<li data-start=\"1752\" data-end=\"1791\">\n<p data-start=\"1754\" data-end=\"1791\">Sp\u00e4nning (vid drift): 9 till 15 VDC<\/p>\n<\/li>\n<li data-start=\"1792\" data-end=\"1845\">\n<p data-start=\"1794\" data-end=\"1845\">Relativ luftfuktighet: 0\u201395 %, icke kondenserande<\/p>\n<\/li>\n<li data-start=\"1846\" data-end=\"1889\">\n<p data-start=\"1848\" data-end=\"1889\">Temperatur (vid drift): -30 till +55 \u00b0C<\/p>\n<\/li>\n<li data-start=\"1890\" data-end=\"1903\">\n<p data-start=\"1892\" data-end=\"1903\">F\u00e4rg: Vit<\/p>\n<\/li>\n<li data-start=\"1904\" data-end=\"1930\">\n<p data-start=\"1906\" data-end=\"1930\">M\u00e5tt: 105 x 61 x 44 mm<\/p>\n<\/li>\n<li data-start=\"1931\" data-end=\"2036\">\n<p data-start=\"1933\" data-end=\"2036\">Rel\u00e4: Halvledare, \u00f6vervakade normalt slutna (NC) kontakter f\u00f6r =100 mA, 25 VDC, 2,5 W, &lt;20 Ohm slutna<\/p>\n<\/li>\n<li data-start=\"2037\" data-end=\"2116\">\n<p data-start=\"2039\" data-end=\"2116\">Sabotageskydd: Normalt slutna (NC) kontakter f\u00f6r max =100 mA, 25 VDC, 2,5 W<\/p>\n<\/li>\n<li data-start=\"2117\" data-end=\"2167\">\n<p data-start=\"2119\" data-end=\"2167\">Godk\u00e4nnanden: SBSC-intygad, EN50130-5 klass II<\/p>\n<\/li>\n<\/ul>","protected":false},"excerpt":{"rendered":"<p>PIR-detektor med 12&#215;12 m t\u00e4ckningsomr\u00e5de och valbar krypzon.<\/p>\n<p>Flexibel installation, h\u00f6guppl\u00f6st detektering och sabotageskydd.<\/p>","protected":false},"featured_media":82233,"template":"","meta":{"_acf_changed":false},"product_brand":[],"product_cat":[2615],"product_tag":[1459,1747,1848],"class_list":{"0":"post-54218","1":"product","2":"type-product","3":"status-publish","4":"has-post-thumbnail","6":"product_cat-rorelse-detektorer","7":"product_tag-rorelsedetektor-ir-detektorer","8":"product_tag-rel-larmgivare","9":"product_tag-sbsc-larmklass2","10":"product_shipping_class-postnord-varubrev","11":"pa_brands-bosch","12":"tm-no-options","14":"first","15":"instock","16":"sale","17":"featured","18":"taxable","19":"shipping-taxable","20":"product-type-simple"},"acf":[],"_links":{"self":[{"href":"https:\/\/stonehouse.se\/en\/wp-json\/wp\/v2\/product\/54218","targetHints":{"allow":["GET"]}}],"collection":[{"href":"https:\/\/stonehouse.se\/en\/wp-json\/wp\/v2\/product"}],"about":[{"href":"https:\/\/stonehouse.se\/en\/wp-json\/wp\/v2\/types\/product"}],"wp:featuredmedia":[{"embeddable":true,"href":"https:\/\/stonehouse.se\/en\/wp-json\/wp\/v2\/media\/82233"}],"wp:attachment":[{"href":"https:\/\/stonehouse.se\/en\/wp-json\/wp\/v2\/media?parent=54218"}],"wp:term":[{"taxonomy":"product_brand","embeddable":true,"href":"https:\/\/stonehouse.se\/en\/wp-json\/wp\/v2\/product_brand?post=54218"},{"taxonomy":"product_cat","embeddable":true,"href":"https:\/\/stonehouse.se\/en\/wp-json\/wp\/v2\/product_cat?post=54218"},{"taxonomy":"product_tag","embeddable":true,"href":"https:\/\/stonehouse.se\/en\/wp-json\/wp\/v2\/product_tag?post=54218"}],"curies":[{"name":"wp","href":"https:\/\/api.w.org\/{rel}","templated":true}]}}