
{"id":54385,"date":"2023-03-23T14:52:50","date_gmt":"2023-03-23T13:52:50","guid":{"rendered":"https:\/\/stonehouse.se\/produkt\/apollo-45681-200apo\/"},"modified":"2026-04-01T14:40:15","modified_gmt":"2026-04-01T12:40:15","slug":"sockel-s65-standard-bas","status":"publish","type":"product","link":"https:\/\/stonehouse.se\/en\/product\/sockel-s65-standard-bas\/","title":{"rendered":"Sockel S65 Standard Bas f\u00f6r R\u00f6kdetektor"},"content":{"rendered":"<h3><strong>Effektiv och s\u00e4ker installation av r\u00f6kdetektorer:<\/strong> Sockel S65 Standard Bas \u00e4r kompatibel med DSC NEO och r\u00f6kdetektor 55000-317APO samt Apollo S65 serien.<\/h3>\n<p>Den \u00e4r designad f\u00f6r att f\u00f6renkla installationen av r\u00f6kdetektorer och kan anv\u00e4ndas b\u00e5de i larm- och brandlarmssystem.<\/p>\n<p><strong>Funktioner och F\u00f6rdelar:<\/strong><\/p>\n<ul>\n<li><strong>Montering utan kraft:<\/strong> Sockeln m\u00f6jligg\u00f6r installation av detektorer utan att koppla in str\u00f6m, vilket g\u00f6r den idealisk f\u00f6r undertak.<\/li>\n<li><strong>Enkel passform:<\/strong> Alla Series 65 baser har en snabb och enkel passform f\u00f6r detektorer.<\/li>\n<li><strong>L\u00e5smekanism:<\/strong> Detektorer kan l\u00e5sas p\u00e5 plats med en skruv, vilket s\u00e4kerst\u00e4ller stabilitet och s\u00e4kerhet.<\/li>\n<li><strong>Terminal f\u00f6r fj\u00e4rrindikator:<\/strong> Inneh\u00e5ller en jordkontakt och terminal f\u00f6r fj\u00e4rrindikator, vilket ger extra funktionalitet.<\/li>\n<\/ul>\n<p><strong>Teknisk Specifikation:<\/strong><\/p>\n<ul>\n<li><strong>Sp\u00e4nning:<\/strong> 9 &#8211; 15V DC<\/li>\n<li><strong>Driftstemperatur:<\/strong> -20\u00b0C till +70\u00b0C (Ej kondenserande)<\/li>\n<li><strong>Konstruktion:<\/strong> Basen \u00e4r tillverkad av sj\u00e4lvslocknande polykarbonat och har nickelf\u00f6rzinkade st\u00e5lterminaler.<\/li>\n<li><strong>M\u00e5tt:<\/strong> 100 mm diameter x 25 mm h\u00f6g<\/li>\n<li><strong>Vikt:<\/strong> 100 g<\/li>\n<\/ul>","protected":false},"excerpt":{"rendered":"<p>Sockel S65 Standard Bas \u00e4r designad f\u00f6r att anv\u00e4ndas med DSC NEO r\u00f6kdetektor 55000-317APO samt Apollo S65 serien.<\/p>\n<p>Den m\u00f6jligg\u00f6r montering av detektorer utan behov av kraft, vilket \u00e4r s\u00e4rskilt anv\u00e4ndbart i undertak.<\/p>\n<p>Basen har en enkel passform och kan l\u00e5sa detektorn p\u00e5 plats f\u00f6r \u00f6kad s\u00e4kerhet.<\/p>","protected":false},"featured_media":82347,"template":"","meta":{"_acf_changed":false},"product_brand":[],"product_cat":[3689],"product_tag":[2285,2781,2310,1824],"class_list":{"0":"post-54385","1":"product","2":"type-product","3":"status-publish","4":"has-post-thumbnail","6":"product_cat-65-serien","7":"product_tag-apollo-s65-serien","8":"product_tag-dsc-neo-svensk-manual","9":"product_tag-tradbundna-rokdetektorer-for-neo","10":"product_tag-utvalda-produkter-fran-apollo","11":"product_shipping_class-postnord-varubrev","12":"pa_brands-apollo-fire-detectors","13":"tm-no-options","15":"first","16":"instock","17":"sale","18":"featured","19":"taxable","20":"shipping-taxable","21":"product-type-simple"},"acf":[],"_links":{"self":[{"href":"https:\/\/stonehouse.se\/en\/wp-json\/wp\/v2\/product\/54385","targetHints":{"allow":["GET"]}}],"collection":[{"href":"https:\/\/stonehouse.se\/en\/wp-json\/wp\/v2\/product"}],"about":[{"href":"https:\/\/stonehouse.se\/en\/wp-json\/wp\/v2\/types\/product"}],"wp:featuredmedia":[{"embeddable":true,"href":"https:\/\/stonehouse.se\/en\/wp-json\/wp\/v2\/media\/82347"}],"wp:attachment":[{"href":"https:\/\/stonehouse.se\/en\/wp-json\/wp\/v2\/media?parent=54385"}],"wp:term":[{"taxonomy":"product_brand","embeddable":true,"href":"https:\/\/stonehouse.se\/en\/wp-json\/wp\/v2\/product_brand?post=54385"},{"taxonomy":"product_cat","embeddable":true,"href":"https:\/\/stonehouse.se\/en\/wp-json\/wp\/v2\/product_cat?post=54385"},{"taxonomy":"product_tag","embeddable":true,"href":"https:\/\/stonehouse.se\/en\/wp-json\/wp\/v2\/product_tag?post=54385"}],"curies":[{"name":"wp","href":"https:\/\/api.w.org\/{rel}","templated":true}]}}