
{"id":54399,"date":"2023-03-23T14:52:13","date_gmt":"2023-03-23T13:52:13","guid":{"rendered":"https:\/\/stonehouse.se\/produkt\/apollo-55000-317apo\/"},"modified":"2026-04-01T14:40:07","modified_gmt":"2026-04-01T12:40:07","slug":"rokdetektor-s65-tradbunden","status":"publish","type":"product","link":"https:\/\/stonehouse.se\/en\/product\/rokdetektor-s65-tradbunden\/","title":{"rendered":"R\u00f6kdetektor S65 Tr\u00e5dbunden Optisk R\u00f6kdetektor"},"content":{"rendered":"<p><strong>Optisk r\u00f6kdetektor f\u00f6r effektiv brand\u00f6vervakning:<\/strong> R\u00f6kdetektor S65 \u00e4r ett utm\u00e4rkt tillbeh\u00f6r till DSC PowerSeries Neo och andra inbrottslarm som kr\u00e4ver en rel\u00e4sockel.<\/p>\n<p>Med en innovativ reflektionskammare detekterar den snabbt r\u00f6kpartiklar som indikerar brand, vilket ger en p\u00e5litlig och snabb varning.<\/p>\n<p><strong>Features and Benefits:<\/strong><\/p>\n<ul>\n<li><strong>Optisk detektering:<\/strong> Anv\u00e4nder ljusreflektion f\u00f6r att snabbt uppt\u00e4cka r\u00f6k och brand.<\/li>\n<li><strong>Luftfl\u00f6de:<\/strong> P\u00e5verkas inte av lufthastighet eller atmosf\u00e4rstryck, vilket s\u00e4kerst\u00e4ller tillf\u00f6rlitlig drift.<\/li>\n<li><strong>Alarmindikering:<\/strong> Utrustad med en LED-lampa f\u00f6r tydlig visuell varning.<\/li>\n<\/ul>\n<p><strong>Technical Specification:<\/strong><\/p>\n<ul>\n<li><strong>Voltage:<\/strong> 9 &#8211; 33V DC<\/li>\n<li><strong>Str\u00f6mf\u00f6rbrukning:<\/strong> 30-50\u03bcA vid 24V DC<\/li>\n<li><strong>Normal larmstr\u00f6m:<\/strong>\n<ul>\n<li>10V = 18mA<\/li>\n<li>24V = 52mA<\/li>\n<\/ul>\n<\/li>\n<li><strong>\u00c5terst\u00e4llningstid f\u00f6r larm:<\/strong> 1 sek.<\/li>\n<li><strong>Temperaturomr\u00e5de:<\/strong> -20 \u00b0C till +60 \u00b0C<\/li>\n<li><strong>Fuktighet:<\/strong> 0% till 95%, ej kondenserande<\/li>\n<li><strong>M\u00e5tt:<\/strong> 100 x 42 mm (detektor), 100 x 50 mm (detektor med bas)<\/li>\n<li><strong>Weight:<\/strong> 99 g (detektor), 150 g (detektor med bas)<\/li>\n<\/ul>","protected":false},"excerpt":{"rendered":"<div id=\"tab-label-description\" class=\"data item title active\" role=\"tab\" data-role=\"collapsible\" data-collapsible=\"true\">\n<p>R\u00f6kdetektor S65 \u00e4r en optisk r\u00f6kdetektor designad f\u00f6r DSC NEO och inbrottslarm.<\/p>\n<p>Med hj\u00e4lp av en reflektionskammare uppt\u00e4cker den effektivt r\u00f6k och brandpartiklar, vilket ger snabb respons vid fara.<\/p>\n<p>Den \u00e4r enkel att installera med en rel\u00e4sockel och passar perfekt f\u00f6r b\u00e5de hem och kommersiella byggnader.<\/p>\n<\/div>","protected":false},"featured_media":94817,"template":"","meta":{"_acf_changed":false},"product_brand":[],"product_cat":[3689],"product_tag":[2781,2310,1824],"class_list":{"0":"post-54399","1":"product","2":"type-product","3":"status-publish","4":"has-post-thumbnail","6":"product_cat-65-serien","7":"product_tag-dsc-neo-svensk-manual","8":"product_tag-tradbundna-rokdetektorer-for-neo","9":"product_tag-utvalda-produkter-fran-apollo","10":"product_shipping_class-postnord-varubrev","11":"pa_brands-apollo-fire-detectors","12":"tm-no-options","14":"first","15":"instock","16":"sale","17":"featured","18":"taxable","19":"shipping-taxable","20":"product-type-simple"},"acf":[],"_links":{"self":[{"href":"https:\/\/stonehouse.se\/en\/wp-json\/wp\/v2\/product\/54399","targetHints":{"allow":["GET"]}}],"collection":[{"href":"https:\/\/stonehouse.se\/en\/wp-json\/wp\/v2\/product"}],"about":[{"href":"https:\/\/stonehouse.se\/en\/wp-json\/wp\/v2\/types\/product"}],"wp:featuredmedia":[{"embeddable":true,"href":"https:\/\/stonehouse.se\/en\/wp-json\/wp\/v2\/media\/94817"}],"wp:attachment":[{"href":"https:\/\/stonehouse.se\/en\/wp-json\/wp\/v2\/media?parent=54399"}],"wp:term":[{"taxonomy":"product_brand","embeddable":true,"href":"https:\/\/stonehouse.se\/en\/wp-json\/wp\/v2\/product_brand?post=54399"},{"taxonomy":"product_cat","embeddable":true,"href":"https:\/\/stonehouse.se\/en\/wp-json\/wp\/v2\/product_cat?post=54399"},{"taxonomy":"product_tag","embeddable":true,"href":"https:\/\/stonehouse.se\/en\/wp-json\/wp\/v2\/product_tag?post=54399"}],"curies":[{"name":"wp","href":"https:\/\/api.w.org\/{rel}","templated":true}]}}