
{"id":54586,"date":"2023-03-28T14:22:20","date_gmt":"2023-03-28T12:22:20","guid":{"rendered":"https:\/\/stonehouse.se\/produkt\/apollo-45681-508apo-relasockel-s65-monteringsbas-for-detektor-med-envagsmontering-och-rela-12-v-vit\/"},"modified":"2026-04-09T11:36:22","modified_gmt":"2026-04-09T09:36:22","slug":"relasockel-s65-12v","status":"publish","type":"product","link":"https:\/\/stonehouse.se\/en\/product\/relasockel-s65-12v\/","title":{"rendered":"Rel\u00e4sockel S65 12V Relay Base"},"content":{"rendered":"<p><strong>Optisk r\u00f6kdetektor med h\u00f6g precision:<\/strong> Rel\u00e4sockel S65 \u00e4r ett utm\u00e4rkt val f\u00f6r b\u00e5de inbrottslarm och brandlarm.<\/p>\n<p>Den \u00e4r utformad f\u00f6r att anv\u00e4ndas med DSC NEO, Power Series, MAXYS och andra konventionella tr\u00e5dbundna inbrottslarm.<\/p>\n<p>Den optiska detekteringskammaren i S65 anv\u00e4nder reflektionsprinciper f\u00f6r att uppt\u00e4cka r\u00f6kpartiklar, vilket s\u00e4kerst\u00e4ller en snabb och korrekt larmaktivering.<\/p>\n<p><strong>Funktioner och F\u00f6rdelar:<\/strong><\/p>\n<ul>\n<li><strong>Flexibel anv\u00e4ndning:<\/strong> Bygel p\u00e5 kretskortet kan monteras i l\u00e5sande eller icke-l\u00e5sande l\u00e4ge beroende p\u00e5 applikationen.<\/li>\n<li><strong>Kvalitet:<\/strong> Den vita f\u00e4rgen och den inbyggda LED-lampan f\u00f6r alarmindikering ger b\u00e5de estetik och funktionalitet.<\/li>\n<li><strong>H\u00e5llbarhet:<\/strong> Designad f\u00f6r att klara av b\u00e5de h\u00f6ga och l\u00e5ga temperaturer, vilket g\u00f6r den l\u00e4mplig f\u00f6r olika milj\u00f6er.<\/li>\n<\/ul>\n<p><strong>Teknisk Specifikation:<\/strong><\/p>\n<ul>\n<li><strong>Sp\u00e4nning:<\/strong> 9 &#8211; 15V DC<\/li>\n<li><strong>Str\u00f6mf\u00f6rbrukning:<\/strong> 30-50\u03bcA vid 24V DC<\/li>\n<li><strong>Normal larmstr\u00f6m:<\/strong>\n<ul>\n<li>10V = 18mA<\/li>\n<li>24V = 52mA<\/li>\n<\/ul>\n<\/li>\n<li><strong>Temperaturomr\u00e5de:<\/strong> -20 \u00b0C till +60 \u00b0C<\/li>\n<li><strong>Fuktighet:<\/strong> 0% till 95%, ej kondenserande<\/li>\n<li><strong>M\u00e5tt:<\/strong> 100 mm diameter x 25 mm h\u00f6g<\/li>\n<li><strong>Vikt:<\/strong> 100 g<\/li>\n<\/ul>","protected":false},"excerpt":{"rendered":"<p>Rel\u00e4sockel S65 \u00e4r en 12V rel\u00e4bas som anv\u00e4nds f\u00f6r inbrottslarm och brandlarm.<\/p>\n<p>Den \u00e4r kompatibel med DSC PowerSeries och andra s\u00e4kerhetssystem.<\/p>\n<p>Med en optisk detekteringskammare uppt\u00e4cker den effektivt r\u00f6k och brand, och kan konfigureras f\u00f6r b\u00e5de l\u00e5sande och icke-l\u00e5sande applikationer.<\/p>\n<p>Den har en str\u00f6mf\u00f6rbrukning p\u00e5 30-50\u03bcA och fungerar i ett temperaturomr\u00e5de fr\u00e5n -20\u00b0C till +60\u00b0C.<\/p>","protected":false},"featured_media":82492,"template":"","meta":{"_acf_changed":false},"product_brand":[],"product_cat":[350,2789,3689],"product_tag":[2285,2781,2310,1824],"class_list":{"0":"post-54586","1":"product","2":"type-product","3":"status-publish","4":"has-post-thumbnail","6":"product_cat-dsc-larm-neo-power-hybridlarm","7":"product_cat-brandvarnare-rekommenderade-for-dsc","8":"product_cat-65-serien","9":"product_tag-apollo-s65-serien","10":"product_tag-dsc-neo-svensk-manual","11":"product_tag-tradbundna-rokdetektorer-for-neo","12":"product_tag-utvalda-produkter-fran-apollo","13":"product_shipping_class-postnord-varubrev","14":"pa_brands-apollo-fire-detectors","15":"tm-no-options","17":"first","18":"instock","19":"sale","20":"featured","21":"taxable","22":"shipping-taxable","23":"product-type-simple"},"acf":[],"_links":{"self":[{"href":"https:\/\/stonehouse.se\/en\/wp-json\/wp\/v2\/product\/54586","targetHints":{"allow":["GET"]}}],"collection":[{"href":"https:\/\/stonehouse.se\/en\/wp-json\/wp\/v2\/product"}],"about":[{"href":"https:\/\/stonehouse.se\/en\/wp-json\/wp\/v2\/types\/product"}],"wp:featuredmedia":[{"embeddable":true,"href":"https:\/\/stonehouse.se\/en\/wp-json\/wp\/v2\/media\/82492"}],"wp:attachment":[{"href":"https:\/\/stonehouse.se\/en\/wp-json\/wp\/v2\/media?parent=54586"}],"wp:term":[{"taxonomy":"product_brand","embeddable":true,"href":"https:\/\/stonehouse.se\/en\/wp-json\/wp\/v2\/product_brand?post=54586"},{"taxonomy":"product_cat","embeddable":true,"href":"https:\/\/stonehouse.se\/en\/wp-json\/wp\/v2\/product_cat?post=54586"},{"taxonomy":"product_tag","embeddable":true,"href":"https:\/\/stonehouse.se\/en\/wp-json\/wp\/v2\/product_tag?post=54586"}],"curies":[{"name":"wp","href":"https:\/\/api.w.org\/{rel}","templated":true}]}}