
{"id":55310,"date":"2023-04-24T12:12:24","date_gmt":"2023-04-24T10:12:24","guid":{"rendered":"https:\/\/stonehouse.se\/produkt\/abloy-solenoidlas-el502-omvand-reverse\/"},"modified":"2026-03-13T12:52:59","modified_gmt":"2026-03-13T11:52:59","slug":"abloy-solenoidlas-el502-omvand-reverse","status":"publish","type":"product","link":"https:\/\/stonehouse.se\/en\/product\/abloy-solenoidlas-el502-omvand-reverse\/","title":{"rendered":"Abloy solenoid lock EL502 Reverse"},"content":{"rendered":"<p>Solenoidl\u00e5s EL502 \u00e4r anpassad f\u00f6r h\u00f6gfrekventa d\u00f6rrar med modulurtag. L\u00e5set passar bra som dagl\u00e5sning och intern l\u00e5sning inom handel, kontor och industri eller i entr\u00e9er och allm\u00e4nna utrymmen i flerfamiljshus. Anpassat f\u00f6r montage tillsammans med d\u00f6rrautomatik. EL502 f\u00e5r INTE anv\u00e4ndas som brandigenh\u00e5llande funktion i brandcellsgr\u00e4ns och f\u00e5r INTE uts\u00e4ttas f\u00f6r listtryck. Omv\u00e4nd funktion. F\u00f6rreglingen upph\u00e4vs med elektrisk styrning eller med cylinder\/vred. N\u00e4r f\u00f6rreglingen \u00e4r upph\u00e4vd kan d\u00f6rren dras\/skjutas upp. Dubbelfunktionsfallen dras ej in utan viker ist\u00e4llet undan.<br \/>\nSp\u00e4nning: 12 &#8211; 24 VDC (-10% +15%)<br \/>\nStr\u00f6mf\u00f6rbrukning vid 24 VDC: vila 0 mA, drift 110 mA, start 270 mA (start &lt;0,1 s)<br \/>\nTemperaturomr\u00e5de: -20 till +60\u00b0C<br \/>\nFallregelutspr\u00e5ng: 14 mm<br \/>\nDorndjup: 50 mm<br \/>\nStolpe: 22 mm<br \/>\nSlutbleck: LP711<br \/>\nAnslutningskabel: EA220<br \/>\nD\u00f6rrspringa: 3 \u2013 5 mm<\/p>\n<p>Leverant\u00f6rens artikelnummer: 1005020100<\/p>\n<p>Fabrikat Abloy<\/p>","protected":false},"excerpt":{"rendered":"<p>Solenoidl\u00e5s EL502 \u00e4r anpassad f\u00f6r h\u00f6gfrekventa d\u00f6rrar med modulurtag. L\u00e5set passar bra som dagl\u00e5sning och intern l\u00e5sning inom handel, kontor<\/p>","protected":false},"featured_media":82464,"template":"","meta":{"_acf_changed":false},"product_brand":[],"product_cat":[2318],"product_tag":[2253,1620,1746],"class_list":{"0":"post-55310","1":"product","2":"type-product","3":"status-publish","4":"has-post-thumbnail","6":"product_cat-ellas","7":"product_tag-abloy-el502","8":"product_tag-ellas-solenoidlas","9":"product_tag-rel-abloy-ellas","10":"product_shipping_class-tunga-paket","11":"pa_brands-abloy","12":"tm-no-options","14":"first","15":"instock","16":"sale","17":"featured","18":"taxable","19":"shipping-taxable","20":"product-type-simple"},"acf":[],"_links":{"self":[{"href":"https:\/\/stonehouse.se\/en\/wp-json\/wp\/v2\/product\/55310","targetHints":{"allow":["GET"]}}],"collection":[{"href":"https:\/\/stonehouse.se\/en\/wp-json\/wp\/v2\/product"}],"about":[{"href":"https:\/\/stonehouse.se\/en\/wp-json\/wp\/v2\/types\/product"}],"wp:featuredmedia":[{"embeddable":true,"href":"https:\/\/stonehouse.se\/en\/wp-json\/wp\/v2\/media\/82464"}],"wp:attachment":[{"href":"https:\/\/stonehouse.se\/en\/wp-json\/wp\/v2\/media?parent=55310"}],"wp:term":[{"taxonomy":"product_brand","embeddable":true,"href":"https:\/\/stonehouse.se\/en\/wp-json\/wp\/v2\/product_brand?post=55310"},{"taxonomy":"product_cat","embeddable":true,"href":"https:\/\/stonehouse.se\/en\/wp-json\/wp\/v2\/product_cat?post=55310"},{"taxonomy":"product_tag","embeddable":true,"href":"https:\/\/stonehouse.se\/en\/wp-json\/wp\/v2\/product_tag?post=55310"}],"curies":[{"name":"wp","href":"https:\/\/api.w.org\/{rel}","templated":true}]}}