
{"id":55437,"date":"2023-05-09T15:42:51","date_gmt":"2023-05-09T13:42:51","guid":{"rendered":"https:\/\/stonehouse.se\/produkt\/rfid-tagg-glasfiber-hd-epoxy-mifare1k-std-nr\/"},"modified":"2026-03-31T18:08:07","modified_gmt":"2026-03-31T16:08:07","slug":"tagg-mifare1k-std-nr-uranus-hd-svart","status":"publish","type":"product","link":"https:\/\/stonehouse.se\/en\/product\/tagg-mifare1k-std-nr-uranus-hd-svart\/","title":{"rendered":"Tagg Mifare1k Std.nr Uranus HD+ Epoxy"},"content":{"rendered":"<p>Brickan levereras med standardnummer f\u00f6r f\u00f6ljande system f\u00f6r Mifare<\/p>\n<p>MFR = RCO<br \/>\nMFV = Axema VAKA<br \/>\nMFD = Decimal utl\u00e4sning f\u00f6r \u00f6vriga system p\u00e5 den svenska marknaden<br \/>\nMed sin robusta konstruktion och t\u00e5liga epoxy-yta \u00e4r Uranus HD+ ett utm\u00e4rkt val f\u00f6r milj\u00f6er d\u00e4r b\u00e5de h\u00e5llbarhet och funktion \u00e4r viktiga.<\/p>","protected":false},"excerpt":{"rendered":"<p>Uranus HD+ \u00e4r en vandals\u00e4ker tagg med extra epoxylager som skyddar taggens nummer &#038; logo<\/p>","protected":false},"featured_media":80565,"template":"","meta":{"_acf_changed":false},"product_brand":[],"product_cat":[3543,2633],"product_tag":[1769,1284,3403,2304],"class_list":{"0":"post-55437","1":"product","2":"type-product","3":"status-publish","4":"has-post-thumbnail","6":"product_cat-alla-taggar-i-butiken","7":"product_cat-uranus-hd","8":"product_tag-250-moq-hd","9":"product_tag-ej-lagerfraga","10":"product_tag-nxp","11":"product_tag-stonehouse-produkt","12":"product_shipping_class-postnord-varubrev","13":"pa_brands-stonehouse-security","14":"pa_chip-teknik-mifare1k","15":"pa_farg-svart","16":"pa_tagg-glasfiber-tagg-glasfiber-hd","17":"tm-no-options","19":"first","20":"instock","21":"sale","22":"featured","23":"taxable","24":"shipping-taxable","25":"product-type-simple"},"acf":[],"_links":{"self":[{"href":"https:\/\/stonehouse.se\/en\/wp-json\/wp\/v2\/product\/55437","targetHints":{"allow":["GET"]}}],"collection":[{"href":"https:\/\/stonehouse.se\/en\/wp-json\/wp\/v2\/product"}],"about":[{"href":"https:\/\/stonehouse.se\/en\/wp-json\/wp\/v2\/types\/product"}],"wp:featuredmedia":[{"embeddable":true,"href":"https:\/\/stonehouse.se\/en\/wp-json\/wp\/v2\/media\/80565"}],"wp:attachment":[{"href":"https:\/\/stonehouse.se\/en\/wp-json\/wp\/v2\/media?parent=55437"}],"wp:term":[{"taxonomy":"product_brand","embeddable":true,"href":"https:\/\/stonehouse.se\/en\/wp-json\/wp\/v2\/product_brand?post=55437"},{"taxonomy":"product_cat","embeddable":true,"href":"https:\/\/stonehouse.se\/en\/wp-json\/wp\/v2\/product_cat?post=55437"},{"taxonomy":"product_tag","embeddable":true,"href":"https:\/\/stonehouse.se\/en\/wp-json\/wp\/v2\/product_tag?post=55437"}],"curies":[{"name":"wp","href":"https:\/\/api.w.org\/{rel}","templated":true}]}}