
{"id":55649,"date":"2023-05-10T10:02:27","date_gmt":"2023-05-10T08:02:27","guid":{"rendered":"https:\/\/stonehouse.se\/?post_type=product&#038;p=55649"},"modified":"2026-04-08T16:41:58","modified_gmt":"2026-04-08T14:41:58","slug":"elqyb-pure-2x10-mm-vit-t1000","status":"publish","type":"product","link":"https:\/\/stonehouse.se\/en\/product\/elqyb-pure-2x10-mm-vit-t1000\/","title":{"rendered":"ELQYB PURE 2X1,0 MM VIT T1000"},"content":{"rendered":"","protected":false},"excerpt":{"rendered":"<p>Halogenfri telesignalkabel. Avger inga korrosiva gaser och har l\u00e5g r\u00f6kt\u00e4thet vid brand. F\u00f6r anslutning av sensorer i brandlarmsanl\u00e4ggningar.<\/p>","protected":false},"featured_media":82159,"template":"","meta":{"_acf_changed":false},"product_brand":[],"product_cat":[2593],"product_tag":[1918],"class_list":{"0":"post-55649","1":"product","2":"type-product","3":"status-publish","4":"has-post-thumbnail","6":"product_cat-telekabel-oskarmad","7":"product_tag-kabel-oskarmad","8":"product_shipping_class-tunga-paket","9":"tm-no-options","11":"first","12":"outofstock","13":"sale","14":"taxable","15":"shipping-taxable","16":"product-type-simple"},"acf":[],"_links":{"self":[{"href":"https:\/\/stonehouse.se\/en\/wp-json\/wp\/v2\/product\/55649","targetHints":{"allow":["GET"]}}],"collection":[{"href":"https:\/\/stonehouse.se\/en\/wp-json\/wp\/v2\/product"}],"about":[{"href":"https:\/\/stonehouse.se\/en\/wp-json\/wp\/v2\/types\/product"}],"wp:featuredmedia":[{"embeddable":true,"href":"https:\/\/stonehouse.se\/en\/wp-json\/wp\/v2\/media\/82159"}],"wp:attachment":[{"href":"https:\/\/stonehouse.se\/en\/wp-json\/wp\/v2\/media?parent=55649"}],"wp:term":[{"taxonomy":"product_brand","embeddable":true,"href":"https:\/\/stonehouse.se\/en\/wp-json\/wp\/v2\/product_brand?post=55649"},{"taxonomy":"product_cat","embeddable":true,"href":"https:\/\/stonehouse.se\/en\/wp-json\/wp\/v2\/product_cat?post=55649"},{"taxonomy":"product_tag","embeddable":true,"href":"https:\/\/stonehouse.se\/en\/wp-json\/wp\/v2\/product_tag?post=55649"}],"curies":[{"name":"wp","href":"https:\/\/api.w.org\/{rel}","templated":true}]}}