
{"id":55663,"date":"2023-05-10T10:01:18","date_gmt":"2023-05-10T08:01:18","guid":{"rendered":"https:\/\/stonehouse.se\/?post_type=product&#038;p=55663"},"modified":"2026-04-08T16:43:35","modified_gmt":"2026-04-08T14:43:35","slug":"fqqxb-easy-12x022-vit-b100","status":"publish","type":"product","link":"https:\/\/stonehouse.se\/en\/product\/fqqxb-easy-12x022-vit-b100\/","title":{"rendered":"FQQXB EASY 12X0,22 VIT B100"},"content":{"rendered":"<p>Flexibel signal- och larmkabel med isolering och mantel av halogenfri, flamskyddad plastkompound. Talkfri och l\u00e4ttskalad. F\u00f6rl\u00e4ggs inomhus i fast f\u00f6rl\u00e4ggning. Anv\u00e4nds f\u00f6r kodl\u00e5s, larminstallationer mm vid krav p\u00e5 vibrationst\u00e5lighet. Uppfyller brandkrav enligt CPR klass Dcas2d2a2.<\/p>","protected":false},"excerpt":{"rendered":"<p>Flexibel signal- och larmkabel med isolering och mantel av halogenfri, flamskyddad plastkompound. Talkfri och l\u00e4ttskalad. F\u00f6rl\u00e4ggs inomhus i fast f\u00f6rl\u00e4ggning.<\/p>","protected":false},"featured_media":82357,"template":"","meta":{"_acf_changed":false},"product_brand":[],"product_cat":[2593],"product_tag":[1918],"class_list":{"0":"post-55663","1":"product","2":"type-product","3":"status-publish","4":"has-post-thumbnail","6":"product_cat-telekabel-oskarmad","7":"product_tag-kabel-oskarmad","8":"product_shipping_class-tunga-paket","9":"tm-no-options","11":"first","12":"outofstock","13":"sale","14":"taxable","15":"shipping-taxable","16":"product-type-simple"},"acf":[],"_links":{"self":[{"href":"https:\/\/stonehouse.se\/en\/wp-json\/wp\/v2\/product\/55663","targetHints":{"allow":["GET"]}}],"collection":[{"href":"https:\/\/stonehouse.se\/en\/wp-json\/wp\/v2\/product"}],"about":[{"href":"https:\/\/stonehouse.se\/en\/wp-json\/wp\/v2\/types\/product"}],"wp:featuredmedia":[{"embeddable":true,"href":"https:\/\/stonehouse.se\/en\/wp-json\/wp\/v2\/media\/82357"}],"wp:attachment":[{"href":"https:\/\/stonehouse.se\/en\/wp-json\/wp\/v2\/media?parent=55663"}],"wp:term":[{"taxonomy":"product_brand","embeddable":true,"href":"https:\/\/stonehouse.se\/en\/wp-json\/wp\/v2\/product_brand?post=55663"},{"taxonomy":"product_cat","embeddable":true,"href":"https:\/\/stonehouse.se\/en\/wp-json\/wp\/v2\/product_cat?post=55663"},{"taxonomy":"product_tag","embeddable":true,"href":"https:\/\/stonehouse.se\/en\/wp-json\/wp\/v2\/product_tag?post=55663"}],"curies":[{"name":"wp","href":"https:\/\/api.w.org\/{rel}","templated":true}]}}