
{"id":55673,"date":"2023-05-10T10:00:25","date_gmt":"2023-05-10T08:00:25","guid":{"rendered":"https:\/\/stonehouse.se\/?post_type=product&#038;p=55673"},"modified":"2026-04-08T16:45:39","modified_gmt":"2026-04-08T14:45:39","slug":"elqyb-2x10-rod-b100","status":"publish","type":"product","link":"https:\/\/stonehouse.se\/en\/product\/elqyb-2x10-rod-b100\/","title":{"rendered":"ELQYB 2X1,0 R\u00d6D B100"},"content":{"rendered":"","protected":false},"excerpt":{"rendered":"<p>Avsedd f\u00f6r brandlarm anl\u00e4ggningar, inom och utomhusf\u00f6rl\u00e4ggning dock ej i mark. Polyetenisolerad med halogenfri flammskyddad mantel.<\/p>","protected":false},"featured_media":82054,"template":"","meta":{"_acf_changed":false},"product_brand":[],"product_cat":[2593],"product_tag":[1918],"class_list":{"0":"post-55673","1":"product","2":"type-product","3":"status-publish","4":"has-post-thumbnail","6":"product_cat-telekabel-oskarmad","7":"product_tag-kabel-oskarmad","8":"product_shipping_class-tunga-paket","9":"tm-no-options","11":"first","12":"outofstock","13":"sale","14":"taxable","15":"shipping-taxable","16":"product-type-simple"},"acf":[],"_links":{"self":[{"href":"https:\/\/stonehouse.se\/en\/wp-json\/wp\/v2\/product\/55673","targetHints":{"allow":["GET"]}}],"collection":[{"href":"https:\/\/stonehouse.se\/en\/wp-json\/wp\/v2\/product"}],"about":[{"href":"https:\/\/stonehouse.se\/en\/wp-json\/wp\/v2\/types\/product"}],"wp:featuredmedia":[{"embeddable":true,"href":"https:\/\/stonehouse.se\/en\/wp-json\/wp\/v2\/media\/82054"}],"wp:attachment":[{"href":"https:\/\/stonehouse.se\/en\/wp-json\/wp\/v2\/media?parent=55673"}],"wp:term":[{"taxonomy":"product_brand","embeddable":true,"href":"https:\/\/stonehouse.se\/en\/wp-json\/wp\/v2\/product_brand?post=55673"},{"taxonomy":"product_cat","embeddable":true,"href":"https:\/\/stonehouse.se\/en\/wp-json\/wp\/v2\/product_cat?post=55673"},{"taxonomy":"product_tag","embeddable":true,"href":"https:\/\/stonehouse.se\/en\/wp-json\/wp\/v2\/product_tag?post=55673"}],"curies":[{"name":"wp","href":"https:\/\/api.w.org\/{rel}","templated":true}]}}