
{"id":55677,"date":"2023-05-10T09:59:51","date_gmt":"2023-05-10T07:59:51","guid":{"rendered":"https:\/\/stonehouse.se\/?post_type=product&#038;p=55677"},"modified":"2026-04-08T16:46:36","modified_gmt":"2026-04-08T14:46:36","slug":"elqrb-pure-2x06-mm-vit","status":"publish","type":"product","link":"https:\/\/stonehouse.se\/en\/product\/elqrb-pure-2x06-mm-vit\/","title":{"rendered":"ELQRB PURE 2X0,6 MM VIT"},"content":{"rendered":"<p>Halogenfri och flamskyddad signalkabel avsedd f\u00f6r fast installation inom- eller utomhus, p\u00e5 b\u00e4rlina eller markf\u00f6rl\u00e4ggning om skyddad mot mekanisk \u00e5verkan. Kabeln anv\u00e4nds i telesignalanl\u00e4ggningar. Vid h\u00e4ndelse av brand \u00e4r r\u00f6kutvecklingen liten och genomsynlig, vilket underl\u00e4ttar utrymning, och ej skadlig f\u00f6r elektronisk utrustning.<br \/>\nMax temperatur vid drift 70 \u00baC. L\u00e4gsta temperatur vid f\u00f6rl\u00e4ggning -20 \u00baC, under 0 \u00baC skall f\u00f6rsiktighet iakttagas.<\/p>","protected":false},"excerpt":{"rendered":"<p>Halogenfri och flamskyddad signalkabel avsedd f\u00f6r fast installation inom- eller utomhus, p\u00e5 b\u00e4rlina eller markf\u00f6rl\u00e4ggning om skyddad mot mekanisk \u00e5verkan.<\/p>","protected":false},"featured_media":82382,"template":"","meta":{"_acf_changed":false},"product_brand":[],"product_cat":[2593],"product_tag":[1918],"class_list":{"0":"post-55677","1":"product","2":"type-product","3":"status-publish","4":"has-post-thumbnail","6":"product_cat-telekabel-oskarmad","7":"product_tag-kabel-oskarmad","8":"product_shipping_class-tunga-paket","9":"tm-no-options","11":"first","12":"outofstock","13":"sale","14":"taxable","15":"shipping-taxable","16":"product-type-simple"},"acf":[],"_links":{"self":[{"href":"https:\/\/stonehouse.se\/en\/wp-json\/wp\/v2\/product\/55677","targetHints":{"allow":["GET"]}}],"collection":[{"href":"https:\/\/stonehouse.se\/en\/wp-json\/wp\/v2\/product"}],"about":[{"href":"https:\/\/stonehouse.se\/en\/wp-json\/wp\/v2\/types\/product"}],"wp:featuredmedia":[{"embeddable":true,"href":"https:\/\/stonehouse.se\/en\/wp-json\/wp\/v2\/media\/82382"}],"wp:attachment":[{"href":"https:\/\/stonehouse.se\/en\/wp-json\/wp\/v2\/media?parent=55677"}],"wp:term":[{"taxonomy":"product_brand","embeddable":true,"href":"https:\/\/stonehouse.se\/en\/wp-json\/wp\/v2\/product_brand?post=55677"},{"taxonomy":"product_cat","embeddable":true,"href":"https:\/\/stonehouse.se\/en\/wp-json\/wp\/v2\/product_cat?post=55677"},{"taxonomy":"product_tag","embeddable":true,"href":"https:\/\/stonehouse.se\/en\/wp-json\/wp\/v2\/product_tag?post=55677"}],"curies":[{"name":"wp","href":"https:\/\/api.w.org\/{rel}","templated":true}]}}