
{"id":55679,"date":"2023-05-10T09:59:42","date_gmt":"2023-05-10T07:59:42","guid":{"rendered":"https:\/\/stonehouse.se\/?post_type=product&#038;p=55679"},"modified":"2026-04-08T16:49:08","modified_gmt":"2026-04-08T14:49:08","slug":"elqyb-pure-2x10-mm-vit","status":"publish","type":"product","link":"https:\/\/stonehouse.se\/en\/product\/elqyb-pure-2x10-mm-vit\/","title":{"rendered":"ELQYB PURE 2X1,0 MM VIT"},"content":{"rendered":"","protected":false},"excerpt":{"rendered":"<p>Halogenfri telesignalkabel. Avger inga korrosiva gaser och har l\u00e5g r\u00f6kt\u00e4thet vid brand. F\u00f6r anslutning av sensorer i brandlarmsanl\u00e4ggningar.<\/p>","protected":false},"featured_media":82180,"template":"","meta":{"_acf_changed":false},"product_brand":[],"product_cat":[2593],"product_tag":[1918],"class_list":{"0":"post-55679","1":"product","2":"type-product","3":"status-publish","4":"has-post-thumbnail","6":"product_cat-telekabel-oskarmad","7":"product_tag-kabel-oskarmad","8":"product_shipping_class-tunga-paket","9":"tm-no-options","11":"first","12":"instock","13":"sale","14":"taxable","15":"shipping-taxable","16":"product-type-simple"},"acf":[],"_links":{"self":[{"href":"https:\/\/stonehouse.se\/en\/wp-json\/wp\/v2\/product\/55679","targetHints":{"allow":["GET"]}}],"collection":[{"href":"https:\/\/stonehouse.se\/en\/wp-json\/wp\/v2\/product"}],"about":[{"href":"https:\/\/stonehouse.se\/en\/wp-json\/wp\/v2\/types\/product"}],"wp:featuredmedia":[{"embeddable":true,"href":"https:\/\/stonehouse.se\/en\/wp-json\/wp\/v2\/media\/82180"}],"wp:attachment":[{"href":"https:\/\/stonehouse.se\/en\/wp-json\/wp\/v2\/media?parent=55679"}],"wp:term":[{"taxonomy":"product_brand","embeddable":true,"href":"https:\/\/stonehouse.se\/en\/wp-json\/wp\/v2\/product_brand?post=55679"},{"taxonomy":"product_cat","embeddable":true,"href":"https:\/\/stonehouse.se\/en\/wp-json\/wp\/v2\/product_cat?post=55679"},{"taxonomy":"product_tag","embeddable":true,"href":"https:\/\/stonehouse.se\/en\/wp-json\/wp\/v2\/product_tag?post=55679"}],"curies":[{"name":"wp","href":"https:\/\/api.w.org\/{rel}","templated":true}]}}