
{"id":55685,"date":"2023-05-10T09:59:23","date_gmt":"2023-05-10T07:59:23","guid":{"rendered":"https:\/\/stonehouse.se\/?post_type=product&#038;p=55685"},"modified":"2026-04-08T16:50:02","modified_gmt":"2026-04-08T14:50:02","slug":"elqrb-pure-2x06-mm-vit-t500","status":"publish","type":"product","link":"https:\/\/stonehouse.se\/en\/product\/elqrb-pure-2x06-mm-vit-t500\/","title":{"rendered":"ELQRB PURE 2X0,6 MM VIT T500"},"content":{"rendered":"<p>Halogenfri telesignalkabel. Avger inga korrosiva gaser och har l\u00e5g r\u00f6kt\u00e4thet vid brand. I telesignalanl\u00e4ggningar f\u00f6r fast f\u00f6rl\u00e4ggning inom- och utomhus, p\u00e5 b\u00e4rlina eller i mark om kabeln skyddas mot mekanisk \u00e5verkan. R\u00f6d kabel anv\u00e4nds som sektionsledning i brandlarmsanl\u00e4ggningar.<\/p>","protected":false},"excerpt":{"rendered":"<p>Halogenfri telesignalkabel. Avger inga korrosiva gaser och har l\u00e5g r\u00f6kt\u00e4thet vid brand. I telesignalanl\u00e4ggningar f\u00f6r fast f\u00f6rl\u00e4ggning inom- och utomhus,<\/p>","protected":false},"featured_media":82115,"template":"","meta":{"_acf_changed":false},"product_brand":[],"product_cat":[2593],"product_tag":[1918],"class_list":{"0":"post-55685","1":"product","2":"type-product","3":"status-publish","4":"has-post-thumbnail","6":"product_cat-telekabel-oskarmad","7":"product_tag-kabel-oskarmad","8":"product_shipping_class-tunga-paket","9":"tm-no-options","11":"first","12":"instock","13":"sale","14":"taxable","15":"shipping-taxable","16":"product-type-simple"},"acf":[],"_links":{"self":[{"href":"https:\/\/stonehouse.se\/en\/wp-json\/wp\/v2\/product\/55685","targetHints":{"allow":["GET"]}}],"collection":[{"href":"https:\/\/stonehouse.se\/en\/wp-json\/wp\/v2\/product"}],"about":[{"href":"https:\/\/stonehouse.se\/en\/wp-json\/wp\/v2\/types\/product"}],"wp:featuredmedia":[{"embeddable":true,"href":"https:\/\/stonehouse.se\/en\/wp-json\/wp\/v2\/media\/82115"}],"wp:attachment":[{"href":"https:\/\/stonehouse.se\/en\/wp-json\/wp\/v2\/media?parent=55685"}],"wp:term":[{"taxonomy":"product_brand","embeddable":true,"href":"https:\/\/stonehouse.se\/en\/wp-json\/wp\/v2\/product_brand?post=55685"},{"taxonomy":"product_cat","embeddable":true,"href":"https:\/\/stonehouse.se\/en\/wp-json\/wp\/v2\/product_cat?post=55685"},{"taxonomy":"product_tag","embeddable":true,"href":"https:\/\/stonehouse.se\/en\/wp-json\/wp\/v2\/product_tag?post=55685"}],"curies":[{"name":"wp","href":"https:\/\/api.w.org\/{rel}","templated":true}]}}