
{"id":55687,"date":"2023-05-10T09:59:12","date_gmt":"2023-05-10T07:59:12","guid":{"rendered":"https:\/\/stonehouse.se\/?post_type=product&#038;p=55687"},"modified":"2026-04-08T16:50:22","modified_gmt":"2026-04-08T14:50:22","slug":"eqqxb-easy-6x2x05-vit","status":"publish","type":"product","link":"https:\/\/stonehouse.se\/en\/product\/eqqxb-easy-6x2x05-vit\/","title":{"rendered":"EQQXB EASY 6X2X0,5 VIT"},"content":{"rendered":"","protected":false},"excerpt":{"rendered":"<p>Partvinnad, halogenfri, flamskyddad telekabel. F\u00f6rl\u00e4ggs inomhus i fast f\u00f6rl\u00e4ggning och i r\u00f6r. EQQXB EASY anv\u00e4nds f\u00f6r privata kommunikationsn\u00e4t i fastigheter. Uppfyller brandkrav enligt IEC 60332-1 (F2).<\/p>","protected":false},"featured_media":82060,"template":"","meta":{"_acf_changed":false},"product_brand":[],"product_cat":[2593],"product_tag":[1918],"class_list":{"0":"post-55687","1":"product","2":"type-product","3":"status-publish","4":"has-post-thumbnail","6":"product_cat-telekabel-oskarmad","7":"product_tag-kabel-oskarmad","8":"product_shipping_class-tunga-paket","9":"tm-no-options","11":"first","12":"instock","13":"sale","14":"taxable","15":"shipping-taxable","16":"product-type-simple"},"acf":[],"_links":{"self":[{"href":"https:\/\/stonehouse.se\/en\/wp-json\/wp\/v2\/product\/55687","targetHints":{"allow":["GET"]}}],"collection":[{"href":"https:\/\/stonehouse.se\/en\/wp-json\/wp\/v2\/product"}],"about":[{"href":"https:\/\/stonehouse.se\/en\/wp-json\/wp\/v2\/types\/product"}],"wp:featuredmedia":[{"embeddable":true,"href":"https:\/\/stonehouse.se\/en\/wp-json\/wp\/v2\/media\/82060"}],"wp:attachment":[{"href":"https:\/\/stonehouse.se\/en\/wp-json\/wp\/v2\/media?parent=55687"}],"wp:term":[{"taxonomy":"product_brand","embeddable":true,"href":"https:\/\/stonehouse.se\/en\/wp-json\/wp\/v2\/product_brand?post=55687"},{"taxonomy":"product_cat","embeddable":true,"href":"https:\/\/stonehouse.se\/en\/wp-json\/wp\/v2\/product_cat?post=55687"},{"taxonomy":"product_tag","embeddable":true,"href":"https:\/\/stonehouse.se\/en\/wp-json\/wp\/v2\/product_tag?post=55687"}],"curies":[{"name":"wp","href":"https:\/\/api.w.org\/{rel}","templated":true}]}}