
{"id":55713,"date":"2023-05-10T09:57:13","date_gmt":"2023-05-10T07:57:13","guid":{"rendered":"https:\/\/stonehouse.se\/?post_type=product&#038;p=55713"},"modified":"2026-04-08T16:33:26","modified_gmt":"2026-04-08T14:33:26","slug":"eqqrb-easy-7x10-vit","status":"publish","type":"product","link":"https:\/\/stonehouse.se\/en\/product\/eqqrb-easy-7x10-vit\/","title":{"rendered":"EQQRB EASY 7X1,0 VIT"},"content":{"rendered":"","protected":false},"excerpt":{"rendered":"<p>Halogenfri flamskyddad signalkabel. EQQRB anv\u00e4nds som signalkabel i diverse styr- och reglertekniska anl\u00e4ggningar, \u00e4ven brandlarmsanl\u00e4ggningar. Den f\u00f6rl\u00e4ggs inomhus och utomhus. Uppfyller brandkrav enligt CPR klass Dcas2d2a2.<\/p>","protected":false},"featured_media":82125,"template":"","meta":{"_acf_changed":false},"product_brand":[],"product_cat":[2593],"product_tag":[1918],"class_list":{"0":"post-55713","1":"product","2":"type-product","3":"status-publish","4":"has-post-thumbnail","6":"product_cat-telekabel-oskarmad","7":"product_tag-kabel-oskarmad","8":"product_shipping_class-tunga-paket","9":"tm-no-options","11":"first","12":"instock","13":"sale","14":"taxable","15":"shipping-taxable","16":"product-type-simple"},"acf":[],"_links":{"self":[{"href":"https:\/\/stonehouse.se\/en\/wp-json\/wp\/v2\/product\/55713","targetHints":{"allow":["GET"]}}],"collection":[{"href":"https:\/\/stonehouse.se\/en\/wp-json\/wp\/v2\/product"}],"about":[{"href":"https:\/\/stonehouse.se\/en\/wp-json\/wp\/v2\/types\/product"}],"wp:featuredmedia":[{"embeddable":true,"href":"https:\/\/stonehouse.se\/en\/wp-json\/wp\/v2\/media\/82125"}],"wp:attachment":[{"href":"https:\/\/stonehouse.se\/en\/wp-json\/wp\/v2\/media?parent=55713"}],"wp:term":[{"taxonomy":"product_brand","embeddable":true,"href":"https:\/\/stonehouse.se\/en\/wp-json\/wp\/v2\/product_brand?post=55713"},{"taxonomy":"product_cat","embeddable":true,"href":"https:\/\/stonehouse.se\/en\/wp-json\/wp\/v2\/product_cat?post=55713"},{"taxonomy":"product_tag","embeddable":true,"href":"https:\/\/stonehouse.se\/en\/wp-json\/wp\/v2\/product_tag?post=55713"}],"curies":[{"name":"wp","href":"https:\/\/api.w.org\/{rel}","templated":true}]}}