
{"id":55753,"date":"2023-05-10T09:53:44","date_gmt":"2023-05-10T07:53:44","guid":{"rendered":"https:\/\/stonehouse.se\/?post_type=product&#038;p=55753"},"modified":"2026-04-08T16:36:06","modified_gmt":"2026-04-08T14:36:06","slug":"elqxb-pure-2x2x05-vit-b500","status":"publish","type":"product","link":"https:\/\/stonehouse.se\/en\/product\/elqxb-pure-2x2x05-vit-b500\/","title":{"rendered":"ELQXB PURE 2X2X0,5 VIT B500"},"content":{"rendered":"","protected":false},"excerpt":{"rendered":"<p>Halogenfri telesignalkabel. Avger inga korrosiva gaser och har l\u00e5g r\u00f6kt\u00e4thet vid brand. Fast f\u00f6rl\u00e4ggning eller i r\u00f6r, f\u00f6r privata kommunikationsn\u00e4t inomhus. Parterna \u00e4r partvinnade (1x4x0,5 \u00e4r tvinnade till fyrskruv).<\/p>","protected":false},"featured_media":82241,"template":"","meta":{"_acf_changed":false},"product_brand":[],"product_cat":[2593],"product_tag":[1918],"class_list":{"0":"post-55753","1":"product","2":"type-product","3":"status-publish","4":"has-post-thumbnail","6":"product_cat-telekabel-oskarmad","7":"product_tag-kabel-oskarmad","8":"product_shipping_class-tunga-paket","9":"tm-no-options","11":"first","12":"instock","13":"sale","14":"taxable","15":"shipping-taxable","16":"product-type-simple"},"acf":[],"_links":{"self":[{"href":"https:\/\/stonehouse.se\/en\/wp-json\/wp\/v2\/product\/55753","targetHints":{"allow":["GET"]}}],"collection":[{"href":"https:\/\/stonehouse.se\/en\/wp-json\/wp\/v2\/product"}],"about":[{"href":"https:\/\/stonehouse.se\/en\/wp-json\/wp\/v2\/types\/product"}],"wp:featuredmedia":[{"embeddable":true,"href":"https:\/\/stonehouse.se\/en\/wp-json\/wp\/v2\/media\/82241"}],"wp:attachment":[{"href":"https:\/\/stonehouse.se\/en\/wp-json\/wp\/v2\/media?parent=55753"}],"wp:term":[{"taxonomy":"product_brand","embeddable":true,"href":"https:\/\/stonehouse.se\/en\/wp-json\/wp\/v2\/product_brand?post=55753"},{"taxonomy":"product_cat","embeddable":true,"href":"https:\/\/stonehouse.se\/en\/wp-json\/wp\/v2\/product_cat?post=55753"},{"taxonomy":"product_tag","embeddable":true,"href":"https:\/\/stonehouse.se\/en\/wp-json\/wp\/v2\/product_tag?post=55753"}],"curies":[{"name":"wp","href":"https:\/\/api.w.org\/{rel}","templated":true}]}}