
{"id":55787,"date":"2023-05-10T09:49:49","date_gmt":"2023-05-10T07:49:49","guid":{"rendered":"https:\/\/stonehouse.se\/?post_type=product&#038;p=55787"},"modified":"2026-04-08T16:43:52","modified_gmt":"2026-04-08T14:43:52","slug":"eqqxb-easy-1x4x05-vit-r100","status":"publish","type":"product","link":"https:\/\/stonehouse.se\/en\/product\/eqqxb-easy-1x4x05-vit-r100\/","title":{"rendered":"EQQXB EASY 1X4X0,5 VIT R100"},"content":{"rendered":"","protected":false},"excerpt":{"rendered":"<p>Fyrskruvstvinnad, halogenfri, flamskyddad telekabel. F\u00f6rl\u00e4ggs inomhus i fast f\u00f6rl\u00e4ggning och i r\u00f6r. EQQXB EASY anv\u00e4nds f\u00f6r privata kommunikationsn\u00e4t i fastigheter. Uppfyller brandkrav enligt CPR klass Dcas2d2a2.<\/p>","protected":false},"featured_media":82271,"template":"","meta":{"_acf_changed":false},"product_brand":[],"product_cat":[2593],"product_tag":[1918],"class_list":{"0":"post-55787","1":"product","2":"type-product","3":"status-publish","4":"has-post-thumbnail","6":"product_cat-telekabel-oskarmad","7":"product_tag-kabel-oskarmad","8":"product_shipping_class-tunga-paket","9":"tm-no-options","11":"first","12":"instock","13":"sale","14":"taxable","15":"shipping-taxable","16":"product-type-simple"},"acf":[],"_links":{"self":[{"href":"https:\/\/stonehouse.se\/en\/wp-json\/wp\/v2\/product\/55787","targetHints":{"allow":["GET"]}}],"collection":[{"href":"https:\/\/stonehouse.se\/en\/wp-json\/wp\/v2\/product"}],"about":[{"href":"https:\/\/stonehouse.se\/en\/wp-json\/wp\/v2\/types\/product"}],"wp:featuredmedia":[{"embeddable":true,"href":"https:\/\/stonehouse.se\/en\/wp-json\/wp\/v2\/media\/82271"}],"wp:attachment":[{"href":"https:\/\/stonehouse.se\/en\/wp-json\/wp\/v2\/media?parent=55787"}],"wp:term":[{"taxonomy":"product_brand","embeddable":true,"href":"https:\/\/stonehouse.se\/en\/wp-json\/wp\/v2\/product_brand?post=55787"},{"taxonomy":"product_cat","embeddable":true,"href":"https:\/\/stonehouse.se\/en\/wp-json\/wp\/v2\/product_cat?post=55787"},{"taxonomy":"product_tag","embeddable":true,"href":"https:\/\/stonehouse.se\/en\/wp-json\/wp\/v2\/product_tag?post=55787"}],"curies":[{"name":"wp","href":"https:\/\/api.w.org\/{rel}","templated":true}]}}