
{"id":55960,"date":"2023-05-18T12:29:19","date_gmt":"2023-05-18T10:29:19","guid":{"rendered":"https:\/\/stonehouse.se\/produkt\/cb-batteri-teknik-4-x-gp130aam-4-8v-1-3ah-battery-pack-for-powermaster-g\/"},"modified":"2026-04-09T11:37:42","modified_gmt":"2026-04-09T09:37:42","slug":"batteri-powermaster-5200mah-visonic","status":"publish","type":"product","link":"https:\/\/stonehouse.se\/en\/product\/batteri-powermaster-5200mah-visonic\/","title":{"rendered":"Batteri PowerMaster RP600 och PG8920 &#8211; 4.8V, 2000 mAh &#8211; Visonic DSC"},"content":{"rendered":"<h1>Batteri Visonic &#8211; PowerMaster och PowerMax<\/h1>\n<p>Med detta h\u00f6gkapacitetsbatteri f\u00f6r PowerMaster-enheter f\u00e5r du en l\u00f6sning som s\u00e4kerst\u00e4ller l\u00e4ngre drifttid och oavbruten prestanda f\u00f6r ditt s\u00e4kerhetssystem.<\/p>\n<h2 class=\"desc-title info-toggle\">Batteriet \u00e4r kompatibelt med f\u00f6ljande modeller<i class=\"far fa-chevron-up\"><\/i><\/h2>\n<div id=\"__BVID__72\" class=\"collapse show\">\n<ul class=\"compatibility\">\n<li>Visonic PowerMaster 10<\/li>\n<li>Visonic PowerMax 99-301712 Control Panel<\/li>\n<li>Visonic Powermax Express<\/li>\n<li>PG8920<\/li>\n<li>RP600<\/li>\n<\/ul>\n<\/div>\n<h4>F\u00f6rdelar:<\/h4>\n<ul>\n<li><strong>Kompatibilitet<\/strong>: Designat f\u00f6r Visonic och DSC-enheter, vilket g\u00f6r det enkelt att integrera.<\/li>\n<li><strong>P\u00e5litlighet<\/strong>: Robust konstruktion och konsekvent str\u00f6mf\u00f6rs\u00f6rjning s\u00e4kerst\u00e4ller maximal prestanda.<\/li>\n<li><strong>L\u00e4tt att Installera<\/strong>: Batteriet \u00e4r enkelt att byta ut, vilket sparar tid och anstr\u00e4ngning.<\/li>\n<\/ul>\n<p>Investera i ett nytt batteri f\u00f6r att f\u00f6rb\u00e4ttra effektiviteten och s\u00e4kerst\u00e4lla att ditt system alltid fungerar som det ska.<\/p>","protected":false},"excerpt":{"rendered":"<p>F\u00f6rl\u00e4ng drifttiden med detta h\u00f6gkapacitetsbatteri.<\/p>","protected":false},"featured_media":86067,"template":"","meta":{"_acf_changed":false},"product_brand":[],"product_cat":[1832,1386,3607],"product_tag":[1669,1673],"class_list":{"0":"post-55960","1":"product","2":"type-product","3":"status-publish","4":"has-post-thumbnail","6":"product_cat-batterier-knappcell-kabel-installation","7":"product_cat-visonic-inbrottslarm-tradlost","8":"product_cat-reservdelar-batteri","9":"product_tag-visonic-manoverpanel","10":"product_tag-visonic-reservdel","11":"product_shipping_class-postnord-varubrev","12":"tm-no-options","14":"first","15":"instock","16":"sale","17":"featured","18":"taxable","19":"shipping-taxable","20":"product-type-simple"},"acf":[],"_links":{"self":[{"href":"https:\/\/stonehouse.se\/en\/wp-json\/wp\/v2\/product\/55960","targetHints":{"allow":["GET"]}}],"collection":[{"href":"https:\/\/stonehouse.se\/en\/wp-json\/wp\/v2\/product"}],"about":[{"href":"https:\/\/stonehouse.se\/en\/wp-json\/wp\/v2\/types\/product"}],"wp:featuredmedia":[{"embeddable":true,"href":"https:\/\/stonehouse.se\/en\/wp-json\/wp\/v2\/media\/86067"}],"wp:attachment":[{"href":"https:\/\/stonehouse.se\/en\/wp-json\/wp\/v2\/media?parent=55960"}],"wp:term":[{"taxonomy":"product_brand","embeddable":true,"href":"https:\/\/stonehouse.se\/en\/wp-json\/wp\/v2\/product_brand?post=55960"},{"taxonomy":"product_cat","embeddable":true,"href":"https:\/\/stonehouse.se\/en\/wp-json\/wp\/v2\/product_cat?post=55960"},{"taxonomy":"product_tag","embeddable":true,"href":"https:\/\/stonehouse.se\/en\/wp-json\/wp\/v2\/product_tag?post=55960"}],"curies":[{"name":"wp","href":"https:\/\/api.w.org\/{rel}","templated":true}]}}