
{"id":59248,"date":"2023-07-07T11:54:44","date_gmt":"2023-07-07T09:54:44","guid":{"rendered":"https:\/\/stonehouse.se\/produkt\/kodlas-act5-10-koder\/"},"modified":"2026-01-06T20:51:19","modified_gmt":"2026-01-06T19:51:19","slug":"kodlas-act5-10-koder","status":"publish","type":"product","link":"https:\/\/stonehouse.se\/en\/product\/kodlas-act5-10-koder\/","title":{"rendered":"Kodl\u00e5s ACT5 10 koder"},"content":{"rendered":"<p>Frist\u00e5ende kodl\u00e5s med 10 anv\u00e4ndarkoder f\u00f6r styrning av en d\u00f6rr.<br \/>\nH\u00f6lje i polykarbonat och knappsats med bakgrundsbelysta, rostfria knappar g\u00f6r kodl\u00e5set l\u00e4mpligt b\u00e5de f\u00f6r inom- och utomhusbruk.<br \/>\nFunktion som sp\u00e4rrar knappsatsen i 20 s vid 3 felaktiga kodinmatningar.<br \/>\nSnabbfakta:<br \/>\nF\u00f6r inom- och utomhusbruk, IP67<br \/>\nSnabb och enkel programmering via knappsats<br \/>\nBakgrundsbelysta knappar<br \/>\nRel\u00e4utg\u00e5ng 5 A<br \/>\nSp\u00e4rr vid felaktig kod<\/p>\n<p>&nbsp;<\/p>\n<p>Data:<\/p>\n<table class=\"product--properties-table\">\n<tbody>\n<tr class=\"product--properties-row\">\n<td class=\"product--properties-label is--bold\">Arbetstemperatur:<\/td>\n<td class=\"product--properties-value\">-40 to +70\u00b0C<\/td>\n<\/tr>\n<tr class=\"product--properties-row\">\n<td class=\"product--properties-label is--bold\">Vikt:<\/td>\n<td class=\"product--properties-value\">0.225kg<\/td>\n<\/tr>\n<tr class=\"product--properties-row\">\n<td class=\"product--properties-label is--bold\">Antal d\u00f6rrar:<\/td>\n<td class=\"product--properties-value\">1<\/td>\n<\/tr>\n<tr class=\"product--properties-row\">\n<td class=\"product--properties-label is--bold\">Anv\u00e4ndare:<\/td>\n<td class=\"product--properties-value\">10<\/td>\n<\/tr>\n<tr class=\"product--properties-row\">\n<td class=\"product--properties-label is--bold\">Driftsp\u00e4nning :<\/td>\n<td class=\"product--properties-value\">12 &#8211; 24 Volts AC\/DC<\/td>\n<\/tr>\n<tr class=\"product--properties-row\">\n<td class=\"product--properties-label is--bold\">Inf\u00e4stning:<\/td>\n<td class=\"product--properties-value\">Surface \/ flush<\/td>\n<\/tr>\n<tr class=\"product--properties-row\">\n<td class=\"product--properties-label is--bold\">Installation:<\/td>\n<td class=\"product--properties-value\">Indoor \/ outdoor<\/td>\n<\/tr>\n<tr class=\"product--properties-row\">\n<td class=\"product--properties-label is--bold\">Str\u00f6mf\u00f6rbrukning:<\/td>\n<td class=\"product--properties-value\">30mA (nominal), 120mA (max)<\/td>\n<\/tr>\n<tr class=\"product--properties-row\">\n<td class=\"product--properties-label is--bold\">Sabotageskydd:<\/td>\n<td class=\"product--properties-value\">No<\/td>\n<\/tr>\n<tr class=\"product--properties-row\">\n<td class=\"product--properties-label is--bold\">Kapslingsklass:<\/td>\n<td class=\"product--properties-value\">IP55<\/td>\n<\/tr>\n<tr class=\"product--properties-row\">\n<td class=\"product--properties-label is--bold\">Dimensioner (L x B x H):<\/td>\n<td class=\"product--properties-value\">94 x 130 x 25mm<\/td>\n<\/tr>\n<\/tbody>\n<\/table>","protected":false},"excerpt":{"rendered":"<p>Kodl\u00e5s 12-24v AC\/DC med 10 programmerbara koder inom och utomhus.<\/p>","protected":false},"featured_media":82309,"template":"","meta":{"_acf_changed":false},"product_brand":[],"product_cat":[352],"product_tag":[],"class_list":{"0":"post-59248","1":"product","2":"type-product","3":"status-publish","4":"has-post-thumbnail","6":"product_cat-outlet","7":"product_shipping_class-postnord-varubrev","8":"pa_brands-6vanderbilt","9":"tm-no-options","11":"first","12":"outofstock","13":"sale","14":"featured","15":"taxable","16":"shipping-taxable","17":"product-type-simple"},"acf":[],"_links":{"self":[{"href":"https:\/\/stonehouse.se\/en\/wp-json\/wp\/v2\/product\/59248","targetHints":{"allow":["GET"]}}],"collection":[{"href":"https:\/\/stonehouse.se\/en\/wp-json\/wp\/v2\/product"}],"about":[{"href":"https:\/\/stonehouse.se\/en\/wp-json\/wp\/v2\/types\/product"}],"wp:featuredmedia":[{"embeddable":true,"href":"https:\/\/stonehouse.se\/en\/wp-json\/wp\/v2\/media\/82309"}],"wp:attachment":[{"href":"https:\/\/stonehouse.se\/en\/wp-json\/wp\/v2\/media?parent=59248"}],"wp:term":[{"taxonomy":"product_brand","embeddable":true,"href":"https:\/\/stonehouse.se\/en\/wp-json\/wp\/v2\/product_brand?post=59248"},{"taxonomy":"product_cat","embeddable":true,"href":"https:\/\/stonehouse.se\/en\/wp-json\/wp\/v2\/product_cat?post=59248"},{"taxonomy":"product_tag","embeddable":true,"href":"https:\/\/stonehouse.se\/en\/wp-json\/wp\/v2\/product_tag?post=59248"}],"curies":[{"name":"wp","href":"https:\/\/api.w.org\/{rel}","templated":true}]}}