
{"id":59324,"date":"2023-03-16T12:23:02","date_gmt":"2023-03-16T11:23:02","guid":{"rendered":"https:\/\/stonehouse.se\/produkt\/anslutningskabel-c06-100m\/"},"modified":"2026-01-12T13:16:24","modified_gmt":"2026-01-12T12:16:24","slug":"anslutningskabel-c06-100m","status":"publish","type":"product","link":"https:\/\/stonehouse.se\/en\/product\/anslutningskabel-c06-100m\/","title":{"rendered":"Safetron Anslutningskabel C06 100m"},"content":{"rendered":"<p>Halogenfri anslutningskabel 6-ledare, l\u00e4mplig f\u00f6r motorl\u00e5s ur 6000-serien och elslutbleck.<\/p>\n<p>\u2022 L\u00e4ngd: 100 meter<\/p>\n<p>\u2022 6-ledare<\/p>\n<p>\u2022 F\u00f6rskalad<\/p>","protected":false},"excerpt":{"rendered":"<p>Halogenfri anslutningskabel 6-ledare, l\u00e4mplig f\u00f6r motorl\u00e5s ur 6000-serien och elslutbleck. \u2022 L\u00e4ngd: 100 meter \u2022 6-ledare \u2022 F\u00f6rskalad<\/p>","protected":false},"featured_media":82237,"template":"","meta":{"_acf_changed":false},"product_brand":[],"product_cat":[447],"product_tag":[1632,3727],"class_list":{"0":"post-59324","1":"product","2":"type-product","3":"status-publish","4":"has-post-thumbnail","6":"product_cat-las-tillbehor-safetron","7":"product_tag-ellas-tillbehor-anslutningskabel","8":"product_tag-safetron-20","9":"product_shipping_class-tunga-paket","10":"pa_brands-7safetron","11":"tm-no-options","13":"first","14":"instock","15":"sale","16":"featured","17":"taxable","18":"shipping-taxable","19":"product-type-simple"},"acf":[],"_links":{"self":[{"href":"https:\/\/stonehouse.se\/en\/wp-json\/wp\/v2\/product\/59324","targetHints":{"allow":["GET"]}}],"collection":[{"href":"https:\/\/stonehouse.se\/en\/wp-json\/wp\/v2\/product"}],"about":[{"href":"https:\/\/stonehouse.se\/en\/wp-json\/wp\/v2\/types\/product"}],"wp:featuredmedia":[{"embeddable":true,"href":"https:\/\/stonehouse.se\/en\/wp-json\/wp\/v2\/media\/82237"}],"wp:attachment":[{"href":"https:\/\/stonehouse.se\/en\/wp-json\/wp\/v2\/media?parent=59324"}],"wp:term":[{"taxonomy":"product_brand","embeddable":true,"href":"https:\/\/stonehouse.se\/en\/wp-json\/wp\/v2\/product_brand?post=59324"},{"taxonomy":"product_cat","embeddable":true,"href":"https:\/\/stonehouse.se\/en\/wp-json\/wp\/v2\/product_cat?post=59324"},{"taxonomy":"product_tag","embeddable":true,"href":"https:\/\/stonehouse.se\/en\/wp-json\/wp\/v2\/product_tag?post=59324"}],"curies":[{"name":"wp","href":"https:\/\/api.w.org\/{rel}","templated":true}]}}