
{"id":59326,"date":"2023-03-16T11:07:40","date_gmt":"2023-03-16T10:07:40","guid":{"rendered":"https:\/\/stonehouse.se\/produkt\/safetron-motorlas-6300-halvsats\/"},"modified":"2026-01-12T13:19:28","modified_gmt":"2026-01-12T12:19:28","slug":"safetron-motorlas-6300-halvsats","status":"publish","type":"product","link":"https:\/\/stonehouse.se\/en\/product\/safetron-motorlas-6300-halvsats\/","title":{"rendered":"Safetron Motorl\u00e5s 6300 halvsats"},"content":{"rendered":"<p>SAFETRON motorl\u00e5s 6300 i satsf\u00f6rpackning. Satsf\u00f6rpackningen inneh\u00e5ller: motorl\u00e5s 6300, anslutningskabel C04 (10m), slutbleck 106-5 samt karm\u00f6verf\u00f6ring CT81.<\/p>\n<p>Motorl\u00e5s 6300 i smalprofilutf\u00f6rande fr\u00e5nreglar under 0.2 sekunder och d\u00e4rf\u00f6r beh\u00f6vs normalt sett inget separat dagl\u00e5s p\u00e5 h\u00f6gfrekventa d\u00f6rrar. Typiska anv\u00e4ndningsomr\u00e5den \u00e4r dag-, natt- och s\u00e4kerhetsl\u00e5sning inom handel, kontor och industri samt d\u00e4r det st\u00e4lls h\u00f6ga till mycket h\u00f6ga krav p\u00e5 s\u00e4kerhet. Motorl\u00e5s 6300 \u00e4r anpassad att fungera ihop med d\u00f6rrautomatik.<\/p>\n<p>Styrenhet CU2 har marknadens bredaste anv\u00e4ndningsomr\u00e5de samtidigt som den ocks\u00e5 \u00e4r mest anv\u00e4ndarv\u00e4nlig. Med CU2 kan tv\u00e5 motorl\u00e5s anslutas utan n\u00e5gon begr\u00e4nsning i signalutbyte, detta inneb\u00e4r att CU2 effektivt \u00e4r tv\u00e5 styrenheter i en. M\u00f6jlighet ges ocks\u00e5 att programmera AUX rel\u00e4er f\u00f6r \u00f6nskad funktion, t.ex. f\u00e4rdig styrning f\u00f6r d\u00f6rrautomatik eller v\u00e4sentlig funktion.<\/p>\n<p>Styrenhet CU2 har automatisk avscanning vilket g\u00f6r installationen plug-and-play. Ingen initiering kr\u00e4vs utan ihopparning mellan enheter sker automatiskt efter 12h, d\u00e5 s\u00e4tts ocks\u00e5 installationsdatum digitalt i enheterna fr\u00e5n vilket garantitid b\u00f6rjar g\u00e4lla.<\/p>\n<p>B\u00e5de l\u00e5shuset och styrenheten har en inbyggda navigeringsbara displayer vilket m\u00f6jligg\u00f6r justering av konfigurationen samt informationsh\u00e4mtning av bl.a. h\u00e4ndelser och installationsdatum.<\/p>\n<p>\u2022 Certifierat enligt SSF-3522 l\u00e5sklass 3, 4 och 5 samt SS-EN 14846 Grade 7<\/p>\n<p>\u2022 Hakregel<\/p>\n<p>\u2022 Anpassad f\u00f6r d\u00f6rrautomatik<\/p>\n<p>\u2022 Upp till 100m kabel<\/p>\n<p>\u2022 Automatisk initiering<\/p>\n<p>\u2022 Dorndjup 35mm<\/p>\n<p>\u2022 Fr\u00e5nreglar under 0.2 sekunder<\/p>\n<p>\u2022 \u00d6ppningsbart med nyckel\/vred (90 graders vridning)<\/p>\n<p>\u2022 Servicemodul i styrenhet<\/p>\n<p>\u2022 H\u00e4ndelselogg<\/p>\n<p>\u2022 Felkodslogg<\/p>\n<p>\u2022 Seriekoppling, upp till tv\u00e5 motorl\u00e5s mot en styrenhet<\/p>\n<p>\u2022 Sp\u00e4nning: 10-48VDC, 8-35VAC, 60-300 mA<\/p>\n<p>\u2022 Temp: -30\u00b0C till +70\u00b0C<\/p>\n<p>\u2022 Passar skandinaviska oval- och rundcylindrar<\/p>","protected":false},"excerpt":{"rendered":"<p>SAFETRON motorl\u00e5s 6300 i satsf\u00f6rpackning. Satsf\u00f6rpackningen inneh\u00e5ller: motorl\u00e5s 6300, anslutningskabel C04 (10m), slutbleck 106-5 samt karm\u00f6verf\u00f6ring CT81. Motorl\u00e5s 6300 i<\/p>","protected":false},"featured_media":89702,"template":"","meta":{"_acf_changed":false},"product_brand":[],"product_cat":[447],"product_tag":[1624,3569,1795,3727,1800],"class_list":{"0":"post-59326","1":"product","2":"type-product","3":"status-publish","4":"has-post-thumbnail","6":"product_cat-las-tillbehor-safetron","7":"product_tag-motorlas-komplett-kpl","8":"product_tag-panikutrymning-nej","9":"product_tag-rel-safetron-motorlas","10":"product_tag-safetron-20","11":"product_tag-safetron-motorlas","12":"product_shipping_class-tunga-paket","13":"pa_brands-7safetron","14":"tm-no-options","16":"first","17":"instock","18":"sale","19":"featured","20":"taxable","21":"shipping-taxable","22":"product-type-simple"},"acf":[],"_links":{"self":[{"href":"https:\/\/stonehouse.se\/en\/wp-json\/wp\/v2\/product\/59326","targetHints":{"allow":["GET"]}}],"collection":[{"href":"https:\/\/stonehouse.se\/en\/wp-json\/wp\/v2\/product"}],"about":[{"href":"https:\/\/stonehouse.se\/en\/wp-json\/wp\/v2\/types\/product"}],"wp:featuredmedia":[{"embeddable":true,"href":"https:\/\/stonehouse.se\/en\/wp-json\/wp\/v2\/media\/89702"}],"wp:attachment":[{"href":"https:\/\/stonehouse.se\/en\/wp-json\/wp\/v2\/media?parent=59326"}],"wp:term":[{"taxonomy":"product_brand","embeddable":true,"href":"https:\/\/stonehouse.se\/en\/wp-json\/wp\/v2\/product_brand?post=59326"},{"taxonomy":"product_cat","embeddable":true,"href":"https:\/\/stonehouse.se\/en\/wp-json\/wp\/v2\/product_cat?post=59326"},{"taxonomy":"product_tag","embeddable":true,"href":"https:\/\/stonehouse.se\/en\/wp-json\/wp\/v2\/product_tag?post=59326"}],"curies":[{"name":"wp","href":"https:\/\/api.w.org\/{rel}","templated":true}]}}