
{"id":59436,"date":"2022-07-04T07:53:34","date_gmt":"2022-07-04T05:53:34","guid":{"rendered":"https:\/\/stonehouse.se\/produkt\/motorlas-6600-halvsats-2\/"},"modified":"2026-01-12T13:19:21","modified_gmt":"2026-01-12T12:19:21","slug":"motorlas-6600-halvsats-2","status":"publish","type":"product","link":"https:\/\/stonehouse.se\/en\/product\/motorlas-6600-halvsats-2\/","title":{"rendered":"Safetron Motorl\u00e5s 6600 halvsats"},"content":{"rendered":"<p>SAFETRON 6600 i halvsatsf\u00f6rpackning. Satsf\u00f6rpackningen inneh\u00e5ller: motorl\u00e5s 6600, anslutningskabel C06 (10m), slutbleck 107-2 samt karm\u00f6verf\u00f6ring CT81.<\/p>\n<p>SAFETRON 6600 \u00e4r marknadens mest kompletta motorl\u00e5s med modern kolvplacering &#8211; identisk med med l\u00e5s i ASSA connect-serierna. Detta inneb\u00e4r att motorl\u00e5set \u00e4r anpassad f\u00f6r moderna d\u00f6rrurtag, oavsett om det \u00e4r fasta eller utbytbara slutbleck. SAFETRON 6600 fr\u00e5nreglar under 0.1 sekunder och d\u00e4rf\u00f6r beh\u00f6vs normalt sett inget separat dagl\u00e5s p\u00e5 h\u00f6gfrekventa d\u00f6rrar.<\/p>\n<p>Typiska anv\u00e4ndningsomr\u00e5den \u00e4r dag-, natt- och s\u00e4kerhetsl\u00e5sning inom handel, kontor och industri samt d\u00e4r det st\u00e4lls mycket h\u00f6ga krav p\u00e5 s\u00e4kerhet. Motorl\u00e5sen \u00e4r certifierade enligt SSF-3522 l\u00e5sklass 2B, 3, 4 och 5 samt SS-EN 14846 Grade 7.<\/p>\n<p>SAFETRON 6600 kan anv\u00e4ndas i n\u00f6dutrymningsv\u00e4gar tillsammans med SAFETRON N\u00f6dutrymningsbeh\u00f6r 796 enligt Europastandarden SS-EN 179:2008, samt SSF 3522 klass 2B.<\/p>\n<p>SAFETRON 6000-serien erbjuder integrerad styrning mot flera av marknadens stora passersystemleverant\u00f6rer. Detta inneb\u00e4r att motorl\u00e5sen kan anslutas direkt mot passersystemets d\u00f6rrcentral utan styrenhet och d\u00e4refter kan konfigureras genom passersystemets mjukvara vilket ger en f\u00f6renklad installation och en mer kostnadseffektiv d\u00f6rrmilj\u00f6. V\u00e4lj halvsats om du ska ansluta motorl\u00e5set integrerat mot ett passersystem eller om tv\u00e5 motorl\u00e5s ska anv\u00e4ndas mot en styrenhet.<\/p>\n<p>SAFETRON 6600 har en f\u00f6rst\u00e4rkt hakregelkolv och \u00e4r godk\u00e4nd i RC3 och RC4 d\u00f6rrar hos de st\u00f6rre d\u00f6rrproducenterna. Motorl\u00e5s i 6000-serien anv\u00e4nder 128-bitars kryptering f\u00f6r h\u00f6gsta s\u00e4kerhet och till\u00e5ter kabell\u00e4ngder upp till 100 meter mellan motorl\u00e5s och styrenhet. Detta inneb\u00e4r att styrenheten kan installeras i skyddade milj\u00f6er s\u00e5som elcentraler eller serverrum.<\/p>\n<p>\u2022 Certifierat enligt SSF-3522 l\u00e5sklass 2B, 3, 4 och 5 samt SS-EN 14846 grade 7<br \/>\n\u2022 Dorndjup 50 mm<br \/>\n\u2022 F\u00f6rst\u00e4rkt hakregelkolv<br \/>\n\u2022 Fallkolv<br \/>\n\u2022 Brandgodk\u00e4nt: 120 min<br \/>\n\u2022 Integrerad styrning mot passersystem<br \/>\n\u2022 Kolvplacering lika som ASSA connect<br \/>\n\u2022 \u00d6ppningshastighet: 0.1 sekunder<br \/>\n\u2022 \u00d6ppningsbart med nyckel\/vred (90 graders vridning)<br \/>\n\u2022 N\u00f6dutrymning\/\u00e5terinrymning ihop med N\u00f6dutrymningsbeh\u00f6r 796<br \/>\n\u2022 Automatisk initiering<br \/>\n\u2022 H\u00e4ndelselogg<br \/>\n\u2022 Seriekoppling, upp till tv\u00e5 motorl\u00e5s mot en styrenhet<\/p>\n<p><iframe src=\"https:\/\/www.youtube.com\/embed\/ebiUoidwRJo\" width=\"600\" height=\"338\" frameborder=\"0\" allowfullscreen=\"allowfullscreen\"><\/iframe><\/p>","protected":false},"excerpt":{"rendered":"<p>SAFETRON 6600 i halvsatsf\u00f6rpackning. Satsf\u00f6rpackningen inneh\u00e5ller: motorl\u00e5s 6600, anslutningskabel C06 (10m), slutbleck 107-2 samt karm\u00f6verf\u00f6ring CT81. SAFETRON 6600 \u00e4r marknadens<\/p>","protected":false},"featured_media":83359,"template":"","meta":{"_acf_changed":false},"product_brand":[],"product_cat":[447],"product_tag":[1624,3668,1795,3727,1800],"class_list":{"0":"post-59436","1":"product","2":"type-product","3":"status-publish","4":"has-post-thumbnail","6":"product_cat-las-tillbehor-safetron","7":"product_tag-motorlas-komplett-kpl","8":"product_tag-panikutrymning-ja","9":"product_tag-rel-safetron-motorlas","10":"product_tag-safetron-20","11":"product_tag-safetron-motorlas","12":"product_shipping_class-tunga-paket","13":"pa_brands-7safetron","14":"tm-no-options","16":"first","17":"instock","18":"sale","19":"featured","20":"taxable","21":"shipping-taxable","22":"product-type-simple"},"acf":[],"_links":{"self":[{"href":"https:\/\/stonehouse.se\/en\/wp-json\/wp\/v2\/product\/59436","targetHints":{"allow":["GET"]}}],"collection":[{"href":"https:\/\/stonehouse.se\/en\/wp-json\/wp\/v2\/product"}],"about":[{"href":"https:\/\/stonehouse.se\/en\/wp-json\/wp\/v2\/types\/product"}],"wp:featuredmedia":[{"embeddable":true,"href":"https:\/\/stonehouse.se\/en\/wp-json\/wp\/v2\/media\/83359"}],"wp:attachment":[{"href":"https:\/\/stonehouse.se\/en\/wp-json\/wp\/v2\/media?parent=59436"}],"wp:term":[{"taxonomy":"product_brand","embeddable":true,"href":"https:\/\/stonehouse.se\/en\/wp-json\/wp\/v2\/product_brand?post=59436"},{"taxonomy":"product_cat","embeddable":true,"href":"https:\/\/stonehouse.se\/en\/wp-json\/wp\/v2\/product_cat?post=59436"},{"taxonomy":"product_tag","embeddable":true,"href":"https:\/\/stonehouse.se\/en\/wp-json\/wp\/v2\/product_tag?post=59436"}],"curies":[{"name":"wp","href":"https:\/\/api.w.org\/{rel}","templated":true}]}}