
{"id":59481,"date":"2022-07-04T07:50:05","date_gmt":"2022-07-04T05:50:05","guid":{"rendered":"https:\/\/stonehouse.se\/produkt\/ellas-sl621-omvand\/"},"modified":"2026-01-12T15:22:25","modified_gmt":"2026-01-12T14:22:25","slug":"ellas-sl621-omvand","status":"publish","type":"product","link":"https:\/\/stonehouse.se\/en\/product\/ellas-sl621-omvand\/","title":{"rendered":"Safetron Ell\u00e5s SL621 omv\u00e4ndbart l\u00e5shus"},"content":{"rendered":"<h1>Safetron Ell\u00e5s SL621 omv\u00e4ndbart l\u00e5shus<\/h1>\n<p>SAFETRON SL621 \u00e4r n\u00e4sta generationens multifunktionella eltryckesl\u00e5s med split funktion och patenterad hybridteknologi.<\/p>\n<p>Typiska anv\u00e4ndningsomr\u00e5den \u00e4r intern l\u00e5sning av h\u00f6gfrekventa d\u00f6rrar i aff\u00e4rsbyggnader, sjukhus, skolor, industrier samt flerfamiljsbost\u00e4der d\u00e4r h\u00f6g drifts\u00e4kerhet \u00e4r n\u00f6dv\u00e4ndigt.<\/p>\n<p>Indikering ges f\u00f6r f\u00f6rregling, tryckesr\u00f6relse, d\u00f6rrstatus genom magnetkontakt samt vredindikering. Vredindikeringen ger m\u00f6jlighet att plocka ut larm vid obeh\u00f6rig cylinderpassage.<\/p>\n<p>SL621 har omv\u00e4nd funktion.<\/p>\n<p>SAFETRON SL621 har en patenterad hybridteknologi som m\u00f6jligg\u00f6r \u00e4ndring av kolvplacering.<\/p>\n<p>Detta inneb\u00e4r att l\u00e5set kan anv\u00e4ndas tillsammans med slutbleck och karmurtag anpassade f\u00f6r b\u00e5de ASSA connect samt ASSA classic modul serierna.<\/p>\n<p>D.v.s. s\u00e5v\u00e4l \u00e4ldre som nyproducerade d\u00f6rrmilj\u00f6er.\u00a0Det \u00e4r enkelt att justera kolvplaceringen, lika enkelt som en traditionell v\u00e4ndning av kolv.<\/p>\n<p>SAFETRON SL621 \u00e4r st\u00e4llbar mellan enkel funktion som ger elektrisk aktivering fr\u00e5n b\u00e5da sidor (dubbla kortl\u00e4sare) och split funktion vilket inneb\u00e4r att utsidans trycke \u00e4r elektriskt styrt medan insidans trycke alltid \u00e4r mekaniskt inkopplat och d\u00e4rigenom alltid medger en mekanisk utpassage.<\/p>\n<p>Genom att anv\u00e4nda l\u00e5set i split funktion elimineras behovet av en \u00f6ppnaknapp eller passerkontroll p\u00e5 insidan.<\/p>\n<div class=\"tabRow\"><span class=\"bold\">Sp\u00e4nning<\/span>12-24 VDC (-10%\/+15%)<\/div>\n<div class=\"tabRow\"><span class=\"bold\">Str\u00f6mf\u00f6rbrukning<\/span>12 VDC: 70mA<br \/>\n24 VDC: 40mA<\/div>\n<div class=\"tabRow\"><span class=\"bold\">Temperaturomr\u00e5de<\/span>-20\u00b0C \u2013 +40\u00b0C<\/div>\n<div class=\"tabRow\"><span class=\"bold\">Funktion<\/span>Omv\u00e4nd funktion<\/div>\n<div class=\"tabRow\"><span class=\"bold\">Brandklassning<\/span>Ja (E\/ EI 120)<\/div>\n<div class=\"tabRow\"><span class=\"bold\">Signaler<\/span>F\u00f6rregling, tryckesr\u00f6relse, d\u00f6rrstatus, cylinder<\/div>","protected":false},"excerpt":{"rendered":"<p>Safetron Ell\u00e5s SL621 omv\u00e4ndbart l\u00e5shus SAFETRON SL621 \u00e4r n\u00e4sta generationens multifunktionella eltryckesl\u00e5s med split funktion och patenterad hybridteknologi. Typiska anv\u00e4ndningsomr\u00e5den<\/p>","protected":false},"featured_media":83003,"template":"","meta":{"_acf_changed":false},"product_brand":[],"product_cat":[447],"product_tag":[1619,1794,3727,1793],"class_list":{"0":"post-59481","1":"product","2":"type-product","3":"status-publish","4":"has-post-thumbnail","6":"product_cat-las-tillbehor-safetron","7":"product_tag-ellas-eltryckeslas","8":"product_tag-rel-safetron-eltryckeslas","9":"product_tag-safetron-20","10":"product_tag-safetron-eltryckeslas","11":"product_shipping_class-tunga-paket","12":"tm-no-options","14":"first","15":"instock","16":"sale","17":"featured","18":"taxable","19":"shipping-taxable","20":"product-type-simple"},"acf":[],"_links":{"self":[{"href":"https:\/\/stonehouse.se\/en\/wp-json\/wp\/v2\/product\/59481","targetHints":{"allow":["GET"]}}],"collection":[{"href":"https:\/\/stonehouse.se\/en\/wp-json\/wp\/v2\/product"}],"about":[{"href":"https:\/\/stonehouse.se\/en\/wp-json\/wp\/v2\/types\/product"}],"wp:featuredmedia":[{"embeddable":true,"href":"https:\/\/stonehouse.se\/en\/wp-json\/wp\/v2\/media\/83003"}],"wp:attachment":[{"href":"https:\/\/stonehouse.se\/en\/wp-json\/wp\/v2\/media?parent=59481"}],"wp:term":[{"taxonomy":"product_brand","embeddable":true,"href":"https:\/\/stonehouse.se\/en\/wp-json\/wp\/v2\/product_brand?post=59481"},{"taxonomy":"product_cat","embeddable":true,"href":"https:\/\/stonehouse.se\/en\/wp-json\/wp\/v2\/product_cat?post=59481"},{"taxonomy":"product_tag","embeddable":true,"href":"https:\/\/stonehouse.se\/en\/wp-json\/wp\/v2\/product_tag?post=59481"}],"curies":[{"name":"wp","href":"https:\/\/api.w.org\/{rel}","templated":true}]}}