
{"id":59490,"date":"2022-07-04T07:49:52","date_gmt":"2022-07-04T05:49:52","guid":{"rendered":"https:\/\/stonehouse.se\/produkt\/motorlas-5150-kpl\/"},"modified":"2026-01-12T13:16:28","modified_gmt":"2026-01-12T12:16:28","slug":"motorlas-5150-kpl","status":"publish","type":"product","link":"https:\/\/stonehouse.se\/en\/product\/motorlas-5150-kpl\/","title":{"rendered":"Safetron Motorl\u00e5s 5150 kpl"},"content":{"rendered":"<p>SAFETRON motorl\u00e5s 5150 i satsf\u00f6rpackning. Satsf\u00f6rpackningen inneh\u00e5ller: motorl\u00e5s 5150, styrenhet 5000, anslutningskabel C01 (10m), slutbleck 106-2 samt karm\u00f6verf\u00f6ring CT81.<\/p>\n<p>SAFETRON 5150 fr\u00e5nreglar under 0.3 sekunder och d\u00e4rf\u00f6r beh\u00f6vs normalt sett inget separat dagl\u00e5s p\u00e5 h\u00f6gfrekventa d\u00f6rrar. Motorl\u00e5set fungerar utm\u00e4rkt tillsammans med d\u00f6rrautomatiker.<\/p>\n<p>Typiska anv\u00e4ndningsomr\u00e5den \u00e4r dag-, natt- och s\u00e4kerhetsl\u00e5sning inom handel, kontor och industri. L\u00e5set uppfyller fordringar motsvarande SS 3079 l\u00e5sklass 3. Motorl\u00e5set \u00e4r f\u00f6rsett med f\u00f6rst\u00e4rkt rakregelkolv f\u00f6r h\u00f6gsta h\u00e5llfasthet.<\/p>\n<p>\u2022 Dorndjup: 50 mm<\/p>\n<p>\u2022 Rakregelkolv<\/p>\n<p>\u2022 Fr\u00e5nreglar under 0,3 sekunder<\/p>\n<p>\u2022 Anpassad f\u00f6r d\u00f6rrautomatik<\/p>\n<p>\u2022 Certifierat enligt SS-EN 14846<\/p>\n<p>Styrenheten har dubbla plintrader (NC\/NO) och f\u00f6ljande rel\u00e4funktion:<\/p>\n<p>\u2022 \u00d6ppningsimpuls potentialfri<\/p>\n<p>\u2022 Timer\/n\u00f6d\u00f6ppning<\/p>\n<p>\u2022 Extern d\u00f6rrmagnet<\/p>\n<p>\u2022 Larm<\/p>\n<p>\u2022 D\u00f6rr st\u00e4ngd<\/p>\n<p>\u2022 Regel ute<\/p>\n<p>\u2022 Inst\u00e4llning \u00f6ppettid 1-25 s<\/p>\n<p>\u2022 Larm vid kabelbortfall<\/p>\n<p>\u2022 \u00d6ppningsimpuls sp\u00e4nning<\/p>\n<p>\u2022 Dagblockering<\/p>\n<p>\u2022 D\u00f6rr \u00f6ppen<\/p>\n<p>\u2022 Larm vredfunktion<\/p>\n<p>\u2022 Regel inne<\/p>\n<p>\u2022 Impulssignal<\/p>\n<p>\u2022 Sp\u00e4nning: 10-35 VDC\/ 8-24 VAC<\/p>\n<p>\u2022 Str\u00f6mf\u00f6rbrukning: 50-350 mA<\/p>","protected":false},"excerpt":{"rendered":"<p>SAFETRON motorl\u00e5s 5150 i satsf\u00f6rpackning. Satsf\u00f6rpackningen inneh\u00e5ller: motorl\u00e5s 5150, styrenhet 5000, anslutningskabel C01 (10m), slutbleck 106-2 samt karm\u00f6verf\u00f6ring CT81. SAFETRON<\/p>","protected":false},"featured_media":83390,"template":"","meta":{"_acf_changed":false},"product_brand":[],"product_cat":[447],"product_tag":[1624,1795,3727,1793],"class_list":{"0":"post-59490","1":"product","2":"type-product","3":"status-publish","4":"has-post-thumbnail","6":"product_cat-las-tillbehor-safetron","7":"product_tag-motorlas-komplett-kpl","8":"product_tag-rel-safetron-motorlas","9":"product_tag-safetron-20","10":"product_tag-safetron-eltryckeslas","11":"product_shipping_class-tunga-paket","12":"pa_brands-7safetron","13":"tm-no-options","15":"first","16":"instock","17":"sale","18":"featured","19":"taxable","20":"shipping-taxable","21":"product-type-simple"},"acf":[],"_links":{"self":[{"href":"https:\/\/stonehouse.se\/en\/wp-json\/wp\/v2\/product\/59490","targetHints":{"allow":["GET"]}}],"collection":[{"href":"https:\/\/stonehouse.se\/en\/wp-json\/wp\/v2\/product"}],"about":[{"href":"https:\/\/stonehouse.se\/en\/wp-json\/wp\/v2\/types\/product"}],"wp:featuredmedia":[{"embeddable":true,"href":"https:\/\/stonehouse.se\/en\/wp-json\/wp\/v2\/media\/83390"}],"wp:attachment":[{"href":"https:\/\/stonehouse.se\/en\/wp-json\/wp\/v2\/media?parent=59490"}],"wp:term":[{"taxonomy":"product_brand","embeddable":true,"href":"https:\/\/stonehouse.se\/en\/wp-json\/wp\/v2\/product_brand?post=59490"},{"taxonomy":"product_cat","embeddable":true,"href":"https:\/\/stonehouse.se\/en\/wp-json\/wp\/v2\/product_cat?post=59490"},{"taxonomy":"product_tag","embeddable":true,"href":"https:\/\/stonehouse.se\/en\/wp-json\/wp\/v2\/product_tag?post=59490"}],"curies":[{"name":"wp","href":"https:\/\/api.w.org\/{rel}","templated":true}]}}