
{"id":59499,"date":"2022-07-04T07:49:47","date_gmt":"2022-07-04T05:49:47","guid":{"rendered":"https:\/\/stonehouse.se\/produkt\/motorlas-5328\/"},"modified":"2026-01-12T13:16:18","modified_gmt":"2026-01-12T12:16:18","slug":"motorlas-5328","status":"publish","type":"product","link":"https:\/\/stonehouse.se\/en\/product\/motorlas-5328\/","title":{"rendered":"Safetron Motorl\u00e5s 5328"},"content":{"rendered":"<p>SAFETRON motorl\u00e5s 5328 i smalprofilutf\u00f6rande fr\u00e5nreglar under 0.3 sekunder och d\u00e4rf\u00f6r beh\u00f6vs normalt sett inget separat dagl\u00e5s p\u00e5 h\u00f6gfrekventa d\u00f6rrar. Motorl\u00e5set fungerar utm\u00e4rkt tillsammans med d\u00f6rrautomatiker.<\/p>\n<p>Typiska anv\u00e4ndningsomr\u00e5den \u00e4r dag-, natt- och s\u00e4kerhetsl\u00e5sning inom handel, kontor och industri. L\u00e5set uppfyller fordringar motsvarande SS 3079 l\u00e5sklass 3. Motorl\u00e5set \u00e4r f\u00f6rsett med f\u00f6rst\u00e4rkt rakregelkolv f\u00f6r h\u00f6gsta h\u00e5llfasthet.<\/p>\n<p>\u2022 Dorndjup: 28 mm<\/p>\n<p>\u2022 Hakregelkolv<\/p>\n<p>\u2022 Fr\u00e5nreglar under 0,3 sekunder<\/p>\n<p>\u2022 Anpassad f\u00f6r d\u00f6rrautomatik<\/p>\n<p>\u2022 Certifierat enligt SS-EN 14846<\/p>","protected":false},"excerpt":{"rendered":"<p>SAFETRON motorl\u00e5s 5328 i smalprofilutf\u00f6rande fr\u00e5nreglar under 0.3 sekunder och d\u00e4rf\u00f6r beh\u00f6vs normalt sett inget separat dagl\u00e5s p\u00e5 h\u00f6gfrekventa d\u00f6rrar.<\/p>","protected":false},"featured_media":83058,"template":"","meta":{"_acf_changed":false},"product_brand":[],"product_cat":[447],"product_tag":[1795,3727,1793],"class_list":{"0":"post-59499","1":"product","2":"type-product","3":"status-publish","4":"has-post-thumbnail","6":"product_cat-las-tillbehor-safetron","7":"product_tag-rel-safetron-motorlas","8":"product_tag-safetron-20","9":"product_tag-safetron-eltryckeslas","10":"product_shipping_class-tunga-paket","11":"pa_brands-7safetron","12":"tm-no-options","14":"first","15":"instock","16":"sale","17":"featured","18":"taxable","19":"shipping-taxable","20":"product-type-simple"},"acf":[],"_links":{"self":[{"href":"https:\/\/stonehouse.se\/en\/wp-json\/wp\/v2\/product\/59499","targetHints":{"allow":["GET"]}}],"collection":[{"href":"https:\/\/stonehouse.se\/en\/wp-json\/wp\/v2\/product"}],"about":[{"href":"https:\/\/stonehouse.se\/en\/wp-json\/wp\/v2\/types\/product"}],"wp:featuredmedia":[{"embeddable":true,"href":"https:\/\/stonehouse.se\/en\/wp-json\/wp\/v2\/media\/83058"}],"wp:attachment":[{"href":"https:\/\/stonehouse.se\/en\/wp-json\/wp\/v2\/media?parent=59499"}],"wp:term":[{"taxonomy":"product_brand","embeddable":true,"href":"https:\/\/stonehouse.se\/en\/wp-json\/wp\/v2\/product_brand?post=59499"},{"taxonomy":"product_cat","embeddable":true,"href":"https:\/\/stonehouse.se\/en\/wp-json\/wp\/v2\/product_cat?post=59499"},{"taxonomy":"product_tag","embeddable":true,"href":"https:\/\/stonehouse.se\/en\/wp-json\/wp\/v2\/product_tag?post=59499"}],"curies":[{"name":"wp","href":"https:\/\/api.w.org\/{rel}","templated":true}]}}