
{"id":59888,"date":"2023-08-19T17:17:28","date_gmt":"2023-08-19T15:17:28","guid":{"rendered":"https:\/\/stonehouse.se\/produkt\/arbetsrela-infalld-1vxl-uc-10a\/"},"modified":"2026-03-13T18:57:52","modified_gmt":"2026-03-13T17:57:52","slug":"arbetsrela-infalld-1vxl-uc-10a","status":"publish","type":"product","link":"https:\/\/stonehouse.se\/en\/product\/arbetsrela-infalld-1vxl-uc-10a\/","title":{"rendered":"Arbetsrel\u00e4 &#8211; Inf\u00e4lld &#8211; 1VXL UC 10A"},"content":{"rendered":"<p>1 potentialfri v\u00e4xlande kontakt 10A\/250V AC.<br \/>\nGl\u00f6dlampslast upp till 2000W.<br \/>\nIngen &#8220;standby&#8221; f\u00f6rbrukning.<br \/>\nEnhet f\u00f6r inbyggnad. L\u00e4ngd 45mm, bredd 45mm, djup 18mm.<br \/>\nModern hybridteknik som kombinerar de b\u00e4sta f\u00f6rdelarna fr\u00e5n slitagefri elektronisk styrningoch h\u00f6gpresterande specialrel\u00e4er.<br \/>\nUniversell man\u00f6versp\u00e4nning 8 till 230V AC\/DC. L\u00e5g ljudniv\u00e5.<\/p>\n<p>Produktegenskaper<br \/>\nFunktionHelt elektronisk<br \/>\nMonteringsmetod<br \/>\nInf\u00e4llt montage<br \/>\nInbyggnadsdjup18 mm<br \/>\nAntal v\u00e4xlande kontakter1<br \/>\nMan\u00f6versp\u00e4nning 18&#8230;230 V<br \/>\nTyp av man\u00f6versp\u00e4nning 1AC\/DCFrekvens man\u00f6versp\u00e4nning 10&#8230;60 Hz<br \/>\nTyp av man\u00f6versp\u00e4nning 2AC\/DCM\u00e4rkstr\u00f6m10 A<br \/>\nMatningssp\u00e4nningsomr\u00e5de 0&#8230;250V<br \/>\nTyp av f\u00f6rs\u00f6rjningssp\u00e4nning AC\/DCMax.<br \/>\nGl\u00f6dlampslast2000 W<br \/>\nMax lysr\u00f6rsbelastning1000 VA<br \/>\nMax lysr\u00f6rsbelastning i Duo-koppling1000 VA<br \/>\nMax lysr\u00f6rsbelastning parallellkompenserad500 VA<br \/>\nMax. omkopplingsstr\u00f6m (cos fi = 0,6)4 A<\/p>","protected":false},"excerpt":{"rendered":"<p>Multirel\u00e4 8-230 Volt p\u00e5 spolen och 10A 250V p\u00e5 spolen. Observera att rel\u00e4et ej ska anslutas f\u00f6r att driva motorer eller induktiva laster som ex lysr\u00f6r etc.<\/p>","protected":false},"featured_media":82129,"template":"","meta":{"_acf_changed":false},"product_brand":[],"product_cat":[1830,3410,3411],"product_tag":[],"class_list":{"0":"post-59888","1":"product","2":"type-product","3":"status-publish","4":"has-post-thumbnail","6":"product_cat-relakort-elektronik","7":"product_cat-rela-12-volt","8":"product_cat-rela-24v","9":"product_shipping_class-postnord-varubrev","10":"tm-no-options","12":"first","13":"instock","14":"sale","15":"featured","16":"taxable","17":"shipping-taxable","18":"product-type-simple"},"acf":[],"_links":{"self":[{"href":"https:\/\/stonehouse.se\/en\/wp-json\/wp\/v2\/product\/59888","targetHints":{"allow":["GET"]}}],"collection":[{"href":"https:\/\/stonehouse.se\/en\/wp-json\/wp\/v2\/product"}],"about":[{"href":"https:\/\/stonehouse.se\/en\/wp-json\/wp\/v2\/types\/product"}],"wp:featuredmedia":[{"embeddable":true,"href":"https:\/\/stonehouse.se\/en\/wp-json\/wp\/v2\/media\/82129"}],"wp:attachment":[{"href":"https:\/\/stonehouse.se\/en\/wp-json\/wp\/v2\/media?parent=59888"}],"wp:term":[{"taxonomy":"product_brand","embeddable":true,"href":"https:\/\/stonehouse.se\/en\/wp-json\/wp\/v2\/product_brand?post=59888"},{"taxonomy":"product_cat","embeddable":true,"href":"https:\/\/stonehouse.se\/en\/wp-json\/wp\/v2\/product_cat?post=59888"},{"taxonomy":"product_tag","embeddable":true,"href":"https:\/\/stonehouse.se\/en\/wp-json\/wp\/v2\/product_tag?post=59888"}],"curies":[{"name":"wp","href":"https:\/\/api.w.org\/{rel}","templated":true}]}}