
{"id":60335,"date":"2023-09-05T17:13:16","date_gmt":"2023-09-05T15:13:16","guid":{"rendered":"https:\/\/stonehouse.se\/produkt\/rokdetektor-2351e\/"},"modified":"2026-04-01T14:40:37","modified_gmt":"2026-04-01T12:40:37","slug":"rokdetektor-2351e","status":"publish","type":"product","link":"https:\/\/stonehouse.se\/en\/product\/rokdetektor-2351e\/","title":{"rendered":"R\u00d6KDETEKTOR 2351E &#8211; System Sensor"},"content":{"rendered":"<h1>R\u00d6KDETEKTOR OPTISK 2351E<\/h1>\n<p class=\"\" data-start=\"426\" data-end=\"856\">System Sensor 2351E \u00e4r en optisk r\u00f6kdetektor designad f\u00f6r konventionella brandlarmssystem.<\/p>\n<p class=\"\" data-start=\"426\" data-end=\"856\">Den ing\u00e5r i Series 300 och erbjuder tre programmerbara k\u00e4nslighetsniv\u00e5er (l\u00e5g, medium, h\u00f6g) f\u00f6r att optimera prestandan i olika milj\u00f6er.<\/p>\n<p class=\"\" data-start=\"426\" data-end=\"856\">Detektorn \u00e4r utrustad med driftkompensation som f\u00f6rhindrar on\u00f6diga larm orsakade av smuts eller andra milj\u00f6f\u00f6roreningar.<\/p>\n<p class=\"\" data-start=\"426\" data-end=\"856\">Den kan enkelt programmeras via ett handh\u00e5llet testverktyg.<\/p>\n<p class=\"\" data-start=\"858\" data-end=\"1234\">F\u00f6r att f\u00f6rb\u00e4ttra anv\u00e4ndarv\u00e4nligheten har 2351E en tv\u00e5f\u00e4rgad LED-indikator som visar en tydlig status f\u00f6r detektorn: gr\u00f6n f\u00f6r normal drift och r\u00f6d f\u00f6r alarm.<\/p>\n<p class=\"\" data-start=\"858\" data-end=\"1234\">Detektorn 2351E kr\u00e4ver en normal driftsp\u00e4nning p\u00e5 12\u201324VDC och har en l\u00e5g str\u00f6mf\u00f6rbrukning p\u00e5 120 \u00b5A vid 24 V.<\/p>\n<p class=\"\" data-start=\"858\" data-end=\"1234\">Den \u00e4r kompatibel med socklar som B401R, B401DGR eller B401SD, och uppfyller EN54-7-standarder f\u00f6r r\u00f6kdetektorer.<\/p>","protected":false},"excerpt":{"rendered":"<p>2351E \u00e4r en konventionell optisk r\u00f6kdetektor f\u00f6r 300-serien, med programmerbar k\u00e4nslighet och driftkompensation mot nedsmutsning.<\/p>\n<p>Den har tre k\u00e4nslighetsinst\u00e4llningar och en tv\u00e5f\u00e4rgad diod som visar detektorstatus.<\/p>","protected":false},"featured_media":82248,"template":"","meta":{"_acf_changed":false},"product_brand":[],"product_cat":[3696,2618],"product_tag":[2308],"class_list":{"0":"post-60335","1":"product","2":"type-product","3":"status-publish","4":"has-post-thumbnail","6":"product_cat-300-serien","7":"product_cat-kampanjer","8":"product_tag-certifierad-en54","9":"product_shipping_class-postnord-varubrev","10":"pa_brands-system-sensor","11":"tm-no-options","13":"first","14":"instock","15":"sale","16":"featured","17":"taxable","18":"shipping-taxable","19":"product-type-simple"},"acf":[],"_links":{"self":[{"href":"https:\/\/stonehouse.se\/en\/wp-json\/wp\/v2\/product\/60335","targetHints":{"allow":["GET"]}}],"collection":[{"href":"https:\/\/stonehouse.se\/en\/wp-json\/wp\/v2\/product"}],"about":[{"href":"https:\/\/stonehouse.se\/en\/wp-json\/wp\/v2\/types\/product"}],"wp:featuredmedia":[{"embeddable":true,"href":"https:\/\/stonehouse.se\/en\/wp-json\/wp\/v2\/media\/82248"}],"wp:attachment":[{"href":"https:\/\/stonehouse.se\/en\/wp-json\/wp\/v2\/media?parent=60335"}],"wp:term":[{"taxonomy":"product_brand","embeddable":true,"href":"https:\/\/stonehouse.se\/en\/wp-json\/wp\/v2\/product_brand?post=60335"},{"taxonomy":"product_cat","embeddable":true,"href":"https:\/\/stonehouse.se\/en\/wp-json\/wp\/v2\/product_cat?post=60335"},{"taxonomy":"product_tag","embeddable":true,"href":"https:\/\/stonehouse.se\/en\/wp-json\/wp\/v2\/product_tag?post=60335"}],"curies":[{"name":"wp","href":"https:\/\/api.w.org\/{rel}","templated":true}]}}