
{"id":60583,"date":"2023-09-12T10:40:15","date_gmt":"2023-09-12T08:40:15","guid":{"rendered":"https:\/\/stonehouse.se\/produkt\/detectortesters-soloa10s-hfc-free-non-flammable-smoke-aerosol-for-testing-detectors-250ml-can\/"},"modified":"2026-04-09T11:40:14","modified_gmt":"2026-04-09T09:40:14","slug":"detectortesters-soloa10s-hfc-free-non-flammable-smoke-aerosol-for-testing-detectors-250ml-can","status":"publish","type":"product","link":"https:\/\/stonehouse.se\/en\/product\/detectortesters-soloa10s-hfc-free-non-flammable-smoke-aerosol-for-testing-detectors-250ml-can\/","title":{"rendered":"Detectortesters SoloA10S HFC-Free Non-Flammable Smoke Aerosol for Testing Detectors, 250ml Can"},"content":{"rendered":"<h1>Detectortesters SoloA10S HFC-Free Non-Flammable Smoke Aerosol for Testing Detectors, 250ml Can<\/h1>\n<h2 data-start=\"373\" data-end=\"425\">Aerosolgas f\u00f6r p\u00e5litlig testning av r\u00f6kdetektorer<\/h2>\n<p data-start=\"427\" data-end=\"812\">Denna 250 ml aerosolgas \u00e4r utvecklad f\u00f6r att testa r\u00f6kdetektorer p\u00e5 ett s\u00e4kert och effektivt s\u00e4tt.<\/p>\n<p data-start=\"427\" data-end=\"812\">Produkten skapar en definierad m\u00e4ngd r\u00f6kpartiklar som efterliknar verklig r\u00f6k och s\u00e4kerst\u00e4ller att detektorns sensor reagerar som den ska.<\/p>\n<p data-start=\"427\" data-end=\"812\">Detta \u00e4r en central del av funktionskontroller f\u00f6r brandlarmssystem i b\u00e5de bost\u00e4der och kommersiella milj\u00f6er.<\/p>\n<h2 data-start=\"814\" data-end=\"862\">HFC-fri och icke br\u00e4nnbar \u2013 s\u00e4ker att anv\u00e4nda<\/h2>\n<p data-start=\"864\" data-end=\"1126\">SoloA10S \u00e4r HFC-fri och icke br\u00e4nnbar, vilket minimerar risker f\u00f6r anv\u00e4ndaren och milj\u00f6n.<\/p>\n<p data-start=\"864\" data-end=\"1126\">Den rena aerosolformulan l\u00e4mnar inga skadliga rester p\u00e5 detektorn efter testning, vilket skyddar b\u00e5de plastdelar och sensorfunktioner.<\/p>\n<h3 data-start=\"1128\" data-end=\"1154\">F\u00f6rdelar med produkten<\/h3>\n<ul data-start=\"1156\" data-end=\"1469\">\n<li data-start=\"1156\" data-end=\"1216\">\n<p data-start=\"1158\" data-end=\"1216\">Genererar realistiska r\u00f6kpartiklar f\u00f6r effektiv testning<\/p>\n<\/li>\n<li data-start=\"1217\" data-end=\"1274\">\n<p data-start=\"1219\" data-end=\"1274\">HFC-fri och icke br\u00e4nnbar aerosol \u2013 h\u00f6g s\u00e4kerhetsniv\u00e5<\/p>\n<\/li>\n<li data-start=\"1275\" data-end=\"1329\">\n<p data-start=\"1277\" data-end=\"1329\">L\u00e4mnar inga skadliga rester som p\u00e5verkar detektorn<\/p>\n<\/li>\n<li data-start=\"1330\" data-end=\"1385\">\n<p data-start=\"1332\" data-end=\"1385\">Passar professionella testverktyg f\u00f6r r\u00f6kdetektorer<\/p>\n<\/li>\n<li data-start=\"1386\" data-end=\"1469\">\n<p data-start=\"1388\" data-end=\"1469\">Enkel att anv\u00e4nda i fackmannam\u00e4ssiga tester<\/p>\n<\/li>\n<\/ul>","protected":false},"excerpt":{"rendered":"<p><span class=\"entity-underline hover:entity-accent inline cursor-pointer align-baseline\"><span class=\"whitespace-normal\">Solo A10s Gas Comprobador de Detectores de humo<\/span><\/span> \u00e4r en 250 ml aerosolgas f\u00f6r funktionstest av r\u00f6kdetektorer.<\/p>","protected":false},"featured_media":81993,"template":"","meta":{"_acf_changed":false},"product_brand":[],"product_cat":[2290],"product_tag":[],"class_list":{"0":"post-60583","1":"product","2":"type-product","3":"status-publish","4":"has-post-thumbnail","6":"product_cat-testgas-rok-brandvarnare","7":"product_shipping_class-postnord-varubrev","8":"pa_brands-solo","9":"tm-no-options","11":"first","12":"instock","13":"sale","14":"taxable","15":"shipping-taxable","16":"product-type-simple"},"acf":[],"_links":{"self":[{"href":"https:\/\/stonehouse.se\/en\/wp-json\/wp\/v2\/product\/60583","targetHints":{"allow":["GET"]}}],"collection":[{"href":"https:\/\/stonehouse.se\/en\/wp-json\/wp\/v2\/product"}],"about":[{"href":"https:\/\/stonehouse.se\/en\/wp-json\/wp\/v2\/types\/product"}],"wp:featuredmedia":[{"embeddable":true,"href":"https:\/\/stonehouse.se\/en\/wp-json\/wp\/v2\/media\/81993"}],"wp:attachment":[{"href":"https:\/\/stonehouse.se\/en\/wp-json\/wp\/v2\/media?parent=60583"}],"wp:term":[{"taxonomy":"product_brand","embeddable":true,"href":"https:\/\/stonehouse.se\/en\/wp-json\/wp\/v2\/product_brand?post=60583"},{"taxonomy":"product_cat","embeddable":true,"href":"https:\/\/stonehouse.se\/en\/wp-json\/wp\/v2\/product_cat?post=60583"},{"taxonomy":"product_tag","embeddable":true,"href":"https:\/\/stonehouse.se\/en\/wp-json\/wp\/v2\/product_tag?post=60583"}],"curies":[{"name":"wp","href":"https:\/\/api.w.org\/{rel}","templated":true}]}}