
{"id":60585,"date":"2023-09-12T10:40:05","date_gmt":"2023-09-12T08:40:05","guid":{"rendered":"https:\/\/stonehouse.se\/produkt\/detectortesters-soloa5-smoke-detector-tester-aerosol-flammable-gas-handheld-or-use-with-330-and-332-dispensers\/"},"modified":"2026-04-09T11:40:21","modified_gmt":"2026-04-09T09:40:21","slug":"solo-a5-detektortestare-rokaerosol-for-test-av-rokdetektorer","status":"publish","type":"product","link":"https:\/\/stonehouse.se\/en\/product\/solo-a5-detektortestare-rokaerosol-for-test-av-rokdetektorer\/","title":{"rendered":"Solo A5 Detektortestare \u2013 R\u00f6kaerosol f\u00f6r test av r\u00f6kdetektorer"},"content":{"rendered":"<h1 data-start=\"597\" data-end=\"676\">Solo A5 Detektortestare \u2013 R\u00f6kaerosol f\u00f6r test av r\u00f6kdetektorer<\/h1>\n<h2 data-start=\"319\" data-end=\"377\">Tillf\u00f6rlitlig r\u00f6kaerosol f\u00f6r professionell detektortest<\/h2>\n<p data-start=\"379\" data-end=\"683\">Solo A5 \u00e4r utvecklad f\u00f6r noggrann och s\u00e4ker funktionskontroll av r\u00f6kdetektorer i b\u00e5de bost\u00e4der och kommersiella fastigheter.<\/p>\n<p data-start=\"379\" data-end=\"683\">Produkten ers\u00e4tter tidigare Solo A3 och \u00e4r optimerad f\u00f6r anv\u00e4ndning med Solo 330 och Solo 332 dispenser, vilket s\u00e4kerst\u00e4ller korrekt dosering och effektiv aktivering av detektorn.<\/p>\n<p data-start=\"685\" data-end=\"954\">Vid installation och \u00e5terkommande service \u00e4r det avg\u00f6rande att verifiera att detektorn reagerar p\u00e5 verklig r\u00f6k \u2013 inte enbart via testknapp.<\/p>\n<p data-start=\"685\" data-end=\"954\">Solo A5 genererar en kontrollerad r\u00f6kaerosol som aktiverar b\u00e5de optiska och joniserande r\u00f6kdetektorer p\u00e5 ett tillf\u00f6rlitligt s\u00e4tt.<\/p>","protected":false},"excerpt":{"rendered":"<p>Solo A5 \u00e4r en r\u00f6kaerosol f\u00f6r s\u00e4ker och effektiv funktionstest av r\u00f6kdetektorer.<\/p>","protected":false},"featured_media":93105,"template":"","meta":{"_acf_changed":false},"product_brand":[],"product_cat":[2290],"product_tag":[],"class_list":{"0":"post-60585","1":"product","2":"type-product","3":"status-publish","4":"has-post-thumbnail","6":"product_cat-testgas-rok-brandvarnare","7":"product_shipping_class-postnord-varubrev","8":"pa_brands-solo","9":"tm-no-options","11":"first","12":"instock","13":"sale","14":"featured","15":"taxable","16":"shipping-taxable","17":"product-type-simple"},"acf":[],"_links":{"self":[{"href":"https:\/\/stonehouse.se\/en\/wp-json\/wp\/v2\/product\/60585","targetHints":{"allow":["GET"]}}],"collection":[{"href":"https:\/\/stonehouse.se\/en\/wp-json\/wp\/v2\/product"}],"about":[{"href":"https:\/\/stonehouse.se\/en\/wp-json\/wp\/v2\/types\/product"}],"wp:featuredmedia":[{"embeddable":true,"href":"https:\/\/stonehouse.se\/en\/wp-json\/wp\/v2\/media\/93105"}],"wp:attachment":[{"href":"https:\/\/stonehouse.se\/en\/wp-json\/wp\/v2\/media?parent=60585"}],"wp:term":[{"taxonomy":"product_brand","embeddable":true,"href":"https:\/\/stonehouse.se\/en\/wp-json\/wp\/v2\/product_brand?post=60585"},{"taxonomy":"product_cat","embeddable":true,"href":"https:\/\/stonehouse.se\/en\/wp-json\/wp\/v2\/product_cat?post=60585"},{"taxonomy":"product_tag","embeddable":true,"href":"https:\/\/stonehouse.se\/en\/wp-json\/wp\/v2\/product_tag?post=60585"}],"curies":[{"name":"wp","href":"https:\/\/api.w.org\/{rel}","templated":true}]}}