
{"id":60587,"date":"2023-09-12T10:39:36","date_gmt":"2023-09-12T08:39:36","guid":{"rendered":"https:\/\/stonehouse.se\/produkt\/detectortesters-soloc3-non-flammable-co-detector-tester-aerosol-250ml\/"},"modified":"2026-04-09T11:40:28","modified_gmt":"2026-04-09T09:40:28","slug":"detectortesters-solo-c3-non-flammable-co-detector-tester-aerosol-250ml","status":"publish","type":"product","link":"https:\/\/stonehouse.se\/en\/product\/detectortesters-solo-c3-non-flammable-co-detector-tester-aerosol-250ml\/","title":{"rendered":"Detectortesters Solo C3 Non-Flammable CO Detector Tester Aerosol, 250ml"},"content":{"rendered":"<h1 data-start=\"386\" data-end=\"425\">Detectortesters Solo C3 Non-Flammable CO Detector Tester Aerosol, 250ml<\/h1>\n<h2 data-start=\"386\" data-end=\"425\">Aerosolgas f\u00f6r test av CO-detektorer<\/h2>\n<p data-start=\"427\" data-end=\"794\">Solo C3 \u00e4r en icke br\u00e4nnbar aerosol speciellt framtagen f\u00f6r funktionstest av koldioxid-\/kolmonoxiddetektorer som ing\u00e5r i branddetektorer.<\/p>\n<p data-start=\"427\" data-end=\"794\">Produkten anv\u00e4nds tillsammans med kompatibla dispenserverktyg, som till exempel Solo 330 eller Solo 332, f\u00f6r att leverera en kontrollerad m\u00e4ngd testgas direkt till detektorns sensor\u00f6ppningar.<\/p>\n<p data-start=\"796\" data-end=\"960\">Att testa CO-funktionen \u00e4r viktigt eftersom sensorn m\u00e5ste reagera p\u00e5 gasen p\u00e5 r\u00e4tt s\u00e4tt f\u00f6r att garantera trygg drift i bost\u00e4der, kontor eller industriella milj\u00f6er.<\/p>","protected":false},"excerpt":{"rendered":"<p><span class=\"entity-underline hover:entity-accent inline cursor-pointer align-baseline\"><span class=\"whitespace-normal\">Solo C3 CO Detector Tester Aerosol<\/span><\/span> \u00e4r en 250 ml aerosolgas f\u00f6r funktionstest av CO-sensorer i branddetektorer.<\/p>","protected":false},"featured_media":82516,"template":"","meta":{"_acf_changed":false},"product_brand":[],"product_cat":[2290],"product_tag":[],"class_list":{"0":"post-60587","1":"product","2":"type-product","3":"status-publish","4":"has-post-thumbnail","6":"product_cat-testgas-rok-brandvarnare","7":"product_shipping_class-postnord-varubrev","8":"pa_brands-solo","9":"tm-no-options","11":"first","12":"instock","13":"sale","14":"taxable","15":"shipping-taxable","16":"product-type-simple"},"acf":[],"_links":{"self":[{"href":"https:\/\/stonehouse.se\/en\/wp-json\/wp\/v2\/product\/60587","targetHints":{"allow":["GET"]}}],"collection":[{"href":"https:\/\/stonehouse.se\/en\/wp-json\/wp\/v2\/product"}],"about":[{"href":"https:\/\/stonehouse.se\/en\/wp-json\/wp\/v2\/types\/product"}],"wp:featuredmedia":[{"embeddable":true,"href":"https:\/\/stonehouse.se\/en\/wp-json\/wp\/v2\/media\/82516"}],"wp:attachment":[{"href":"https:\/\/stonehouse.se\/en\/wp-json\/wp\/v2\/media?parent=60587"}],"wp:term":[{"taxonomy":"product_brand","embeddable":true,"href":"https:\/\/stonehouse.se\/en\/wp-json\/wp\/v2\/product_brand?post=60587"},{"taxonomy":"product_cat","embeddable":true,"href":"https:\/\/stonehouse.se\/en\/wp-json\/wp\/v2\/product_cat?post=60587"},{"taxonomy":"product_tag","embeddable":true,"href":"https:\/\/stonehouse.se\/en\/wp-json\/wp\/v2\/product_tag?post=60587"}],"curies":[{"name":"wp","href":"https:\/\/api.w.org\/{rel}","templated":true}]}}