
{"id":60643,"date":"2023-09-12T10:49:20","date_gmt":"2023-09-12T08:49:20","guid":{"rendered":"https:\/\/stonehouse.se\/produkt\/detectortesters-testifire-2001-multi-sensor-smoke-heat-and-co-detector-tester\/"},"modified":"2026-04-09T11:37:43","modified_gmt":"2026-04-09T09:37:43","slug":"detectortesters-testifire-2001-multi-sensor-smoke-heat-and-co-detector-tester","status":"publish","type":"product","link":"https:\/\/stonehouse.se\/en\/product\/detectortesters-testifire-2001-multi-sensor-smoke-heat-and-co-detector-tester\/","title":{"rendered":"Detectortesters Testifire 2001 Multi-Sensor Smoke, Heat and CO Detector Tester"},"content":{"rendered":"<p>Testifire m\u00f6jligg\u00f6r enkel, kompatibel funktionstestning av branddetektorer. L\u00e4mplig f\u00f6r r\u00f6k-, v\u00e4rme- och CO-testning \u00f6kar den produktiviteten p\u00e5 plats och \u00e4r v\u00e4rldens ledande l\u00f6sning f\u00f6r testning av flersensordetektorer.<\/p>\n<p>Produktiv:<\/p>\n<p>St\u00f6der snabbare testning utan att beh\u00f6va v\u00e4xla mellan verktyg.<\/p>\n<p>Kompatibel:<\/p>\n<p>Passar det bredaste sortimentet av detektorer &#8211; inklusive enkel- och multisensorer.<\/p>\n<p>Godk\u00e4nd:<\/p>\n<p>Certifierad av UL och godk\u00e4nd av ledande detektortillverkare.<\/p>\n<p>Huvuddrag:<br \/>\n&#8211; Allt-i-ett: Ett verktyg f\u00f6r att testa r\u00f6k, v\u00e4rme och CO till\u00e5ter testning av alla detektorer oavsett typ.<br \/>\n&#8211; Snabbare testning: Sparar tid och besv\u00e4r utan att beh\u00f6va v\u00e4xla mellan testverktyg.<br \/>\n&#8211; Inga \u00e5terlarm: Inbyggt &#8220;clearing&#8221;-l\u00e4ge f\u00f6rhindrar \u00e5terlarm vilket minimerar st\u00f6rningar och sparar tid.<br \/>\n&#8211; Enkel f\u00f6rvaring och transport: Icke-farliga, icke-trycksatta kapslar, m\u00f6jligg\u00f6r enklare f\u00f6rvaring och transport.<br \/>\n&#8211; R\u00f6k p\u00e5 beg\u00e4ran: Mindre sl\u00f6seri med r\u00f6k och ingen risk f\u00f6r detektorkontamination.<br \/>\n&#8211; Universal: Testar flera stimulanser i sekvens, samtidigt eller sekventiellt &#8211; vad som \u00e4n kr\u00e4vs av brandsystemet.<\/p>","protected":false},"excerpt":{"rendered":"<p>Detectortesters Testifire 2001 Multi-Sensor Smoke, Heat and CO Detector Tester<\/p>","protected":false},"featured_media":82491,"template":"","meta":{"_acf_changed":false},"product_brand":[],"product_cat":[2292],"product_tag":[2294],"class_list":{"0":"post-60643","1":"product","2":"type-product","3":"status-publish","4":"has-post-thumbnail","6":"product_cat-testfire","7":"product_tag-rokgastestare-testfire","8":"product_shipping_class-tunga-paket","9":"pa_brands-testifire","10":"tm-no-options","12":"first","13":"instock","14":"sale","15":"taxable","16":"shipping-taxable","17":"product-type-simple"},"acf":[],"_links":{"self":[{"href":"https:\/\/stonehouse.se\/en\/wp-json\/wp\/v2\/product\/60643","targetHints":{"allow":["GET"]}}],"collection":[{"href":"https:\/\/stonehouse.se\/en\/wp-json\/wp\/v2\/product"}],"about":[{"href":"https:\/\/stonehouse.se\/en\/wp-json\/wp\/v2\/types\/product"}],"wp:featuredmedia":[{"embeddable":true,"href":"https:\/\/stonehouse.se\/en\/wp-json\/wp\/v2\/media\/82491"}],"wp:attachment":[{"href":"https:\/\/stonehouse.se\/en\/wp-json\/wp\/v2\/media?parent=60643"}],"wp:term":[{"taxonomy":"product_brand","embeddable":true,"href":"https:\/\/stonehouse.se\/en\/wp-json\/wp\/v2\/product_brand?post=60643"},{"taxonomy":"product_cat","embeddable":true,"href":"https:\/\/stonehouse.se\/en\/wp-json\/wp\/v2\/product_cat?post=60643"},{"taxonomy":"product_tag","embeddable":true,"href":"https:\/\/stonehouse.se\/en\/wp-json\/wp\/v2\/product_tag?post=60643"}],"curies":[{"name":"wp","href":"https:\/\/api.w.org\/{rel}","templated":true}]}}