
{"id":60667,"date":"2023-09-13T15:18:03","date_gmt":"2023-09-13T13:18:03","guid":{"rendered":"https:\/\/stonehouse.se\/?post_type=product&#038;p=60667"},"modified":"2026-04-08T16:41:59","modified_gmt":"2026-04-08T14:41:59","slug":"kontrolljournal-sbf1108","status":"publish","type":"product","link":"https:\/\/stonehouse.se\/en\/product\/kontrolljournal-sbf1108\/","title":{"rendered":"KONTROLLJOURNAL SBF110:8"},"content":{"rendered":"<p>I kontrolljournalen noterar anl\u00e4ggningssk\u00f6tare, anl\u00e4ggarfirma, servicefirma och besiktningsfirma olika kontroller\/h\u00e4ndelser som sker i brandlarmanl\u00e4ggningen.<\/p>","protected":false},"excerpt":{"rendered":"<section class=\"fd-sektion-ramad\">\n<div class=\"produkt-artikeltext\">Kontrolljournal f\u00f6r brandlarmsystem enligt regelverket SBF110:8<\/div>\n<\/section>","protected":false},"featured_media":82075,"template":"","meta":{"_acf_changed":false},"product_brand":[],"product_cat":[2296],"product_tag":[],"class_list":{"0":"post-60667","1":"product","2":"type-product","3":"status-publish","4":"has-post-thumbnail","6":"product_cat-kontrolljournal-brand","7":"product_shipping_class-postnord-varubrev","8":"tm-no-options","10":"first","11":"instock","12":"sale","13":"taxable","14":"shipping-taxable","15":"product-type-simple"},"acf":[],"_links":{"self":[{"href":"https:\/\/stonehouse.se\/en\/wp-json\/wp\/v2\/product\/60667","targetHints":{"allow":["GET"]}}],"collection":[{"href":"https:\/\/stonehouse.se\/en\/wp-json\/wp\/v2\/product"}],"about":[{"href":"https:\/\/stonehouse.se\/en\/wp-json\/wp\/v2\/types\/product"}],"wp:featuredmedia":[{"embeddable":true,"href":"https:\/\/stonehouse.se\/en\/wp-json\/wp\/v2\/media\/82075"}],"wp:attachment":[{"href":"https:\/\/stonehouse.se\/en\/wp-json\/wp\/v2\/media?parent=60667"}],"wp:term":[{"taxonomy":"product_brand","embeddable":true,"href":"https:\/\/stonehouse.se\/en\/wp-json\/wp\/v2\/product_brand?post=60667"},{"taxonomy":"product_cat","embeddable":true,"href":"https:\/\/stonehouse.se\/en\/wp-json\/wp\/v2\/product_cat?post=60667"},{"taxonomy":"product_tag","embeddable":true,"href":"https:\/\/stonehouse.se\/en\/wp-json\/wp\/v2\/product_tag?post=60667"}],"curies":[{"name":"wp","href":"https:\/\/api.w.org\/{rel}","templated":true}]}}