
{"id":60669,"date":"2023-09-13T15:18:29","date_gmt":"2023-09-13T13:18:29","guid":{"rendered":"https:\/\/stonehouse.se\/?post_type=product&#038;p=60669"},"modified":"2026-04-08T16:44:22","modified_gmt":"2026-04-08T14:44:22","slug":"kontrolljournal-sakerhet","status":"publish","type":"product","link":"https:\/\/stonehouse.se\/en\/product\/kontrolljournal-sakerhet\/","title":{"rendered":"KONTROLLJOURNAL S\u00c4KERHET"},"content":{"rendered":"<p>Kontrolljournal kr\u00e4vs i de flesta s\u00e4kerhetsanl\u00e4ggningar. Kontrolljournalen ska inneh\u00e5lla uppgifter om anl\u00e4ggnings\u00e4gare, anl\u00e4ggningssk\u00f6tare, anl\u00e4ggar-firma mm. Andra uppgifter som typ av centralapparat, batterier, placeringar samt tidpunkt f\u00f6r drifts\u00e4ttning mm ska ocks\u00e5 finnas med. Utdrag ur Svenska St\u00f6ldskyddsf\u00f6reningens regler SSF 130 Bilaga A och B samt Larmlagen SFS nr: 1983:1097 \u00e4r inf\u00f6rda. H\u00e4r regleras skyldigheter och r\u00e4ttigheter f\u00f6r anl\u00e4ggnings\u00e4garen. Under anl\u00e4ggningens livstid ska sedan alla h\u00e4ndelser som provning, utl\u00f6sta larm, fr\u00e5nkopplingar, felsignaler, service, besiktningar mm antecknas. Kontrolljournalen ska f\u00f6rvaras i eller invid centralutrustningen.<\/p>","protected":false},"excerpt":{"rendered":"<p>Kontrolljournalen ska inneh\u00e5lla uppgifter om anl\u00e4ggnings\u00e4gare, anl\u00e4ggningssk\u00f6tare, anl\u00e4ggar-firma mm<\/p>","protected":false},"featured_media":81962,"template":"","meta":{"_acf_changed":false},"product_brand":[],"product_cat":[592],"product_tag":[],"class_list":{"0":"post-60669","1":"product","2":"type-product","3":"status-publish","4":"has-post-thumbnail","6":"product_cat-dokumentskap","7":"product_shipping_class-postnord-varubrev","8":"tm-no-options","10":"first","11":"instock","12":"sale","13":"taxable","14":"shipping-taxable","15":"product-type-simple"},"acf":[],"_links":{"self":[{"href":"https:\/\/stonehouse.se\/en\/wp-json\/wp\/v2\/product\/60669","targetHints":{"allow":["GET"]}}],"collection":[{"href":"https:\/\/stonehouse.se\/en\/wp-json\/wp\/v2\/product"}],"about":[{"href":"https:\/\/stonehouse.se\/en\/wp-json\/wp\/v2\/types\/product"}],"wp:featuredmedia":[{"embeddable":true,"href":"https:\/\/stonehouse.se\/en\/wp-json\/wp\/v2\/media\/81962"}],"wp:attachment":[{"href":"https:\/\/stonehouse.se\/en\/wp-json\/wp\/v2\/media?parent=60669"}],"wp:term":[{"taxonomy":"product_brand","embeddable":true,"href":"https:\/\/stonehouse.se\/en\/wp-json\/wp\/v2\/product_brand?post=60669"},{"taxonomy":"product_cat","embeddable":true,"href":"https:\/\/stonehouse.se\/en\/wp-json\/wp\/v2\/product_cat?post=60669"},{"taxonomy":"product_tag","embeddable":true,"href":"https:\/\/stonehouse.se\/en\/wp-json\/wp\/v2\/product_tag?post=60669"}],"curies":[{"name":"wp","href":"https:\/\/api.w.org\/{rel}","templated":true}]}}