
{"id":60674,"date":"2023-09-13T15:37:45","date_gmt":"2023-09-13T13:37:45","guid":{"rendered":"https:\/\/stonehouse.se\/?post_type=product&#038;p=60674"},"modified":"2026-04-01T16:56:33","modified_gmt":"2026-04-01T14:56:33","slug":"or-skap-a3-svart","status":"publish","type":"product","link":"https:\/\/stonehouse.se\/en\/product\/or-skap-a3-svart\/","title":{"rendered":"OR-Sk\u00e5p A3 Brandlarm Svart"},"content":{"rendered":"<h1>OR-Sk\u00e5p A3 Brandlarm Svart<\/h1>\n<p>Dokumentsk\u00e5p f\u00f6r orienterings- och service-ritningar f\u00f6r brandlarmsanl\u00e4ggningar.<br \/>\nLuckan \u00f6ppnas med brandk\u00e5rsnyckel.<\/p>\n<p>OR-3-SVART har f\u00f6rst\u00e4rkt lock f\u00f6r att kan anv\u00e4ndas som bord f\u00f6r laptop eller ritningar.<br \/>\nOR-3 &#8211; ASSA \u00e4r med \u00f6ppen baksida f\u00f6r att kunna monteras \u00f6ver larmknappar mm.<\/p>\n<p>Sk\u00e5pen \u00e4r tillverkade i st\u00e5lpl\u00e5t och i f\u00e4rger enligt tabell nedan.<\/p>\n<p><img decoding=\"async\" class=\"alignnone size-full wp-image-123513183\" src=\"https:\/\/securityonline.se\/wp-content\/uploads\/2023\/09\/Swanson-Or-skap.jpg\" alt=\"\" width=\"618\" height=\"292\" title=\"\"><\/p>","protected":false},"excerpt":{"rendered":"<p><span data-teams=\"true\">Dessa sk\u00e5p levereras utan nyckel och om den beh\u00f6vs s\u00e5 k\u00f6per du den separat.<\/span><\/p>","protected":false},"featured_media":82157,"template":"","meta":{"_acf_changed":false},"product_brand":[],"product_cat":[2298],"product_tag":[],"class_list":{"0":"post-60674","1":"product","2":"type-product","3":"status-publish","4":"has-post-thumbnail","6":"product_cat-or-skap-brand","7":"product_shipping_class-tunga-paket","8":"pa_brands-swansons","9":"tm-no-options","11":"first","12":"instock","13":"sale","14":"taxable","15":"shipping-taxable","16":"product-type-simple"},"acf":[],"_links":{"self":[{"href":"https:\/\/stonehouse.se\/en\/wp-json\/wp\/v2\/product\/60674","targetHints":{"allow":["GET"]}}],"collection":[{"href":"https:\/\/stonehouse.se\/en\/wp-json\/wp\/v2\/product"}],"about":[{"href":"https:\/\/stonehouse.se\/en\/wp-json\/wp\/v2\/types\/product"}],"wp:featuredmedia":[{"embeddable":true,"href":"https:\/\/stonehouse.se\/en\/wp-json\/wp\/v2\/media\/82157"}],"wp:attachment":[{"href":"https:\/\/stonehouse.se\/en\/wp-json\/wp\/v2\/media?parent=60674"}],"wp:term":[{"taxonomy":"product_brand","embeddable":true,"href":"https:\/\/stonehouse.se\/en\/wp-json\/wp\/v2\/product_brand?post=60674"},{"taxonomy":"product_cat","embeddable":true,"href":"https:\/\/stonehouse.se\/en\/wp-json\/wp\/v2\/product_cat?post=60674"},{"taxonomy":"product_tag","embeddable":true,"href":"https:\/\/stonehouse.se\/en\/wp-json\/wp\/v2\/product_tag?post=60674"}],"curies":[{"name":"wp","href":"https:\/\/api.w.org\/{rel}","templated":true}]}}