
{"id":60676,"date":"2023-09-13T15:36:52","date_gmt":"2023-09-13T13:36:52","guid":{"rendered":"https:\/\/stonehouse.se\/?post_type=product&#038;p=60676"},"modified":"2026-04-08T16:41:31","modified_gmt":"2026-04-08T14:41:31","slug":"or-skap-med-plats-for-bft","status":"publish","type":"product","link":"https:\/\/stonehouse.se\/en\/product\/or-skap-med-plats-for-bft\/","title":{"rendered":"OR-SK\u00c5P MED PLATS F\u00d6R BFT"},"content":{"rendered":"<p>Sk\u00e5p med plats f\u00f6r BFT och orienteringsritningar i A4 p\u00e4rm. Luckan \u00e4r f\u00f6rdsedd med plexiglasf\u00f6nster och brandk\u00e5rsl\u00e5s som \u00f6ppnas med brandk\u00e5rsnyckel. Nockouts f\u00f6r genomf\u00f6ringar upp\u00e5t. M\u00e5tt (HxBxD): 465x360x115 mm. Vikt: 4,2 kg. F\u00e4rg: Antracitgr\u00e5 RAL 7016.<\/p>\n<p>&nbsp;<\/p>","protected":false},"excerpt":{"rendered":"<p><span data-teams=\"true\">Dessa sk\u00e5p levereras utan nyckel och om den beh\u00f6vs s\u00e5 k\u00f6per du den separat.<\/span><\/p>","protected":false},"featured_media":82432,"template":"","meta":{"_acf_changed":false},"product_brand":[],"product_cat":[2298],"product_tag":[],"class_list":{"0":"post-60676","1":"product","2":"type-product","3":"status-publish","4":"has-post-thumbnail","6":"product_cat-or-skap-brand","7":"product_shipping_class-tunga-paket","8":"pa_brands-swansons","9":"tm-no-options","11":"first","12":"instock","13":"sale","14":"taxable","15":"shipping-taxable","16":"product-type-simple"},"acf":[],"_links":{"self":[{"href":"https:\/\/stonehouse.se\/en\/wp-json\/wp\/v2\/product\/60676","targetHints":{"allow":["GET"]}}],"collection":[{"href":"https:\/\/stonehouse.se\/en\/wp-json\/wp\/v2\/product"}],"about":[{"href":"https:\/\/stonehouse.se\/en\/wp-json\/wp\/v2\/types\/product"}],"wp:featuredmedia":[{"embeddable":true,"href":"https:\/\/stonehouse.se\/en\/wp-json\/wp\/v2\/media\/82432"}],"wp:attachment":[{"href":"https:\/\/stonehouse.se\/en\/wp-json\/wp\/v2\/media?parent=60676"}],"wp:term":[{"taxonomy":"product_brand","embeddable":true,"href":"https:\/\/stonehouse.se\/en\/wp-json\/wp\/v2\/product_brand?post=60676"},{"taxonomy":"product_cat","embeddable":true,"href":"https:\/\/stonehouse.se\/en\/wp-json\/wp\/v2\/product_cat?post=60676"},{"taxonomy":"product_tag","embeddable":true,"href":"https:\/\/stonehouse.se\/en\/wp-json\/wp\/v2\/product_tag?post=60676"}],"curies":[{"name":"wp","href":"https:\/\/api.w.org\/{rel}","templated":true}]}}