
{"id":60680,"date":"2023-09-13T15:35:42","date_gmt":"2023-09-13T13:35:42","guid":{"rendered":"https:\/\/stonehouse.se\/?post_type=product&#038;p=60680"},"modified":"2026-04-09T13:56:19","modified_gmt":"2026-04-09T11:56:19","slug":"bomnyckel-brandkarsnyckel-enligt-ss3654","status":"publish","type":"product","link":"https:\/\/stonehouse.se\/en\/product\/bomnyckel-brandkarsnyckel-enligt-ss3654\/","title":{"rendered":"Bomnyckel 205 &#8211; Brandk\u00e5rsnyckel"},"content":{"rendered":"<p>Bomnyckel Aledal 205 f\u00f6r bommar i m\u00e4ssing.<\/p>\n<p>Nytillverkade Aledal \u00e4mnet nr 205 \u00e4ven kallad Sverige nyckel, bomnyckel eller brandk\u00e5rsnyckel.<\/p>\n<p>Passar Abus 465\/50 (art.nr: 7110540), Notifier NFS, UTC 1X brandlarmscentraler, brandsk\u00e5p samt bommar in till bostadsomr\u00e5den med mera.<\/p>","protected":false},"excerpt":{"rendered":"<div class=\"description\">\n<p>Bomnyckel till bommar in i bostadsomr\u00e5den.<\/p>\n<\/div>\n<p>Nytillverkade. Aledal \u00e4mnet nr 205 \u00e4ven kallad Sverige nyckel, bomnyckel eller brandk\u00e5rsnyckel. Nyckel enligt svensk standard SS3654<\/p>","protected":false},"featured_media":93101,"template":"","meta":{"_acf_changed":false},"product_brand":[],"product_cat":[2298],"product_tag":[],"class_list":{"0":"post-60680","1":"product","2":"type-product","3":"status-publish","4":"has-post-thumbnail","6":"product_cat-or-skap-brand","7":"product_shipping_class-postnord-varubrev","8":"pa_brands-secureus","9":"tm-no-options","11":"first","12":"instock","13":"sale","14":"taxable","15":"shipping-taxable","16":"product-type-simple"},"acf":[],"_links":{"self":[{"href":"https:\/\/stonehouse.se\/en\/wp-json\/wp\/v2\/product\/60680","targetHints":{"allow":["GET"]}}],"collection":[{"href":"https:\/\/stonehouse.se\/en\/wp-json\/wp\/v2\/product"}],"about":[{"href":"https:\/\/stonehouse.se\/en\/wp-json\/wp\/v2\/types\/product"}],"wp:featuredmedia":[{"embeddable":true,"href":"https:\/\/stonehouse.se\/en\/wp-json\/wp\/v2\/media\/93101"}],"wp:attachment":[{"href":"https:\/\/stonehouse.se\/en\/wp-json\/wp\/v2\/media?parent=60680"}],"wp:term":[{"taxonomy":"product_brand","embeddable":true,"href":"https:\/\/stonehouse.se\/en\/wp-json\/wp\/v2\/product_brand?post=60680"},{"taxonomy":"product_cat","embeddable":true,"href":"https:\/\/stonehouse.se\/en\/wp-json\/wp\/v2\/product_cat?post=60680"},{"taxonomy":"product_tag","embeddable":true,"href":"https:\/\/stonehouse.se\/en\/wp-json\/wp\/v2\/product_tag?post=60680"}],"curies":[{"name":"wp","href":"https:\/\/api.w.org\/{rel}","templated":true}]}}