
{"id":60692,"date":"2023-09-12T12:16:40","date_gmt":"2023-09-12T10:16:40","guid":{"rendered":"https:\/\/stonehouse.se\/produkt\/karmoverforing-acm-401b\/"},"modified":"2025-12-31T20:48:56","modified_gmt":"2025-12-31T19:48:56","slug":"karmoverforing-acm-401b","status":"publish","type":"product","link":"https:\/\/stonehouse.se\/en\/product\/karmoverforing-acm-401b\/","title":{"rendered":"Karm\u00f6verf\u00f6ring med extra stark inf\u00e4stning"},"content":{"rendered":"<div>\n<p id=\"tw-target-text\" class=\"tw-data-text tw-text-large tw-ta\" dir=\"ltr\" data-placeholder=\"Translation\"><span class=\"Y2IQFc\" lang=\"sv\">Karm\u00f6verf\u00f6ring med st\u00f6rre inf\u00e4stningar f\u00f6r bra h\u00e5llbarhet. <\/span><\/p>\n<p class=\"tw-data-text tw-text-large tw-ta\" dir=\"ltr\" data-placeholder=\"Translation\"><span class=\"Y2IQFc\" lang=\"sv\">L\u00e4ngd: 468 mm<\/span><\/p>\n<p class=\"tw-data-text tw-text-large tw-ta\" dir=\"ltr\" data-placeholder=\"Translation\"><span class=\"Y2IQFc\" lang=\"sv\"> Ytterdiameter: mm<\/span><\/p>\n<p>Innerdiameter: mm<\/p>\n<p class=\"tw-data-text tw-text-large tw-ta\" dir=\"ltr\" data-placeholder=\"Translation\"><span class=\"Y2IQFc\" lang=\"sv\">Material: rostfritt st\u00e5l<\/span><\/p>\n<\/div>","protected":false},"excerpt":{"rendered":"<p>Karm\u00f6verf\u00f6ring med st\u00f6rre inf\u00e4stningar f\u00f6r bra h\u00e5llbarhet. L\u00e4ngd: 468 mm Ytterdiameter: mm Innerdiameter: mm Material: rostfritt st\u00e5l<\/p>","protected":false},"featured_media":82079,"template":"","meta":{"_acf_changed":false},"product_brand":[],"product_cat":[469],"product_tag":[2304],"class_list":{"0":"post-60692","1":"product","2":"type-product","3":"status-publish","4":"has-post-thumbnail","6":"product_cat-kabeloverforing","7":"product_tag-stonehouse-produkt","8":"product_shipping_class-tunga-paket","9":"pa_brands-stonehouse-security","10":"tm-no-options","12":"first","13":"instock","14":"sale","15":"featured","16":"taxable","17":"shipping-taxable","18":"product-type-simple"},"acf":[],"_links":{"self":[{"href":"https:\/\/stonehouse.se\/en\/wp-json\/wp\/v2\/product\/60692","targetHints":{"allow":["GET"]}}],"collection":[{"href":"https:\/\/stonehouse.se\/en\/wp-json\/wp\/v2\/product"}],"about":[{"href":"https:\/\/stonehouse.se\/en\/wp-json\/wp\/v2\/types\/product"}],"wp:featuredmedia":[{"embeddable":true,"href":"https:\/\/stonehouse.se\/en\/wp-json\/wp\/v2\/media\/82079"}],"wp:attachment":[{"href":"https:\/\/stonehouse.se\/en\/wp-json\/wp\/v2\/media?parent=60692"}],"wp:term":[{"taxonomy":"product_brand","embeddable":true,"href":"https:\/\/stonehouse.se\/en\/wp-json\/wp\/v2\/product_brand?post=60692"},{"taxonomy":"product_cat","embeddable":true,"href":"https:\/\/stonehouse.se\/en\/wp-json\/wp\/v2\/product_cat?post=60692"},{"taxonomy":"product_tag","embeddable":true,"href":"https:\/\/stonehouse.se\/en\/wp-json\/wp\/v2\/product_tag?post=60692"}],"curies":[{"name":"wp","href":"https:\/\/api.w.org\/{rel}","templated":true}]}}