
{"id":60696,"date":"2023-09-12T12:16:50","date_gmt":"2023-09-12T10:16:50","guid":{"rendered":"https:\/\/stonehouse.se\/produkt\/electromagnetic-door-suction-acm-md605\/"},"modified":"2026-04-07T12:55:48","modified_gmt":"2026-04-07T10:55:48","slug":"electromagnetic-door-suction-acm-md605","status":"publish","type":"product","link":"https:\/\/stonehouse.se\/en\/product\/electromagnetic-door-suction-acm-md605\/","title":{"rendered":"D\u00f6rrh\u00e5llarmagnet v\u00e4ggmontage &#8211; frist\u00e4llande knapp ink v\u00e4ggankare"},"content":{"rendered":"<p>Tekniska parametrar:<\/p>\n<p>Ing\u00e5ngssp\u00e4nning: DC12V\/24V (valfritt)<\/p>\n<p>Arbetsstr\u00f6m: DC12V\/170mA eller DC24V\/85 mA<\/p>\n<p>H\u00e5llkraft: 60 kg <\/p>\n<p>Dragkraft i rak linje Drifttemperatur: 0 ~ 55 \u2103<\/p>\n<p>Driftfuktighet:0~95%<\/p>\n<p>Vikt: 1 kg Funktioner:<\/p>\n<p>Dubbel sp\u00e4nning: DC12V\/24V (tillval)<\/p>\n<p>N\u00f6d\u00f6ppningsknapp eller testknapp<\/p>\n<p>V\u00e4ggmonterad<\/p>\n<p>L\u00e5geffektdesign<\/p>\n<p>Fail Safe Security Settings<\/p>\n<p>H\u00e5llbar drift<\/p>","protected":false},"excerpt":{"rendered":"<p>Tekniska parametrar: Ing\u00e5ngssp\u00e4nning: DC12V\/24V (valfritt) Arbetsstr\u00f6m: DC12V\/170mA eller DC24V\/85 mA H\u00e5llkraft: 60 kg Dragkraft i rak linje Drifttemperatur: 0 ~<\/p>","protected":false},"featured_media":82444,"template":"","meta":{"_acf_changed":false},"product_brand":[],"product_cat":[480],"product_tag":[2304],"class_list":{"0":"post-60696","1":"product","2":"type-product","3":"status-publish","4":"has-post-thumbnail","6":"product_cat-branddorrstangning","7":"product_tag-stonehouse-produkt","8":"product_shipping_class-tunga-paket","9":"pa_brands-stonehouse-security","10":"tm-no-options","12":"first","13":"outofstock","14":"sale","15":"featured","16":"taxable","17":"shipping-taxable","18":"product-type-simple"},"acf":[],"_links":{"self":[{"href":"https:\/\/stonehouse.se\/en\/wp-json\/wp\/v2\/product\/60696","targetHints":{"allow":["GET"]}}],"collection":[{"href":"https:\/\/stonehouse.se\/en\/wp-json\/wp\/v2\/product"}],"about":[{"href":"https:\/\/stonehouse.se\/en\/wp-json\/wp\/v2\/types\/product"}],"wp:featuredmedia":[{"embeddable":true,"href":"https:\/\/stonehouse.se\/en\/wp-json\/wp\/v2\/media\/82444"}],"wp:attachment":[{"href":"https:\/\/stonehouse.se\/en\/wp-json\/wp\/v2\/media?parent=60696"}],"wp:term":[{"taxonomy":"product_brand","embeddable":true,"href":"https:\/\/stonehouse.se\/en\/wp-json\/wp\/v2\/product_brand?post=60696"},{"taxonomy":"product_cat","embeddable":true,"href":"https:\/\/stonehouse.se\/en\/wp-json\/wp\/v2\/product_cat?post=60696"},{"taxonomy":"product_tag","embeddable":true,"href":"https:\/\/stonehouse.se\/en\/wp-json\/wp\/v2\/product_tag?post=60696"}],"curies":[{"name":"wp","href":"https:\/\/api.w.org\/{rel}","templated":true}]}}