
{"id":60719,"date":"2023-09-14T16:07:11","date_gmt":"2023-09-14T14:07:11","guid":{"rendered":"https:\/\/stonehouse.se\/produkt\/nodoppnare-typ-p\/"},"modified":"2025-12-31T20:51:32","modified_gmt":"2025-12-31T19:51:32","slug":"nodoppnare-typ-p","status":"publish","type":"product","link":"https:\/\/stonehouse.se\/en\/product\/nodoppnare-typ-p\/","title":{"rendered":"N\u00f6d\u00f6ppnare Typ P"},"content":{"rendered":"<p>N\u00f6d\u00f6ppnare typ P skall monteras p\u00e5 befintliga cylinderl\u00e5s som till exempel Assa 560. Regeln \u00e4r v\u00e4ndbar, s\u00e5 h\u00f6ger\u2013 eller v\u00e4nsterh\u00e4ngd d\u00f6rr beh\u00f6ver inte anges vid best\u00e4llning. Den \u00e4r testad och godk\u00e4nd enligt SS 3523:2022.<\/p>\n<p><strong>Passar f\u00f6ljande l\u00e5styper:<\/strong><\/p>\n<p>Assa: 560, 562, 564, 1560, 5584, 6580, 8561, 8562.<br \/>\nAbloy: 4180, 8180, 456, EL582.<br \/>\nBoda: 4235.<br \/>\nTrio-Ving: 5122, 5132, 5133.<br \/>\nFasl\u00e5s: Fas 981 ange h\u00f6ger- eller v\u00e4nsterh\u00e4ngd d\u00f6rr.<br \/>\nSmalprofill\u00e5s: Assa 1361, 1362, 1380, 1385.<\/p>","protected":false},"excerpt":{"rendered":"<p>N\u00f6d\u00f6ppnare typ P skall monteras p\u00e5 befintliga cylinderl\u00e5s som till exempel Assa 560. Regeln \u00e4r v\u00e4ndbar, s\u00e5 h\u00f6ger\u2013 eller v\u00e4nsterh\u00e4ngd<\/p>","protected":false},"featured_media":82413,"template":"","meta":{"_acf_changed":false},"product_brand":[],"product_cat":[2302],"product_tag":[1689],"class_list":{"0":"post-60719","1":"product","2":"type-product","3":"status-publish","4":"has-post-thumbnail","6":"product_cat-nodoppnare-panikregel","7":"product_tag-soderhamn","8":"product_shipping_class-tunga-paket","9":"pa_brands-soderhamn-innovation","10":"tm-no-options","12":"first","13":"instock","14":"sale","15":"featured","16":"taxable","17":"shipping-taxable","18":"product-type-simple"},"acf":[],"_links":{"self":[{"href":"https:\/\/stonehouse.se\/en\/wp-json\/wp\/v2\/product\/60719","targetHints":{"allow":["GET"]}}],"collection":[{"href":"https:\/\/stonehouse.se\/en\/wp-json\/wp\/v2\/product"}],"about":[{"href":"https:\/\/stonehouse.se\/en\/wp-json\/wp\/v2\/types\/product"}],"wp:featuredmedia":[{"embeddable":true,"href":"https:\/\/stonehouse.se\/en\/wp-json\/wp\/v2\/media\/82413"}],"wp:attachment":[{"href":"https:\/\/stonehouse.se\/en\/wp-json\/wp\/v2\/media?parent=60719"}],"wp:term":[{"taxonomy":"product_brand","embeddable":true,"href":"https:\/\/stonehouse.se\/en\/wp-json\/wp\/v2\/product_brand?post=60719"},{"taxonomy":"product_cat","embeddable":true,"href":"https:\/\/stonehouse.se\/en\/wp-json\/wp\/v2\/product_cat?post=60719"},{"taxonomy":"product_tag","embeddable":true,"href":"https:\/\/stonehouse.se\/en\/wp-json\/wp\/v2\/product_tag?post=60719"}],"curies":[{"name":"wp","href":"https:\/\/api.w.org\/{rel}","templated":true}]}}