
{"id":60723,"date":"2023-09-14T16:30:27","date_gmt":"2023-09-14T14:30:27","guid":{"rendered":"https:\/\/stonehouse.se\/produkt\/nodoppnare-typ-fix-285-hogerhangd\/"},"modified":"2025-12-31T20:48:08","modified_gmt":"2025-12-31T19:48:08","slug":"nodoppnare-typ-fix-285-hogerhangd","status":"publish","type":"product","link":"https:\/\/stonehouse.se\/en\/product\/nodoppnare-typ-fix-285-hogerhangd\/","title":{"rendered":"N\u00f6d\u00f6ppnare typ Fix-285 H\u00f6gerh\u00e4ngd"},"content":{"rendered":"<p>N\u00f6d\u00f6ppnaren monteras p\u00e5 en befintlig Fix 285 spanjolett. Obs passar endast p\u00e5 Fix 285, ej Fix 280. Vid best\u00e4llning s\u00e5 m\u00e5ste h\u00f6ger\u2013 eller v\u00e4nsterh\u00e4ngd d\u00f6rr anges.<\/p>\n<p><strong>Passar f\u00f6ljande l\u00e5styper:<\/strong><\/p>\n<p>Endast Fix 285, ange\u00a0 h\u00f6gerh\u00e4ngd d\u00f6rr.<\/p>","protected":false},"excerpt":{"rendered":"<p>N\u00f6d\u00f6ppnaren monteras p\u00e5 en befintlig Fix 285 spanjolett. Obs passar endast p\u00e5 Fix 285, ej Fix 280. Vid best\u00e4llning s\u00e5<\/p>","protected":false},"featured_media":81866,"template":"","meta":{"_acf_changed":false},"product_brand":[],"product_cat":[2302],"product_tag":[1689],"class_list":{"0":"post-60723","1":"product","2":"type-product","3":"status-publish","4":"has-post-thumbnail","6":"product_cat-nodoppnare-panikregel","7":"product_tag-soderhamn","8":"product_shipping_class-tunga-paket","9":"pa_brands-soderhamn-innovation","10":"tm-no-options","12":"first","13":"instock","14":"sale","15":"featured","16":"taxable","17":"shipping-taxable","18":"product-type-simple"},"acf":[],"_links":{"self":[{"href":"https:\/\/stonehouse.se\/en\/wp-json\/wp\/v2\/product\/60723","targetHints":{"allow":["GET"]}}],"collection":[{"href":"https:\/\/stonehouse.se\/en\/wp-json\/wp\/v2\/product"}],"about":[{"href":"https:\/\/stonehouse.se\/en\/wp-json\/wp\/v2\/types\/product"}],"wp:featuredmedia":[{"embeddable":true,"href":"https:\/\/stonehouse.se\/en\/wp-json\/wp\/v2\/media\/81866"}],"wp:attachment":[{"href":"https:\/\/stonehouse.se\/en\/wp-json\/wp\/v2\/media?parent=60723"}],"wp:term":[{"taxonomy":"product_brand","embeddable":true,"href":"https:\/\/stonehouse.se\/en\/wp-json\/wp\/v2\/product_brand?post=60723"},{"taxonomy":"product_cat","embeddable":true,"href":"https:\/\/stonehouse.se\/en\/wp-json\/wp\/v2\/product_cat?post=60723"},{"taxonomy":"product_tag","embeddable":true,"href":"https:\/\/stonehouse.se\/en\/wp-json\/wp\/v2\/product_tag?post=60723"}],"curies":[{"name":"wp","href":"https:\/\/api.w.org\/{rel}","templated":true}]}}