
{"id":60726,"date":"2023-09-14T16:19:13","date_gmt":"2023-09-14T14:19:13","guid":{"rendered":"https:\/\/stonehouse.se\/produkt\/nodoppnare-typ-p-t\/"},"modified":"2025-12-31T20:51:51","modified_gmt":"2025-12-31T19:51:51","slug":"nodoppnare-typ-p-t","status":"publish","type":"product","link":"https:\/\/stonehouse.se\/en\/product\/nodoppnare-typ-p-t\/","title":{"rendered":"N\u00f6d\u00f6ppnare Typ P + T"},"content":{"rendered":"<p><strong>Passar f\u00f6ljande l\u00e5styper:<\/strong><\/p>\n<p>Assa 565, 1565.<br \/>\nAssa connect 222.<br \/>\nSafetron 6200 och 6600, skall anges att det \u00e4r till 6200 eller 6600 vid best\u00e4llning.<br \/>\nStep 550 motorl\u00e5s, skall anges att det \u00e4r till detta l\u00e5s vid best\u00e4llning.<\/p>","protected":false},"excerpt":{"rendered":"<p>Passar f\u00f6ljande l\u00e5styper: Assa 565, 1565. Assa connect 222. Safetron 6200 och 6600, skall anges att det \u00e4r till 6200<\/p>","protected":false},"featured_media":82045,"template":"","meta":{"_acf_changed":false},"product_brand":[],"product_cat":[2302],"product_tag":[1689],"class_list":{"0":"post-60726","1":"product","2":"type-product","3":"status-publish","4":"has-post-thumbnail","6":"product_cat-nodoppnare-panikregel","7":"product_tag-soderhamn","8":"product_shipping_class-tunga-paket","9":"pa_brands-soderhamn-innovation","10":"tm-no-options","12":"first","13":"instock","14":"sale","15":"taxable","16":"shipping-taxable","17":"product-type-simple"},"acf":[],"_links":{"self":[{"href":"https:\/\/stonehouse.se\/en\/wp-json\/wp\/v2\/product\/60726","targetHints":{"allow":["GET"]}}],"collection":[{"href":"https:\/\/stonehouse.se\/en\/wp-json\/wp\/v2\/product"}],"about":[{"href":"https:\/\/stonehouse.se\/en\/wp-json\/wp\/v2\/types\/product"}],"wp:featuredmedia":[{"embeddable":true,"href":"https:\/\/stonehouse.se\/en\/wp-json\/wp\/v2\/media\/82045"}],"wp:attachment":[{"href":"https:\/\/stonehouse.se\/en\/wp-json\/wp\/v2\/media?parent=60726"}],"wp:term":[{"taxonomy":"product_brand","embeddable":true,"href":"https:\/\/stonehouse.se\/en\/wp-json\/wp\/v2\/product_brand?post=60726"},{"taxonomy":"product_cat","embeddable":true,"href":"https:\/\/stonehouse.se\/en\/wp-json\/wp\/v2\/product_cat?post=60726"},{"taxonomy":"product_tag","embeddable":true,"href":"https:\/\/stonehouse.se\/en\/wp-json\/wp\/v2\/product_tag?post=60726"}],"curies":[{"name":"wp","href":"https:\/\/api.w.org\/{rel}","templated":true}]}}