
{"id":60728,"date":"2023-09-14T16:14:22","date_gmt":"2023-09-14T14:14:22","guid":{"rendered":"https:\/\/stonehouse.se\/produkt\/nodoppnare-typ-t-for-splitspindl-las\/"},"modified":"2025-12-31T20:51:43","modified_gmt":"2025-12-31T19:51:43","slug":"nodoppnare-typ-t-for-splitspindl-las","status":"publish","type":"product","link":"https:\/\/stonehouse.se\/en\/product\/nodoppnare-typ-t-for-splitspindl-las\/","title":{"rendered":"N\u00f6d\u00f6ppnare Typ T f\u00f6r Splitspindl l\u00e5s"},"content":{"rendered":"<p>Den h\u00e4r N\u00f6d\u00f6ppnaren \u00e4r anpassad f\u00f6r splitspndle l\u00e5s som t.ex. Abloy EL580 och Safetron SL520.<\/p>\n<p>Vid best\u00e4llning s\u00e5 ange vilken l\u00e5skista ni har.<\/p>\n<p><strong>Passar f\u00f6ljande l\u00e5styper:<\/strong><\/p>\n<p>Abloy EL 580.<br \/>\nSafetron SL 520, SL 620.<br \/>\nStep 110, Step 120.<\/p>","protected":false},"excerpt":{"rendered":"<p>Den h\u00e4r N\u00f6d\u00f6ppnaren \u00e4r anpassad f\u00f6r splitspndle l\u00e5s som t.ex. Abloy EL580 och Safetron SL520. Vid best\u00e4llning s\u00e5 ange vilken<\/p>","protected":false},"featured_media":82413,"template":"","meta":{"_acf_changed":false},"product_brand":[],"product_cat":[2302],"product_tag":[1689],"class_list":{"0":"post-60728","1":"product","2":"type-product","3":"status-publish","4":"has-post-thumbnail","6":"product_cat-nodoppnare-panikregel","7":"product_tag-soderhamn","8":"product_shipping_class-tunga-paket","9":"pa_brands-soderhamn-innovation","10":"tm-no-options","12":"first","13":"instock","14":"sale","15":"taxable","16":"shipping-taxable","17":"product-type-simple"},"acf":[],"_links":{"self":[{"href":"https:\/\/stonehouse.se\/en\/wp-json\/wp\/v2\/product\/60728","targetHints":{"allow":["GET"]}}],"collection":[{"href":"https:\/\/stonehouse.se\/en\/wp-json\/wp\/v2\/product"}],"about":[{"href":"https:\/\/stonehouse.se\/en\/wp-json\/wp\/v2\/types\/product"}],"wp:featuredmedia":[{"embeddable":true,"href":"https:\/\/stonehouse.se\/en\/wp-json\/wp\/v2\/media\/82413"}],"wp:attachment":[{"href":"https:\/\/stonehouse.se\/en\/wp-json\/wp\/v2\/media?parent=60728"}],"wp:term":[{"taxonomy":"product_brand","embeddable":true,"href":"https:\/\/stonehouse.se\/en\/wp-json\/wp\/v2\/product_brand?post=60728"},{"taxonomy":"product_cat","embeddable":true,"href":"https:\/\/stonehouse.se\/en\/wp-json\/wp\/v2\/product_cat?post=60728"},{"taxonomy":"product_tag","embeddable":true,"href":"https:\/\/stonehouse.se\/en\/wp-json\/wp\/v2\/product_tag?post=60728"}],"curies":[{"name":"wp","href":"https:\/\/api.w.org\/{rel}","templated":true}]}}